{"id":614,"date":"2019-04-25T13:23:05","date_gmt":"2019-04-25T13:23:05","guid":{"rendered":"https:\/\/maritiem.mediasoep.nl\/?page_id=614"},"modified":"2019-04-25T13:23:06","modified_gmt":"2019-04-25T13:23:06","slug":"haftungsausschluss","status":"publish","type":"page","link":"https:\/\/zeilmakerijdevriesmaritiem.nl\/de\/disclaimer\/","title":{"rendered":"Haftungsausschluss"},"content":{"rendered":"<div class=\"wp-block-cover has-background-dim\"><div class=\"wp-block-cover__inner-container\"><\/div><\/div>\n\n\n<div id=\"block_5cc1b47739bb8\" class=\"ms_breadcrumbs\">\n            <style>@media screen and (max-width: 39.9375em){#block_5cc1b47739bb8{margin-bottom:1rem;padding-top:2.5rem;padding-bottom:2.5rem;}}@media screen and (min-width: 40em) and (max-width: 63.9375em){#block_5cc1b47739bb8{margin-bottom:1rem;padding-top:2.5rem;padding-bottom:2.5rem;}}@media screen and (min-width: 64em){#block_5cc1b47739bb8{margin-bottom:1rem;padding-top:2.5rem;padding-bottom:2.5rem;}}<\/style>\n        <div class=\"container\">\n        <ul id=\"breadcrumbs\" class=\"breadcrumbs\" itemscope itemtype=\"http:\/\/schema.org\/BreadcrumbList\"><li itemprop=\"itemListElement\" itemscope itemtype=\"http:\/\/schema.org\/ListItem\"><a class=\"breadcrumbs__link\" href=\"https:\/\/zeilmakerijdevriesmaritiem.nl\/de\/\" itemprop=\"item\" title=\"Startseite\"><span itemprop=\"name\" style=\"display: none;\">Startseite<\/span>Startseite<\/a><meta itemprop=\"position\" content=\"1\" \/><\/li><\/ul><!-- .breadcrumbs -->\n    <\/div>\n<\/div>\n\n\n\n<div class=\"wp-block-columns has-2-columns\">\n<div class=\"wp-block-column is-one-third\"><\/div>\n\n\n\n<div class=\"wp-block-column is-two-thirds\">\n<h2 class=\"wp-block-heading\">Haftungsausschluss<\/h2>\n\n\n\n<h3 class=\"wp-block-heading\">Urheberrecht<\/h3>\n\n\n\n<p class=\"wp-block-paragraph\">Der Inhalt dieser Website, die Daten, Bilder, T\u00f6ne, Texte und Kombinationen davon sowie die Software sind urheber- und datenbankrechtlich gesch\u00fctzt. Diese Rechte stehen der Zeilmakerij de Vries Maritiem zu. Ohne vorherige schriftliche Genehmigung von Zeilmakerij de Vries Maritiem ist es nicht gestattet, diese Website oder Teile davon zu kopieren.<\/p>\n\n\n\n<h3 class=\"wp-block-heading\">Haftung<\/h3>\n\n\n\n<p class=\"wp-block-paragraph\">Trotz der st\u00e4ndigen Sorgfalt und Aufmerksamkeit, die der Zusammenstellung dieser Website und der darin enthaltenen Informationen gewidmet wird, kann Zeilmakerij de Vries Maritiem keine Garantie f\u00fcr die Vollst\u00e4ndigkeit, Richtigkeit oder st\u00e4ndige Aktualit\u00e4t der Informationen \u00fcbernehmen. Zeilmakerij de Vries Maritiem haftet nicht f\u00fcr direkte oder indirekte Sch\u00e4den gleich welcher Art, die sich aus der Nutzung der Website, der Zug\u00e4nglichkeit der Website oder der zur Verf\u00fcgung gestellten Software ergeben oder in irgendeiner Weise damit zusammenh\u00e4ngen.<\/p>\n\n\n\n<h3 class=\"wp-block-heading\">Referenzen und Hyperlinks<\/h3>\n\n\n\n<p class=\"wp-block-paragraph\">Verweise oder Hyperlinks zu anderen Websites werden nur zur Information des Nutzers bereitgestellt. Sailmakerij de Vries Maritiem \u00fcbernimmt daher keine Garantie f\u00fcr die Zug\u00e4nglichkeit und den Inhalt der betreffenden Websites und haftet in keiner Weise f\u00fcr das Funktionieren oder die Informationen auf diesen Websites.<\/p>\n<\/div>\n<\/div>","protected":false},"excerpt":{"rendered":"<p>Disclaimer Copyright Der Inhalt dieser Website, die Daten, Bilder, T\u00f6ne, Texte und Kombinationen davon sowie die Software sind durch Urheber- und Datenbankrechte gesch\u00fctzt. Diese Rechte stehen der Zeilmakerij de Vries Maritiem zu. Ohne die vorherige schriftliche Genehmigung von Zeilmakerij de Vries Maritiem ist es nicht gestattet, diese Website oder Teile davon zu kopieren....<\/p>","protected":false},"author":1,"featured_media":0,"parent":0,"menu_order":0,"comment_status":"closed","ping_status":"closed","template":"","meta":{"_acf_changed":false,"_joinchat":[],"footnotes":""},"smart_tag":[],"class_list":["post-614","page","type-page","status-publish","hentry","entry"],"acf":[],"yoast_head":"<!-- This site is optimized with the Yoast SEO plugin v27.1.1 - https:\/\/yoast.com\/product\/yoast-seo-wordpress\/ -->\n<title>Disclaimer - De Vries Maritiem<\/title>\n<meta name=\"robots\" content=\"index, follow, max-snippet:-1, max-image-preview:large, max-video-preview:-1\" \/>\n<link rel=\"canonical\" href=\"https:\/\/zeilmakerijdevriesmaritiem.nl\/de\/haftungsausschluss\/\" \/>\n<meta property=\"og:locale\" content=\"de_DE\" \/>\n<meta property=\"og:type\" content=\"article\" \/>\n<meta property=\"og:title\" content=\"Disclaimer - De Vries Maritiem\" \/>\n<meta property=\"og:description\" content=\"Dislaimer Copyright De inhoud van deze site, de daarin opgenomen gegevens, afbeeldingen, geluiden, teksten en combinaties daarvan en de programmatuur zijn beschermd door auteurs- en databankrechten. Deze rechten berusten bij Zeilmakerij de Vries Maritiem. Zonder schriftelijke voorafgaande toestemming van Zeilmakerij de Vries Maritiem is het niet toegestaan deze site of enig onderdeel daarvan te kopi\u00ebren....\" \/>\n<meta property=\"og:url\" content=\"https:\/\/zeilmakerijdevriesmaritiem.nl\/de\/haftungsausschluss\/\" \/>\n<meta property=\"og:site_name\" content=\"De Vries Maritiem\" \/>\n<meta property=\"article:modified_time\" content=\"2019-04-25T13:23:06+00:00\" \/>\n<meta name=\"twitter:card\" content=\"summary_large_image\" \/>\n<meta name=\"twitter:label1\" content=\"Gesch\u00e4tzte Lesezeit\" \/>\n\t<meta name=\"twitter:data1\" content=\"1\u00a0Minute\" \/>\n<script type=\"application\/ld+json\" class=\"yoast-schema-graph\">{\"@context\":\"https:\/\/schema.org\",\"@graph\":[{\"@type\":\"WebPage\",\"@id\":\"https:\/\/zeilmakerijdevriesmaritiem.nl\/disclaimer\/\",\"url\":\"https:\/\/zeilmakerijdevriesmaritiem.nl\/disclaimer\/\",\"name\":\"Disclaimer - De Vries Maritiem\",\"isPartOf\":{\"@id\":\"https:\/\/zeilmakerijdevriesmaritiem.nl\/#website\"},\"datePublished\":\"2019-04-25T13:23:05+00:00\",\"dateModified\":\"2019-04-25T13:23:06+00:00\",\"breadcrumb\":{\"@id\":\"https:\/\/zeilmakerijdevriesmaritiem.nl\/disclaimer\/#breadcrumb\"},\"inLanguage\":\"de\",\"potentialAction\":[{\"@type\":\"ReadAction\",\"target\":[\"https:\/\/zeilmakerijdevriesmaritiem.nl\/disclaimer\/\"]}]},{\"@type\":\"BreadcrumbList\",\"@id\":\"https:\/\/zeilmakerijdevriesmaritiem.nl\/disclaimer\/#breadcrumb\",\"itemListElement\":[{\"@type\":\"ListItem\",\"position\":1,\"name\":\"Home\",\"item\":\"https:\/\/zeilmakerijdevriesmaritiem.nl\/\"},{\"@type\":\"ListItem\",\"position\":2,\"name\":\"Disclaimer\"}]},{\"@type\":\"WebSite\",\"@id\":\"https:\/\/zeilmakerijdevriesmaritiem.nl\/#website\",\"url\":\"https:\/\/zeilmakerijdevriesmaritiem.nl\/\",\"name\":\"De Vries Maritiem\",\"description\":\"\",\"potentialAction\":[{\"@type\":\"SearchAction\",\"target\":{\"@type\":\"EntryPoint\",\"urlTemplate\":\"https:\/\/zeilmakerijdevriesmaritiem.nl\/?s={search_term_string}\"},\"query-input\":{\"@type\":\"PropertyValueSpecification\",\"valueRequired\":true,\"valueName\":\"search_term_string\"}}],\"inLanguage\":\"de\"}]}<\/script>\n<!-- \/ Yoast SEO plugin. -->","yoast_head_json":{"title":"Haftungsausschluss - De Vries Maritiem","robots":{"index":"index","follow":"follow","max-snippet":"max-snippet:-1","max-image-preview":"max-image-preview:large","max-video-preview":"max-video-preview:-1"},"canonical":"https:\/\/zeilmakerijdevriesmaritiem.nl\/de\/haftungsausschluss\/","og_locale":"de_DE","og_type":"article","og_title":"Disclaimer - De Vries Maritiem","og_description":"Dislaimer Copyright De inhoud van deze site, de daarin opgenomen gegevens, afbeeldingen, geluiden, teksten en combinaties daarvan en de programmatuur zijn beschermd door auteurs- en databankrechten. Deze rechten berusten bij Zeilmakerij de Vries Maritiem. Zonder schriftelijke voorafgaande toestemming van Zeilmakerij de Vries Maritiem is het niet toegestaan deze site of enig onderdeel daarvan te kopi\u00ebren....","og_url":"https:\/\/zeilmakerijdevriesmaritiem.nl\/de\/haftungsausschluss\/","og_site_name":"De Vries Maritiem","article_modified_time":"2019-04-25T13:23:06+00:00","twitter_card":"summary_large_image","twitter_misc":{"Gesch\u00e4tzte Lesezeit":"1\u00a0Minute"},"schema":{"@context":"https:\/\/schema.org","@graph":[{"@type":"WebPage","@id":"https:\/\/zeilmakerijdevriesmaritiem.nl\/disclaimer\/","url":"https:\/\/zeilmakerijdevriesmaritiem.nl\/disclaimer\/","name":"Haftungsausschluss - De Vries Maritiem","isPartOf":{"@id":"https:\/\/zeilmakerijdevriesmaritiem.nl\/#website"},"datePublished":"2019-04-25T13:23:05+00:00","dateModified":"2019-04-25T13:23:06+00:00","breadcrumb":{"@id":"https:\/\/zeilmakerijdevriesmaritiem.nl\/disclaimer\/#breadcrumb"},"inLanguage":"de","potentialAction":[{"@type":"ReadAction","target":["https:\/\/zeilmakerijdevriesmaritiem.nl\/disclaimer\/"]}]},{"@type":"BreadcrumbList","@id":"https:\/\/zeilmakerijdevriesmaritiem.nl\/disclaimer\/#breadcrumb","itemListElement":[{"@type":"ListItem","position":1,"name":"Home","item":"https:\/\/zeilmakerijdevriesmaritiem.nl\/"},{"@type":"ListItem","position":2,"name":"Disclaimer"}]},{"@type":"WebSite","@id":"https:\/\/zeilmakerijdevriesmaritiem.nl\/#website","url":"https:\/\/zeilmakerijdevriesmaritiem.nl\/","name":"De Vries Maritiem","description":"","potentialAction":[{"@type":"SearchAction","target":{"@type":"EntryPoint","urlTemplate":"https:\/\/zeilmakerijdevriesmaritiem.nl\/?s={search_term_string}"},"query-input":{"@type":"PropertyValueSpecification","valueRequired":true,"valueName":"search_term_string"}}],"inLanguage":"de"}]}},"_links":{"self":[{"href":"https:\/\/zeilmakerijdevriesmaritiem.nl\/de\/wp-json\/wp\/v2\/pages\/614","targetHints":{"allow":["GET"]}}],"collection":[{"href":"https:\/\/zeilmakerijdevriesmaritiem.nl\/de\/wp-json\/wp\/v2\/pages"}],"about":[{"href":"https:\/\/zeilmakerijdevriesmaritiem.nl\/de\/wp-json\/wp\/v2\/types\/page"}],"author":[{"embeddable":true,"href":"https:\/\/zeilmakerijdevriesmaritiem.nl\/de\/wp-json\/wp\/v2\/users\/1"}],"replies":[{"embeddable":true,"href":"https:\/\/zeilmakerijdevriesmaritiem.nl\/de\/wp-json\/wp\/v2\/comments?post=614"}],"version-history":[{"count":1,"href":"https:\/\/zeilmakerijdevriesmaritiem.nl\/de\/wp-json\/wp\/v2\/pages\/614\/revisions"}],"predecessor-version":[{"id":618,"href":"https:\/\/zeilmakerijdevriesmaritiem.nl\/de\/wp-json\/wp\/v2\/pages\/614\/revisions\/618"}],"wp:attachment":[{"href":"https:\/\/zeilmakerijdevriesmaritiem.nl\/de\/wp-json\/wp\/v2\/media?parent=614"}],"wp:term":[{"taxonomy":"smart_tag","embeddable":true,"href":"https:\/\/zeilmakerijdevriesmaritiem.nl\/de\/wp-json\/wp\/v2\/smart_tag?post=614"}],"curies":[{"name":"wp","href":"https:\/\/api.w.org\/{rel}","templated":true}]}}