{"id":584,"date":"2019-04-25T12:53:54","date_gmt":"2019-04-25T12:53:54","guid":{"rendered":"https:\/\/maritiem.mediasoep.nl\/?page_id=584"},"modified":"2025-12-01T11:49:33","modified_gmt":"2025-12-01T11:49:33","slug":"die-segelmacher","status":"publish","type":"page","link":"https:\/\/zeilmakerijdevriesmaritiem.nl\/de\/over-zeilmakerij-de-vries-maritiem\/de-zeilmakers\/","title":{"rendered":"Die Segelmacher"},"content":{"rendered":"<div class=\"wp-block-cover is-light\"><img loading=\"lazy\" decoding=\"async\" width=\"2048\" height=\"1145\" class=\"wp-block-cover__image-background wp-image-637\" src=\"https:\/\/zeilmakerijdevriesmaritiem.nl\/wp-content\/uploads\/2019\/04\/IMG_20190408_092950.jpg\" style=\"object-position:50% 37%\" data-object-fit=\"cover\" data-object-position=\"50% 37%\" srcset=\"https:\/\/zeilmakerijdevriesmaritiem.nl\/wp-content\/uploads\/2019\/04\/IMG_20190408_092950.jpg 2048w, https:\/\/zeilmakerijdevriesmaritiem.nl\/wp-content\/uploads\/2019\/04\/IMG_20190408_092950-366x205.jpg 366w, https:\/\/zeilmakerijdevriesmaritiem.nl\/wp-content\/uploads\/2019\/04\/IMG_20190408_092950-768x429.jpg 768w, https:\/\/zeilmakerijdevriesmaritiem.nl\/wp-content\/uploads\/2019\/04\/IMG_20190408_092950-1166x652.jpg 1166w, https:\/\/zeilmakerijdevriesmaritiem.nl\/wp-content\/uploads\/2019\/04\/IMG_20190408_092950-200x112.jpg 200w, https:\/\/zeilmakerijdevriesmaritiem.nl\/wp-content\/uploads\/2019\/04\/IMG_20190408_092950-300x168.jpg 300w, https:\/\/zeilmakerijdevriesmaritiem.nl\/wp-content\/uploads\/2019\/04\/IMG_20190408_092950-1024x573.jpg 1024w\" sizes=\"auto, (max-width: 2048px) 100vw, 2048px\" \/><span aria-hidden=\"true\" class=\"wp-block-cover__background has-background-dim-0 has-background-dim\"><\/span><div class=\"wp-block-cover__inner-container\">\n<p class=\"has-text-align-center wp-block-paragraph has-large-font-size\"><\/p>\n<\/div><\/div>\n\n\n<div id=\"block_3aeb722b0058369077820f8578f21249\" class=\"ms_breadcrumbs\">\n            <style>@media screen and (max-width: 39.9375em){#block_3aeb722b0058369077820f8578f21249{margin-bottom:1rem;padding-top:1rem;padding-bottom:1rem;}}@media screen and (min-width: 40em) and (max-width: 63.9375em){#block_3aeb722b0058369077820f8578f21249{margin-bottom:1rem;padding-top:1rem;padding-bottom:1rem;}}@media screen and (min-width: 64em){#block_3aeb722b0058369077820f8578f21249{margin-bottom:1rem;padding-top:1rem;padding-bottom:1rem;}}<\/style>\n        <div class=\"container\">\n        <ul id=\"breadcrumbs\" class=\"breadcrumbs\" itemscope itemtype=\"http:\/\/schema.org\/BreadcrumbList\"><li itemprop=\"itemListElement\" itemscope itemtype=\"http:\/\/schema.org\/ListItem\"><a class=\"breadcrumbs__link\" href=\"https:\/\/zeilmakerijdevriesmaritiem.nl\/de\/\" itemprop=\"item\" title=\"Startseite\"><span itemprop=\"name\" style=\"display: none;\">Startseite<\/span>Startseite<\/a><meta itemprop=\"position\" content=\"1\" \/><\/li><\/ul><!-- .breadcrumbs -->\n    <\/div>\n<\/div>\n\n\n\n<div class=\"wp-block-columns has-2-columns\">\n<div class=\"wp-block-column is-one-third\"><div class=\"ms_sidemenu\" style=\"margin-bottom: 1rem; padding-bottom: 2.5rem;\">\n            <div class=\"box\">\n            <div class=\"pages-list\"><a class='current-page-item' href='https:\/\/zeilmakerijdevriesmaritiem.nl\/de\/over-zeilmakerij-de-vries-maritiem\/de-zeilmakers\/'>Die Segelmacher <span class='iconify text-secondary' data-icon='fas:caret-right'><\/span><\/a><\/div><div class=\"pages-list\"><a href='https:\/\/zeilmakerijdevriesmaritiem.nl\/de\/over-zeilmakerij-de-vries-maritiem\/historie\/'>Geschichte <span class='iconify text-secondary' data-icon='far:caret-right'><\/span><\/a><\/div><div class=\"pages-list\"><a href='https:\/\/zeilmakerijdevriesmaritiem.nl\/de\/over-zeilmakerij-de-vries-maritiem\/vacatures\/'>Freie Stellen <span class='iconify text-secondary' data-icon='far:caret-right'><\/span><\/a><ul class=\"icon-ul\"><li><span class='icon-li'><span class='iconify text-secondary' data-icon='far:chevron-right'><\/span><\/span><a href='https:\/\/zeilmakerijdevriesmaritiem.nl\/de\/over-zeilmakerij-de-vries-maritiem\/vacatures\/3d-ontwerper-canvas-producten\/'>3D-Designer (Segeltuchprodukte)<\/a><\/li><li><span class='icon-li'><span class='iconify text-secondary' data-icon='far:chevron-right'><\/span><\/span><a href='https:\/\/zeilmakerijdevriesmaritiem.nl\/de\/over-zeilmakerij-de-vries-maritiem\/vacatures\/canvas-naaister\/'>N\u00e4hen von Segeltuch<\/a><\/li><li><span class='icon-li'><span class='iconify text-secondary' data-icon='far:chevron-right'><\/span><\/span><a href='https:\/\/zeilmakerijdevriesmaritiem.nl\/de\/over-zeilmakerij-de-vries-maritiem\/vacatures\/canvas-zeilmaker\/'>Erfahrene Segeltuchmacherin<\/a><\/li><li><span class='icon-li'><span class='iconify text-secondary' data-icon='far:chevron-right'><\/span><\/span><a href='https:\/\/zeilmakerijdevriesmaritiem.nl\/de\/over-zeilmakerij-de-vries-maritiem\/vacatures\/junior-canvas-zeilmaker\/'>Junior-Segelmacher<\/a><\/li><\/ul><\/div><div class=\"pages-list\"><a href='https:\/\/zeilmakerijdevriesmaritiem.nl\/de\/over-zeilmakerij-de-vries-maritiem\/zeilmakerij-friesland\/'>Segelmacherei Friesland <span class='iconify text-secondary' data-icon='far:caret-right'><\/span><\/a><\/div><div class=\"pages-list\"><a href='https:\/\/zeilmakerijdevriesmaritiem.nl\/de\/over-zeilmakerij-de-vries-maritiem\/zeilmakerij-lemmer\/'>Lemmer Segelmacher <span class='iconify text-secondary' data-icon='far:caret-right'><\/span><\/a><\/div><div class=\"pages-list\"><a href='https:\/\/zeilmakerijdevriesmaritiem.nl\/de\/over-zeilmakerij-de-vries-maritiem\/zeilmakerij-noord-holland\/'>Segelmacherei Nord-Holland <span class='iconify text-secondary' data-icon='far:caret-right'><\/span><\/a><\/div>\n        <\/div>\n                <div class=\"usps\">\n                            <div class=\"usp\">\n                    <p class=\"title\">Fast 200 Jahre Erfahrung<\/p>\n                                    <\/div>\n                            <div class=\"usp\">\n                    <p class=\"title\">Eigener Hafen in Lemmer<\/p>\n                                    <\/div>\n                            <div class=\"usp\">\n                    <p class=\"title\">Unsere Leute segeln selbst: in der Freizeit und im Wettkampf<\/p>\n                                    <\/div>\n                    <\/div>\n    <\/div>\n<\/div>\n\n\n\n<div class=\"wp-block-column is-two-thirds\">\n<h1 class=\"wp-block-heading\">Die Segelmacher<\/h1>\n\n\n\n<p class=\"wp-block-paragraph\">Segelbau\nDe Vries Maritiem stellt sicher, dass\ndass\nBootseigner\nmaximal\nihrer\nSchiff\nkann\ngenie\u00dfen.\nWir dienen\n\nSegeln\nund\nMotorboote.\nHerstellung,\nReparatur\nund\nReinigung\nvon beiden\nsegelt\nwie auch\nSegeltuch (Bootszelte)\nist traditionell\nunser\nHaupt\nAktivit\u00e4t.\n<\/p>\n\n\n\n<p class=\"wp-block-paragraph\"><em>\"Wir\n<\/em><em>denken<\/em><em>\nmit <\/em><em>unser<\/em><em>\n<\/em><em>Kunden<\/em><em>\n<\/em><em>mit<\/em><em>,\n<\/em><em>als ob<\/em><em>\ndie <\/em><em>unser<\/em><em>\neigenes Boot <\/em><em>zu<\/em><em>\"<\/em><\/p>\n\n\n\n<h2 class=\"wp-block-heading\">Ben\u00f6tigen Sie eine Beratung oder einen Preisvorschlag?<\/h2>\n\n\n\n<p class=\"wp-block-paragraph\">Informieren Sie uns \u00fcber <a href=\"https:\/\/api.whatsapp.com\/send?phone=31514562015&amp;text=&amp;source=&amp;data=\" target=\"_blank\" rel=\"noreferrer noopener\" aria-label=\"WhatsApp (\u00f6ffnet in neuem Tab)\">WhatsApp<\/a>\u00fcber das Kontaktformular oder per <a href=\"https:\/\/zeilmakerijdevriesmaritiem.nl\/de\/kontakt\/\">E-Mail.<\/a> <\/p>\n\n\n\n<figure class=\"wp-block-gallery has-nested-images columns-default is-cropped wp-block-gallery-1\">\n<figure class=\"wp-block-image size-large\"><img loading=\"lazy\" decoding=\"async\" width=\"1024\" height=\"683\" data-id=\"7488\" src=\"https:\/\/zeilmakerijdevriesmaritiem.nl\/wp-content\/uploads\/2025\/12\/20241024-LR-NZ6_6200-b-1024x683.jpg\" alt=\"20241024 Lr Nz6 6200 B\" class=\"wp-image-7488\" srcset=\"https:\/\/zeilmakerijdevriesmaritiem.nl\/wp-content\/uploads\/2025\/12\/20241024-LR-NZ6_6200-b-1024x683.jpg 1024w, https:\/\/zeilmakerijdevriesmaritiem.nl\/wp-content\/uploads\/2025\/12\/20241024-LR-NZ6_6200-b-300x200.jpg 300w, https:\/\/zeilmakerijdevriesmaritiem.nl\/wp-content\/uploads\/2025\/12\/20241024-LR-NZ6_6200-b-768x512.jpg 768w, https:\/\/zeilmakerijdevriesmaritiem.nl\/wp-content\/uploads\/2025\/12\/20241024-LR-NZ6_6200-b-1536x1024.jpg 1536w, https:\/\/zeilmakerijdevriesmaritiem.nl\/wp-content\/uploads\/2025\/12\/20241024-LR-NZ6_6200-b-scaled.jpg 2048w, https:\/\/zeilmakerijdevriesmaritiem.nl\/wp-content\/uploads\/2025\/12\/20241024-LR-NZ6_6200-b-18x12.jpg 18w, https:\/\/zeilmakerijdevriesmaritiem.nl\/wp-content\/uploads\/2025\/12\/20241024-LR-NZ6_6200-b-187x125.jpg 187w\" sizes=\"auto, (max-width: 1024px) 100vw, 1024px\" \/><figcaption class=\"wp-element-caption\">Die Segelmacher<\/figcaption><\/figure>\n<\/figure>\n<\/div>\n<\/div>","protected":false},"excerpt":{"rendered":"<p>Die Segelmacherei Zeilmakerij De Vries Maritiem sorgt daf\u00fcr, dass Bootsbesitzer ihr Boot in vollen Z\u00fcgen genie\u00dfen k\u00f6nnen. Wir warten sowohl Segel- als auch Motorboote. Das Herstellen, Reparieren und Reinigen von Segeln und Planen (Bootszelten) war schon immer unsere Hauptt\u00e4tigkeit. \"Wir denken mit unseren Kunden mit, als w\u00e4re es unser eigenes Boot\" Beratung oder eine Preisangabe...<\/p>","protected":false},"author":1,"featured_media":385,"parent":15,"menu_order":0,"comment_status":"closed","ping_status":"closed","template":"","meta":{"_acf_changed":false,"_joinchat":[],"footnotes":""},"smart_tag":[],"class_list":["post-584","page","type-page","status-publish","has-post-thumbnail","hentry","entry"],"acf":[],"yoast_head":"<!-- This site is optimized with the Yoast SEO plugin v27.1.1 - https:\/\/yoast.com\/product\/yoast-seo-wordpress\/ -->\n<title>De zeilmakers - De Vries Maritiem - Kom je ons team versterken?<\/title>\n<meta name=\"description\" content=\"Waarmee kunnen we u helpen? Vul hier ons online contactformulier in of bel ons op 0514 - 562015! Wij denken graag met u mee!\" \/>\n<meta name=\"robots\" content=\"index, follow, max-snippet:-1, max-image-preview:large, max-video-preview:-1\" \/>\n<link rel=\"canonical\" href=\"https:\/\/zeilmakerijdevriesmaritiem.nl\/de\/uber-sailmaker-de-vries-maritiem\/die-segelmacher\/\" \/>\n<meta property=\"og:locale\" content=\"de_DE\" \/>\n<meta property=\"og:type\" content=\"article\" \/>\n<meta property=\"og:title\" content=\"De zeilmakers - De Vries Maritiem - Kom je ons team versterken?\" \/>\n<meta property=\"og:description\" content=\"Waarmee kunnen we u helpen? Vul hier ons online contactformulier in of bel ons op 0514 - 562015! Wij denken graag met u mee!\" \/>\n<meta property=\"og:url\" content=\"https:\/\/zeilmakerijdevriesmaritiem.nl\/de\/uber-sailmaker-de-vries-maritiem\/die-segelmacher\/\" \/>\n<meta property=\"og:site_name\" content=\"De Vries Maritiem\" \/>\n<meta property=\"article:modified_time\" content=\"2025-12-01T11:49:33+00:00\" \/>\n<meta property=\"og:image\" content=\"https:\/\/zeilmakerijdevriesmaritiem.nl\/wp-content\/uploads\/2019\/04\/IMG_20190408_092952_1.jpg\" \/>\n\t<meta property=\"og:image:width\" content=\"2048\" \/>\n\t<meta property=\"og:image:height\" content=\"1536\" \/>\n\t<meta property=\"og:image:type\" content=\"image\/jpeg\" \/>\n<meta name=\"twitter:card\" content=\"summary_large_image\" \/>\n<meta name=\"twitter:label1\" content=\"Gesch\u00e4tzte Lesezeit\" \/>\n\t<meta name=\"twitter:data1\" content=\"1\u00a0Minute\" \/>\n<script type=\"application\/ld+json\" class=\"yoast-schema-graph\">{\"@context\":\"https:\/\/schema.org\",\"@graph\":[{\"@type\":\"WebPage\",\"@id\":\"https:\/\/zeilmakerijdevriesmaritiem.nl\/over-zeilmakerij-de-vries-maritiem\/de-zeilmakers\/\",\"url\":\"https:\/\/zeilmakerijdevriesmaritiem.nl\/over-zeilmakerij-de-vries-maritiem\/de-zeilmakers\/\",\"name\":\"De zeilmakers - De Vries Maritiem - Kom je ons team versterken?\",\"isPartOf\":{\"@id\":\"https:\/\/zeilmakerijdevriesmaritiem.nl\/#website\"},\"primaryImageOfPage\":{\"@id\":\"https:\/\/zeilmakerijdevriesmaritiem.nl\/over-zeilmakerij-de-vries-maritiem\/de-zeilmakers\/#primaryimage\"},\"image\":{\"@id\":\"https:\/\/zeilmakerijdevriesmaritiem.nl\/over-zeilmakerij-de-vries-maritiem\/de-zeilmakers\/#primaryimage\"},\"thumbnailUrl\":\"https:\/\/zeilmakerijdevriesmaritiem.nl\/wp-content\/uploads\/2019\/04\/IMG_20190408_092952_1.jpg\",\"datePublished\":\"2019-04-25T12:53:54+00:00\",\"dateModified\":\"2025-12-01T11:49:33+00:00\",\"description\":\"Waarmee kunnen we u helpen? Vul hier ons online contactformulier in of bel ons op 0514 - 562015! Wij denken graag met u mee!\",\"breadcrumb\":{\"@id\":\"https:\/\/zeilmakerijdevriesmaritiem.nl\/over-zeilmakerij-de-vries-maritiem\/de-zeilmakers\/#breadcrumb\"},\"inLanguage\":\"de\",\"potentialAction\":[{\"@type\":\"ReadAction\",\"target\":[\"https:\/\/zeilmakerijdevriesmaritiem.nl\/over-zeilmakerij-de-vries-maritiem\/de-zeilmakers\/\"]}]},{\"@type\":\"ImageObject\",\"inLanguage\":\"de\",\"@id\":\"https:\/\/zeilmakerijdevriesmaritiem.nl\/over-zeilmakerij-de-vries-maritiem\/de-zeilmakers\/#primaryimage\",\"url\":\"https:\/\/zeilmakerijdevriesmaritiem.nl\/wp-content\/uploads\/2019\/04\/IMG_20190408_092952_1.jpg\",\"contentUrl\":\"https:\/\/zeilmakerijdevriesmaritiem.nl\/wp-content\/uploads\/2019\/04\/IMG_20190408_092952_1.jpg\",\"width\":2048,\"height\":1536,\"caption\":\"sdr\"},{\"@type\":\"BreadcrumbList\",\"@id\":\"https:\/\/zeilmakerijdevriesmaritiem.nl\/over-zeilmakerij-de-vries-maritiem\/de-zeilmakers\/#breadcrumb\",\"itemListElement\":[{\"@type\":\"ListItem\",\"position\":1,\"name\":\"Home\",\"item\":\"https:\/\/zeilmakerijdevriesmaritiem.nl\/\"},{\"@type\":\"ListItem\",\"position\":2,\"name\":\"Over Zeilmakerij De Vries Maritiem\",\"item\":\"https:\/\/zeilmakerijdevriesmaritiem.nl\/over-zeilmakerij-de-vries-maritiem\/\"},{\"@type\":\"ListItem\",\"position\":3,\"name\":\"De zeilmakers\"}]},{\"@type\":\"WebSite\",\"@id\":\"https:\/\/zeilmakerijdevriesmaritiem.nl\/#website\",\"url\":\"https:\/\/zeilmakerijdevriesmaritiem.nl\/\",\"name\":\"De Vries Maritiem\",\"description\":\"\",\"potentialAction\":[{\"@type\":\"SearchAction\",\"target\":{\"@type\":\"EntryPoint\",\"urlTemplate\":\"https:\/\/zeilmakerijdevriesmaritiem.nl\/?s={search_term_string}\"},\"query-input\":{\"@type\":\"PropertyValueSpecification\",\"valueRequired\":true,\"valueName\":\"search_term_string\"}}],\"inLanguage\":\"de\"}]}<\/script>\n<!-- \/ Yoast SEO plugin. -->","yoast_head_json":{"title":"De zeilmakers - De Vries Maritiem - M\u00f6chten Sie unser Team verst\u00e4rken?","description":"Wie k\u00f6nnen wir Ihnen helfen? F\u00fcllen Sie hier unser Online-Kontaktformular aus oder rufen Sie uns an unter 0514 - 562015! Wir denken gerne mit Ihnen mit!","robots":{"index":"index","follow":"follow","max-snippet":"max-snippet:-1","max-image-preview":"max-image-preview:large","max-video-preview":"max-video-preview:-1"},"canonical":"https:\/\/zeilmakerijdevriesmaritiem.nl\/de\/uber-sailmaker-de-vries-maritiem\/die-segelmacher\/","og_locale":"de_DE","og_type":"article","og_title":"De zeilmakers - De Vries Maritiem - Kom je ons team versterken?","og_description":"Waarmee kunnen we u helpen? Vul hier ons online contactformulier in of bel ons op 0514 - 562015! Wij denken graag met u mee!","og_url":"https:\/\/zeilmakerijdevriesmaritiem.nl\/de\/uber-sailmaker-de-vries-maritiem\/die-segelmacher\/","og_site_name":"De Vries Maritiem","article_modified_time":"2025-12-01T11:49:33+00:00","og_image":[{"width":2048,"height":1536,"url":"https:\/\/zeilmakerijdevriesmaritiem.nl\/wp-content\/uploads\/2019\/04\/IMG_20190408_092952_1.jpg","type":"image\/jpeg"}],"twitter_card":"summary_large_image","twitter_misc":{"Gesch\u00e4tzte Lesezeit":"1\u00a0Minute"},"schema":{"@context":"https:\/\/schema.org","@graph":[{"@type":"WebPage","@id":"https:\/\/zeilmakerijdevriesmaritiem.nl\/over-zeilmakerij-de-vries-maritiem\/de-zeilmakers\/","url":"https:\/\/zeilmakerijdevriesmaritiem.nl\/over-zeilmakerij-de-vries-maritiem\/de-zeilmakers\/","name":"De zeilmakers - De Vries Maritiem - M\u00f6chten Sie unser Team verst\u00e4rken?","isPartOf":{"@id":"https:\/\/zeilmakerijdevriesmaritiem.nl\/#website"},"primaryImageOfPage":{"@id":"https:\/\/zeilmakerijdevriesmaritiem.nl\/over-zeilmakerij-de-vries-maritiem\/de-zeilmakers\/#primaryimage"},"image":{"@id":"https:\/\/zeilmakerijdevriesmaritiem.nl\/over-zeilmakerij-de-vries-maritiem\/de-zeilmakers\/#primaryimage"},"thumbnailUrl":"https:\/\/zeilmakerijdevriesmaritiem.nl\/wp-content\/uploads\/2019\/04\/IMG_20190408_092952_1.jpg","datePublished":"2019-04-25T12:53:54+00:00","dateModified":"2025-12-01T11:49:33+00:00","description":"Wie k\u00f6nnen wir Ihnen helfen? F\u00fcllen Sie hier unser Online-Kontaktformular aus oder rufen Sie uns an unter 0514 - 562015! Wir denken gerne mit Ihnen mit!","breadcrumb":{"@id":"https:\/\/zeilmakerijdevriesmaritiem.nl\/over-zeilmakerij-de-vries-maritiem\/de-zeilmakers\/#breadcrumb"},"inLanguage":"de","potentialAction":[{"@type":"ReadAction","target":["https:\/\/zeilmakerijdevriesmaritiem.nl\/over-zeilmakerij-de-vries-maritiem\/de-zeilmakers\/"]}]},{"@type":"ImageObject","inLanguage":"de","@id":"https:\/\/zeilmakerijdevriesmaritiem.nl\/over-zeilmakerij-de-vries-maritiem\/de-zeilmakers\/#primaryimage","url":"https:\/\/zeilmakerijdevriesmaritiem.nl\/wp-content\/uploads\/2019\/04\/IMG_20190408_092952_1.jpg","contentUrl":"https:\/\/zeilmakerijdevriesmaritiem.nl\/wp-content\/uploads\/2019\/04\/IMG_20190408_092952_1.jpg","width":2048,"height":1536,"caption":"sdr"},{"@type":"BreadcrumbList","@id":"https:\/\/zeilmakerijdevriesmaritiem.nl\/over-zeilmakerij-de-vries-maritiem\/de-zeilmakers\/#breadcrumb","itemListElement":[{"@type":"ListItem","position":1,"name":"Home","item":"https:\/\/zeilmakerijdevriesmaritiem.nl\/"},{"@type":"ListItem","position":2,"name":"Over Zeilmakerij De Vries Maritiem","item":"https:\/\/zeilmakerijdevriesmaritiem.nl\/over-zeilmakerij-de-vries-maritiem\/"},{"@type":"ListItem","position":3,"name":"De zeilmakers"}]},{"@type":"WebSite","@id":"https:\/\/zeilmakerijdevriesmaritiem.nl\/#website","url":"https:\/\/zeilmakerijdevriesmaritiem.nl\/","name":"De Vries Maritiem","description":"","potentialAction":[{"@type":"SearchAction","target":{"@type":"EntryPoint","urlTemplate":"https:\/\/zeilmakerijdevriesmaritiem.nl\/?s={search_term_string}"},"query-input":{"@type":"PropertyValueSpecification","valueRequired":true,"valueName":"search_term_string"}}],"inLanguage":"de"}]}},"_links":{"self":[{"href":"https:\/\/zeilmakerijdevriesmaritiem.nl\/de\/wp-json\/wp\/v2\/pages\/584","targetHints":{"allow":["GET"]}}],"collection":[{"href":"https:\/\/zeilmakerijdevriesmaritiem.nl\/de\/wp-json\/wp\/v2\/pages"}],"about":[{"href":"https:\/\/zeilmakerijdevriesmaritiem.nl\/de\/wp-json\/wp\/v2\/types\/page"}],"author":[{"embeddable":true,"href":"https:\/\/zeilmakerijdevriesmaritiem.nl\/de\/wp-json\/wp\/v2\/users\/1"}],"replies":[{"embeddable":true,"href":"https:\/\/zeilmakerijdevriesmaritiem.nl\/de\/wp-json\/wp\/v2\/comments?post=584"}],"version-history":[{"count":15,"href":"https:\/\/zeilmakerijdevriesmaritiem.nl\/de\/wp-json\/wp\/v2\/pages\/584\/revisions"}],"predecessor-version":[{"id":7489,"href":"https:\/\/zeilmakerijdevriesmaritiem.nl\/de\/wp-json\/wp\/v2\/pages\/584\/revisions\/7489"}],"up":[{"embeddable":true,"href":"https:\/\/zeilmakerijdevriesmaritiem.nl\/de\/wp-json\/wp\/v2\/pages\/15"}],"wp:featuredmedia":[{"embeddable":true,"href":"https:\/\/zeilmakerijdevriesmaritiem.nl\/de\/wp-json\/wp\/v2\/media\/385"}],"wp:attachment":[{"href":"https:\/\/zeilmakerijdevriesmaritiem.nl\/de\/wp-json\/wp\/v2\/media?parent=584"}],"wp:term":[{"taxonomy":"smart_tag","embeddable":true,"href":"https:\/\/zeilmakerijdevriesmaritiem.nl\/de\/wp-json\/wp\/v2\/smart_tag?post=584"}],"curies":[{"name":"wp","href":"https:\/\/api.w.org\/{rel}","templated":true}]}}