{"id":566,"date":"2019-04-25T12:42:40","date_gmt":"2019-04-25T12:42:40","guid":{"rendered":"https:\/\/maritiem.mediasoep.nl\/?page_id=566"},"modified":"2019-10-09T15:00:54","modified_gmt":"2019-10-09T15:00:54","slug":"geschichte","status":"publish","type":"page","link":"https:\/\/zeilmakerijdevriesmaritiem.nl\/de\/over-zeilmakerij-de-vries-maritiem\/historie\/","title":{"rendered":"Geschichte"},"content":{"rendered":"<div class=\"wp-block-cover\" style=\"background-image:url(https:\/\/zeilmakerijdevriesmaritiem.nl\/wp-content\/uploads\/2019\/04\/Scan_20161123-3.png)\"><div class=\"wp-block-cover__inner-container\">\n<p class=\"wp-block-paragraph has-text-align-center has-large-font-size\"><\/p>\n<\/div><\/div>\n\n\n<div id=\"block_5cc1aa263ec4f\" class=\"ms_breadcrumbs\">\n            <style>@media screen and (max-width: 39.9375em){#block_5cc1aa263ec4f{margin-bottom:1rem;padding-top:1rem;padding-bottom:1rem;}}@media screen and (min-width: 40em) and (max-width: 63.9375em){#block_5cc1aa263ec4f{margin-bottom:1rem;padding-top:1rem;padding-bottom:1rem;}}@media screen and (min-width: 64em){#block_5cc1aa263ec4f{margin-bottom:1rem;padding-top:1rem;padding-bottom:1rem;}}<\/style>\n        <div class=\"container\">\n        <ul id=\"breadcrumbs\" class=\"breadcrumbs\" itemscope itemtype=\"http:\/\/schema.org\/BreadcrumbList\"><li itemprop=\"itemListElement\" itemscope itemtype=\"http:\/\/schema.org\/ListItem\"><a class=\"breadcrumbs__link\" href=\"https:\/\/zeilmakerijdevriesmaritiem.nl\/de\/\" itemprop=\"item\" title=\"Startseite\"><span itemprop=\"name\" style=\"display: none;\">Startseite<\/span>Startseite<\/a><meta itemprop=\"position\" content=\"1\" \/><\/li><\/ul><!-- .breadcrumbs -->\n    <\/div>\n<\/div>\n\n\n\n<div class=\"wp-block-columns has-2-columns\">\n<div class=\"wp-block-column is-one-third\"><div class=\"ms_sidemenu\" style=\"margin-bottom: 1rem; padding-bottom: 2.5rem;\">\n            <div class=\"box\">\n            <div class=\"pages-list\"><a href='https:\/\/zeilmakerijdevriesmaritiem.nl\/de\/over-zeilmakerij-de-vries-maritiem\/de-zeilmakers\/'>Die Segelmacher <span class='iconify text-secondary' data-icon='far:caret-right'><\/span><\/a><\/div><div class=\"pages-list\"><a class='current-page-item' href='https:\/\/zeilmakerijdevriesmaritiem.nl\/de\/over-zeilmakerij-de-vries-maritiem\/historie\/'>Geschichte <span class='iconify text-secondary' data-icon='fas:caret-right'><\/span><\/a><\/div><div class=\"pages-list\"><a href='https:\/\/zeilmakerijdevriesmaritiem.nl\/de\/over-zeilmakerij-de-vries-maritiem\/vacatures\/'>Freie Stellen <span class='iconify text-secondary' data-icon='far:caret-right'><\/span><\/a><ul class=\"icon-ul\"><li><span class='icon-li'><span class='iconify text-secondary' data-icon='far:chevron-right'><\/span><\/span><a href='https:\/\/zeilmakerijdevriesmaritiem.nl\/de\/over-zeilmakerij-de-vries-maritiem\/vacatures\/3d-ontwerper-canvas-producten\/'>3D-Designer (Segeltuchprodukte)<\/a><\/li><li><span class='icon-li'><span class='iconify text-secondary' data-icon='far:chevron-right'><\/span><\/span><a href='https:\/\/zeilmakerijdevriesmaritiem.nl\/de\/over-zeilmakerij-de-vries-maritiem\/vacatures\/canvas-naaister\/'>N\u00e4hen von Segeltuch<\/a><\/li><li><span class='icon-li'><span class='iconify text-secondary' data-icon='far:chevron-right'><\/span><\/span><a href='https:\/\/zeilmakerijdevriesmaritiem.nl\/de\/over-zeilmakerij-de-vries-maritiem\/vacatures\/canvas-zeilmaker\/'>Erfahrene Segeltuchmacherin<\/a><\/li><li><span class='icon-li'><span class='iconify text-secondary' data-icon='far:chevron-right'><\/span><\/span><a href='https:\/\/zeilmakerijdevriesmaritiem.nl\/de\/over-zeilmakerij-de-vries-maritiem\/vacatures\/junior-canvas-zeilmaker\/'>Junior-Segelmacher<\/a><\/li><\/ul><\/div><div class=\"pages-list\"><a href='https:\/\/zeilmakerijdevriesmaritiem.nl\/de\/over-zeilmakerij-de-vries-maritiem\/zeilmakerij-friesland\/'>Segelmacherei Friesland <span class='iconify text-secondary' data-icon='far:caret-right'><\/span><\/a><\/div><div class=\"pages-list\"><a href='https:\/\/zeilmakerijdevriesmaritiem.nl\/de\/over-zeilmakerij-de-vries-maritiem\/zeilmakerij-lemmer\/'>Lemmer Segelmacher <span class='iconify text-secondary' data-icon='far:caret-right'><\/span><\/a><\/div><div class=\"pages-list\"><a href='https:\/\/zeilmakerijdevriesmaritiem.nl\/de\/over-zeilmakerij-de-vries-maritiem\/zeilmakerij-noord-holland\/'>Segelmacherei Nord-Holland <span class='iconify text-secondary' data-icon='far:caret-right'><\/span><\/a><\/div>\n        <\/div>\n                <div class=\"usps\">\n                            <div class=\"usp\">\n                    <p class=\"title\">Fast 200 Jahre Erfahrung<\/p>\n                                    <\/div>\n                            <div class=\"usp\">\n                    <p class=\"title\">Eigener Hafen in Lemmer<\/p>\n                                    <\/div>\n                            <div class=\"usp\">\n                    <p class=\"title\">Unsere Leute segeln selbst: in der Freizeit und im Wettkampf<\/p>\n                                    <\/div>\n                    <\/div>\n    <\/div>\n<\/div>\n\n\n\n<div class=\"wp-block-column is-two-thirds\">\n<h1 class=\"wp-block-heading\">Geschichte<\/h1>\n\n\n\n<p class=\"wp-block-paragraph\"> Sailmakerij De Vries Maritiem hat eine besonders reiche Geschichte. Im Jahr 1830 gr\u00fcndete Marten Pieterz De Vries die Zeilmakerij De Vries.  Er ahnte nicht, dass sich das Unternehmen in 200 Jahren zu einem f\u00fchrenden Segelhersteller entwickeln w\u00fcrde, der sich noch immer in Familienbesitz befindet. <\/p>\n\n\n<figure class=\"wp-block-embed-youtube wp-block-embed is-type-video is-provider-youtube wp-embed-aspect-16-9 wp-has-aspect-ratio\"><div class=\"wp-block-embed__wrapper\">\n<iframe loading=\"lazy\" title=\"Film Dickens Festival\" width=\"640\" height=\"360\" src=\"%5Bhttps:\/\/www.youtube.com\/embed\/9WPTXX9Zda0?feature=oembed%7D&amp;modestbranding=1&amp;showinfo=0&amp;rel=0&amp;autoplay=1&amp;vq=hd1080&amp;enablejsapi=1&amp;playsinline=1&amp;mute=1&amp;origin=216.73.216.107\" frameborder=\"0\" allow=\"accelerometer; autoplay; clipboard-write; encrypted-media; gyroscope; picture-in-picture; web-share\" referrerpolicy=\"strict-origin-when-cross-origin\" allowfullscreen srcdoc=\"&lt;style&gt;*{padding:0;margin:0;overflow:hidden}html,body{height:100%}img,span{position:absolute;width:100%;top:0;bottom:0;margin:auto}span{height:1.5em;text-align:center;font:48px\/1.5 sans-serif;color:white;text-shadow:0 0 0.5em black}&lt;\/style&gt;&lt;a href='https:\/\/www.youtube.com\/embed\/9WPTXX9Zda0?modestbranding=1&amp;showinfo=0&amp;rel=0&amp;autoplay=1&amp;vq=hd1080&amp;enablejsapi=1&amp;playsinline=1&amp;mute=1'&gt;&lt;img src='https:\/\/i.ytimg.com\/vi\/9WPTXX9Zda0\/hqdefault.jpg' alt='Filmpje Dickens festijn'&gt;&lt;span&gt;&#9654;&lt;\/span&gt;&lt;\/a&gt;\"><\/iframe>\n<\/div><\/figure>\n\n\n\n<h2 class=\"wp-block-heading\"> <strong>1823<\/strong> <\/h2>\n\n\n\n<p class=\"wp-block-paragraph\"><strong>1823<\/strong> Marten Pietersz De Vries l\u00e4sst sich in Lemmer nieder, nachdem er jahrelang als Segelmacher an Bord eines Windjammers die Welt umsegelt hat, und wird von Cornelis Rienksz Sleeswijk als Segelmacherlehrling eingestellt.<\/p>\n\n\n\n<figure class=\"wp-block-image\"><img decoding=\"async\" src=\"https:\/\/zeilmakerijdevriesmaritiem.nl\/wp-content\/uploads\/2017\/04\/1823_Marten-Pietersz-De-Vries-512x334.jpg\" alt=\"Marten Pietersz De Vries\" class=\"wp-image-4486\"\/><\/figure>\n\n\n\n<p class=\"wp-block-paragraph\"><strong>1830<\/strong> Die Segelmacherei De Vries in Lemmer wurde um 1830 von Marten Pietersz De Vries gegr\u00fcndet. Das Unternehmen produzierte haupts\u00e4chlich Segel f\u00fcr M\u00fchlen, Fischerboote und Tjalken. Au\u00dferdem wurden die Segel getrimmt und Taue hergestellt. Schlie\u00dflich lieferten sie Teer.<\/p>\n\n\n\n<p class=\"wp-block-paragraph\"><strong>1851<\/strong> Die Segelmacherei De Vries lieferte die Segel f\u00fcr den Schoner \"Bertha Victoria\".<\/p>\n\n\n\n<figure class=\"wp-block-image\"><img decoding=\"async\" src=\"https:\/\/zeilmakerijdevriesmaritiem.nl\/wp-content\/uploads\/2017\/04\/Logger-IJmuiden-512x334.jpg\" alt=\"Geschichte Segelmacher De Vries Maritiem\" class=\"wp-image-4491\"\/><\/figure>\n\n\n\n<figure class=\"wp-block-image\"><img decoding=\"async\" src=\"https:\/\/zeilmakerijdevriesmaritiem.nl\/wp-content\/uploads\/2017\/04\/polderdijk-512x361.jpg\" alt=\"Segelmacher De Vries \" class=\"wp-image-4488\"\/><\/figure>\n\n\n\n<p class=\"wp-block-paragraph\"><strong>1901<\/strong> De Vries sailmakerij zieht nach Polderdijk<\/p>\n\n\n\n<figure class=\"wp-block-image\"><img decoding=\"async\" src=\"https:\/\/zeilmakerijdevriesmaritiem.nl\/wp-content\/uploads\/2017\/04\/verhuizing-512x334.jpg\" alt=\"umziehen\" class=\"wp-image-4490\"\/><\/figure>\n\n\n\n<p class=\"wp-block-paragraph\"><strong>1916<\/strong> Lieferung von Segeln f\u00fcr Logger IJmuiden 282. Das Schiff, das nach kurzer Zeit auf Grund gelaufen sein soll.<\/p>\n\n\n\n<p class=\"wp-block-paragraph\"><strong>1930<\/strong> Tjalks und Fischereischiffe wurden nach und nach motorisiert, so dass sich die Zeilmakerij De Vries auf einen anderen Markt konzentrieren musste. Au\u00dferdem wurde die Zuiderzee 1932 geschlossen, was einen starken R\u00fcckgang der Fischerei zur Folge hatte.<\/p>\n\n\n\n<p class=\"wp-block-paragraph\"><strong>1940<\/strong> Die ersten Jachtsegel wurden f\u00fcr die Familie De Rook hergestellt. W\u00e4hrend des Krieges wurden keine neuen Segel hergestellt, da kein Stoff verf\u00fcgbar war. Die Segelmacherei konzentrierte sich ganz auf die Reparatur von Segeln, T\u00fcchern und Teppichen.<\/p>\n\n\n\n<p class=\"wp-block-paragraph\"><strong>1954<\/strong> Die LE 50 (Baujahr 1901) ist eine historische Lemster Aak, f\u00fcr die Zeilmakerij De Vries 1954 die Segel anfertigte. Im Jahr 2004 durften wir dies erneut tun.<\/p>\n\n\n\n<figure class=\"wp-block-image\"><img decoding=\"async\" src=\"https:\/\/zeilmakerijdevriesmaritiem.nl\/wp-content\/uploads\/2017\/04\/le50-512x415.jpg\" alt=\"le50\" class=\"wp-image-4492\"\/><\/figure>\n\n\n\n<p class=\"wp-block-paragraph\">Anfang der 1960er Jahre begann die Produktion von Segelyachten aus Polyester, die den Wassersport f\u00fcr ein breiteres Publikum zug\u00e4nglich machten. Sailmakerij de Vries war eines der ersten Unternehmen, das sich auf die Freizeitschifffahrt konzentrierte und Dacronsegel f\u00fcr Segelyachten herstellte. In dieser Zeit waren etwa 8 Segelmacher besch\u00e4ftigt.<\/p>\n\n\n\n<figure class=\"wp-block-image\"><img decoding=\"async\" src=\"https:\/\/zeilmakerijdevriesmaritiem.nl\/wp-content\/uploads\/2017\/04\/polyester.jpg\" alt=\"Polyester\" class=\"wp-image-4493\"\/><\/figure>\n\n\n\n<p class=\"wp-block-paragraph\"><strong>1970<\/strong> Umzug zum derzeitigen Standort am Vuurtorenweg 1 in Lemmer.<\/p>\n\n\n\n<figure class=\"wp-block-image\"><img decoding=\"async\" src=\"https:\/\/zeilmakerijdevriesmaritiem.nl\/wp-content\/uploads\/2017\/04\/vuurtorenweg-512x343.jpg\" alt=\"Lemmer-Leuchtturm-Stra\u00dfe\" class=\"wp-image-4496\"\/><\/figure>\n\n\n\n<p class=\"wp-block-paragraph\"><strong>1972<\/strong> Eine neue \u00c4ra mit einem neuen Logo<\/p>\n\n\n\n<figure class=\"wp-block-image\"><img decoding=\"async\" src=\"https:\/\/zeilmakerijdevriesmaritiem.nl\/wp-content\/uploads\/2017\/04\/logo.jpg\" alt=\"Logo\" class=\"wp-image-4494\"\/><\/figure>\n\n\n\n<p class=\"wp-block-paragraph\">Mitte der 70er Jahre begann M.F. De Vries mit der Produktion von Verdecken f\u00fcr Segelyachten. Auch dies erwies sich als durchschlagender Erfolg.<\/p>\n\n\n\n<figure class=\"wp-block-image\"><img decoding=\"async\" src=\"https:\/\/zeilmakerijdevriesmaritiem.nl\/wp-content\/uploads\/2017\/04\/buiskappen-159x512.jpg\" alt=\"Rohrverschl\u00fcsse\" class=\"wp-image-4498\"\/><\/figure>\n\n\n\n<p class=\"wp-block-paragraph\"><strong>1974<\/strong> Zeilmakerij De Vries er\u00f6ffnete auf Malta eine Segelmacherei f\u00fcr die Serienproduktion von Segeln f\u00fcr Ten Cate Surfboards und Jollen aus Deutschland, Norwegen und Schweden. Bis zu 50 Segelmacher arbeiteten hier. Nach 4 Jahren wurde diese Einrichtung aufgrund von Problemen mit der Regierung in Malta wieder geschlossen.<\/p>\n\n\n\n<p class=\"wp-block-paragraph\"><strong>1987<\/strong> Die Segelmacherei De Vries stellt die Segel f\u00fcr die gr\u00f6\u00dfte Segelyacht, die Collumbaio, her. Da die Segelmacherei zu klein war, wurden die Segel in der Sporthalle von Lemmer montiert.<\/p>\n\n\n\n<figure class=\"wp-block-image\"><img decoding=\"async\" src=\"https:\/\/zeilmakerijdevriesmaritiem.nl\/wp-content\/uploads\/2017\/04\/reclameuiting-364x512.jpg\" alt=\"Anzeige\" class=\"wp-image-4500\"\/><\/figure>\n\n\n\n<p class=\"wp-block-paragraph\"><em>Eine Anzeige aus den 1990er Jahren<\/em><\/p>\n\n\n\n<p class=\"wp-block-paragraph\"><strong>1993<\/strong> Sailmakerij De Vries entwickelte den verstellbaren Haltegriff. Viele Segelmacher in den Niederlanden kopieren diese Idee.<\/p>\n\n\n\n<p class=\"wp-block-paragraph\"><strong>1996<\/strong> Eine zweite Niederlassung wird in Muiden als Segelmacherei er\u00f6ffnet.<\/p>\n\n\n\n<blockquote class=\"wp-block-quote\"><p>In den fr\u00fchen 2000er Jahren stieg die Produktion von Serienschiffen explosionsartig an. Die Zeilmakerij Maritiem in Lemmer wurde gegr\u00fcndet und expandierte rasch.<\/p><\/blockquote>\n\n\n\n<p class=\"wp-block-paragraph\"><strong>2013<\/strong> Im Jahr 2013 wurden die Kr\u00e4fte von Zeilmakerij Maritiem und De Vries geb\u00fcndelt und Zeilmakerij De Vries Maritiem war geboren. Die derzeitigen Eigent\u00fcmer sind Ruben Hoekstra und Bouwe Gert De Vries. Zurzeit arbeiten 15 Personen bei Zeilmakerij De Vries Maritiem. Sie stellen langlebige und qualitativ hochwertige Segel f\u00fcr Segelyachten, klassische Schiffe und Plattbodenschiffe her. Dar\u00fcber hinaus stellen sie Rohrabdeckungen, Zelte, Winterabdeckungen, Hauben, Rollfockabdeckungen und Gro\u00dffallsysteme f\u00fcr Segelyachten her. Auch f\u00fcr Motorboote werden Kappen und Zelte hergestellt.<\/p>\n<\/div>\n<\/div>","protected":false},"excerpt":{"rendered":"<p>Geschichte Die Segelmacherei De Vries Maritiem hat eine besonders reiche Geschichte. Im Jahr 1830 gr\u00fcndete Marten Pieterz De Vries die Segelmacherei De Vries.  Er ahnte nicht, dass sich das Unternehmen in 200 Jahren zu einem f\u00fchrenden Segelmacher entwickeln w\u00fcrde, der sich noch immer in Familienbesitz befindet. 1823 Marten Pietersz De Vries lie\u00df sich in Lemmer nieder, nachdem er die...<\/p>","protected":false},"author":1,"featured_media":568,"parent":15,"menu_order":0,"comment_status":"closed","ping_status":"closed","template":"","meta":{"_acf_changed":false,"_joinchat":[],"footnotes":""},"smart_tag":[],"class_list":["post-566","page","type-page","status-publish","has-post-thumbnail","hentry","entry"],"acf":[],"yoast_head":"<!-- This site is optimized with the Yoast SEO plugin v27.1.1 - https:\/\/yoast.com\/product\/yoast-seo-wordpress\/ -->\n<title>Een rijke historie! Zeilmakerij De Vries Maritiem Sinds 1830<\/title>\n<meta name=\"description\" content=\"Zeilmakerij De Vries Maritiem kent een bijzonder rijke Historie. In 1830 richtte Marten Pieterz De Vries zeilmakerij De Vries Maritiem op.\" \/>\n<meta name=\"robots\" content=\"index, follow, max-snippet:-1, max-image-preview:large, max-video-preview:-1\" \/>\n<link rel=\"canonical\" href=\"https:\/\/zeilmakerijdevriesmaritiem.nl\/de\/uber-sailmaker-de-vries-maritiem\/geschichte\/\" \/>\n<meta property=\"og:locale\" content=\"de_DE\" \/>\n<meta property=\"og:type\" content=\"article\" \/>\n<meta property=\"og:title\" content=\"Een rijke historie! Zeilmakerij De Vries Maritiem Sinds 1830\" \/>\n<meta property=\"og:description\" content=\"Zeilmakerij De Vries Maritiem kent een bijzonder rijke Historie. In 1830 richtte Marten Pieterz De Vries zeilmakerij De Vries Maritiem op.\" \/>\n<meta property=\"og:url\" content=\"https:\/\/zeilmakerijdevriesmaritiem.nl\/de\/uber-sailmaker-de-vries-maritiem\/geschichte\/\" \/>\n<meta property=\"og:site_name\" content=\"De Vries Maritiem\" \/>\n<meta property=\"article:modified_time\" content=\"2019-10-09T15:00:54+00:00\" \/>\n<meta property=\"og:image\" content=\"https:\/\/zeilmakerijdevriesmaritiem.nl\/wp-content\/uploads\/2019\/04\/Scan_20161123-3-1024x724.png\" \/>\n\t<meta property=\"og:image:width\" content=\"1024\" \/>\n\t<meta property=\"og:image:height\" content=\"724\" \/>\n\t<meta property=\"og:image:type\" content=\"image\/png\" \/>\n<meta name=\"twitter:card\" content=\"summary_large_image\" \/>\n<meta name=\"twitter:label1\" content=\"Gesch\u00e4tzte Lesezeit\" \/>\n\t<meta name=\"twitter:data1\" content=\"3\u00a0Minuten\" \/>\n<script type=\"application\/ld+json\" class=\"yoast-schema-graph\">{\"@context\":\"https:\/\/schema.org\",\"@graph\":[{\"@type\":\"WebPage\",\"@id\":\"https:\/\/zeilmakerijdevriesmaritiem.nl\/over-zeilmakerij-de-vries-maritiem\/historie\/\",\"url\":\"https:\/\/zeilmakerijdevriesmaritiem.nl\/over-zeilmakerij-de-vries-maritiem\/historie\/\",\"name\":\"Een rijke historie! Zeilmakerij De Vries Maritiem Sinds 1830\",\"isPartOf\":{\"@id\":\"https:\/\/zeilmakerijdevriesmaritiem.nl\/#website\"},\"primaryImageOfPage\":{\"@id\":\"https:\/\/zeilmakerijdevriesmaritiem.nl\/over-zeilmakerij-de-vries-maritiem\/historie\/#primaryimage\"},\"image\":{\"@id\":\"https:\/\/zeilmakerijdevriesmaritiem.nl\/over-zeilmakerij-de-vries-maritiem\/historie\/#primaryimage\"},\"thumbnailUrl\":\"https:\/\/zeilmakerijdevriesmaritiem.nl\/wp-content\/uploads\/2019\/04\/Scan_20161123-3.png\",\"datePublished\":\"2019-04-25T12:42:40+00:00\",\"dateModified\":\"2019-10-09T15:00:54+00:00\",\"description\":\"Zeilmakerij De Vries Maritiem kent een bijzonder rijke Historie. In 1830 richtte Marten Pieterz De Vries zeilmakerij De Vries Maritiem op.\",\"breadcrumb\":{\"@id\":\"https:\/\/zeilmakerijdevriesmaritiem.nl\/over-zeilmakerij-de-vries-maritiem\/historie\/#breadcrumb\"},\"inLanguage\":\"de\",\"potentialAction\":[{\"@type\":\"ReadAction\",\"target\":[\"https:\/\/zeilmakerijdevriesmaritiem.nl\/over-zeilmakerij-de-vries-maritiem\/historie\/\"]}]},{\"@type\":\"ImageObject\",\"inLanguage\":\"de\",\"@id\":\"https:\/\/zeilmakerijdevriesmaritiem.nl\/over-zeilmakerij-de-vries-maritiem\/historie\/#primaryimage\",\"url\":\"https:\/\/zeilmakerijdevriesmaritiem.nl\/wp-content\/uploads\/2019\/04\/Scan_20161123-3.png\",\"contentUrl\":\"https:\/\/zeilmakerijdevriesmaritiem.nl\/wp-content\/uploads\/2019\/04\/Scan_20161123-3.png\",\"width\":2048,\"height\":1448},{\"@type\":\"BreadcrumbList\",\"@id\":\"https:\/\/zeilmakerijdevriesmaritiem.nl\/over-zeilmakerij-de-vries-maritiem\/historie\/#breadcrumb\",\"itemListElement\":[{\"@type\":\"ListItem\",\"position\":1,\"name\":\"Home\",\"item\":\"https:\/\/zeilmakerijdevriesmaritiem.nl\/\"},{\"@type\":\"ListItem\",\"position\":2,\"name\":\"Over Zeilmakerij De Vries Maritiem\",\"item\":\"https:\/\/zeilmakerijdevriesmaritiem.nl\/over-zeilmakerij-de-vries-maritiem\/\"},{\"@type\":\"ListItem\",\"position\":3,\"name\":\"Historie\"}]},{\"@type\":\"WebSite\",\"@id\":\"https:\/\/zeilmakerijdevriesmaritiem.nl\/#website\",\"url\":\"https:\/\/zeilmakerijdevriesmaritiem.nl\/\",\"name\":\"De Vries Maritiem\",\"description\":\"\",\"potentialAction\":[{\"@type\":\"SearchAction\",\"target\":{\"@type\":\"EntryPoint\",\"urlTemplate\":\"https:\/\/zeilmakerijdevriesmaritiem.nl\/?s={search_term_string}\"},\"query-input\":{\"@type\":\"PropertyValueSpecification\",\"valueRequired\":true,\"valueName\":\"search_term_string\"}}],\"inLanguage\":\"de\"}]}<\/script>\n<!-- \/ Yoast SEO plugin. -->","yoast_head_json":{"title":"Eine reiche Geschichte! Segelmacher De Vries Maritiem seit 1830","description":"Der Segelmacher De Vries Maritiem hat eine sehr reiche Geschichte. Im Jahr 1830 gr\u00fcndete Marten Pieterz De Vries die Segelmacherei De Vries Maritiem.","robots":{"index":"index","follow":"follow","max-snippet":"max-snippet:-1","max-image-preview":"max-image-preview:large","max-video-preview":"max-video-preview:-1"},"canonical":"https:\/\/zeilmakerijdevriesmaritiem.nl\/de\/uber-sailmaker-de-vries-maritiem\/geschichte\/","og_locale":"de_DE","og_type":"article","og_title":"Een rijke historie! Zeilmakerij De Vries Maritiem Sinds 1830","og_description":"Zeilmakerij De Vries Maritiem kent een bijzonder rijke Historie. In 1830 richtte Marten Pieterz De Vries zeilmakerij De Vries Maritiem op.","og_url":"https:\/\/zeilmakerijdevriesmaritiem.nl\/de\/uber-sailmaker-de-vries-maritiem\/geschichte\/","og_site_name":"De Vries Maritiem","article_modified_time":"2019-10-09T15:00:54+00:00","og_image":[{"width":1024,"height":724,"url":"https:\/\/zeilmakerijdevriesmaritiem.nl\/wp-content\/uploads\/2019\/04\/Scan_20161123-3-1024x724.png","type":"image\/png"}],"twitter_card":"summary_large_image","twitter_misc":{"Gesch\u00e4tzte Lesezeit":"3\u00a0Minuten"},"schema":{"@context":"https:\/\/schema.org","@graph":[{"@type":"WebPage","@id":"https:\/\/zeilmakerijdevriesmaritiem.nl\/over-zeilmakerij-de-vries-maritiem\/historie\/","url":"https:\/\/zeilmakerijdevriesmaritiem.nl\/over-zeilmakerij-de-vries-maritiem\/historie\/","name":"Eine reiche Geschichte! Segelmacher De Vries Maritiem seit 1830","isPartOf":{"@id":"https:\/\/zeilmakerijdevriesmaritiem.nl\/#website"},"primaryImageOfPage":{"@id":"https:\/\/zeilmakerijdevriesmaritiem.nl\/over-zeilmakerij-de-vries-maritiem\/historie\/#primaryimage"},"image":{"@id":"https:\/\/zeilmakerijdevriesmaritiem.nl\/over-zeilmakerij-de-vries-maritiem\/historie\/#primaryimage"},"thumbnailUrl":"https:\/\/zeilmakerijdevriesmaritiem.nl\/wp-content\/uploads\/2019\/04\/Scan_20161123-3.png","datePublished":"2019-04-25T12:42:40+00:00","dateModified":"2019-10-09T15:00:54+00:00","description":"Der Segelmacher De Vries Maritiem hat eine sehr reiche Geschichte. Im Jahr 1830 gr\u00fcndete Marten Pieterz De Vries die Segelmacherei De Vries Maritiem.","breadcrumb":{"@id":"https:\/\/zeilmakerijdevriesmaritiem.nl\/over-zeilmakerij-de-vries-maritiem\/historie\/#breadcrumb"},"inLanguage":"de","potentialAction":[{"@type":"ReadAction","target":["https:\/\/zeilmakerijdevriesmaritiem.nl\/over-zeilmakerij-de-vries-maritiem\/historie\/"]}]},{"@type":"ImageObject","inLanguage":"de","@id":"https:\/\/zeilmakerijdevriesmaritiem.nl\/over-zeilmakerij-de-vries-maritiem\/historie\/#primaryimage","url":"https:\/\/zeilmakerijdevriesmaritiem.nl\/wp-content\/uploads\/2019\/04\/Scan_20161123-3.png","contentUrl":"https:\/\/zeilmakerijdevriesmaritiem.nl\/wp-content\/uploads\/2019\/04\/Scan_20161123-3.png","width":2048,"height":1448},{"@type":"BreadcrumbList","@id":"https:\/\/zeilmakerijdevriesmaritiem.nl\/over-zeilmakerij-de-vries-maritiem\/historie\/#breadcrumb","itemListElement":[{"@type":"ListItem","position":1,"name":"Home","item":"https:\/\/zeilmakerijdevriesmaritiem.nl\/"},{"@type":"ListItem","position":2,"name":"Over Zeilmakerij De Vries Maritiem","item":"https:\/\/zeilmakerijdevriesmaritiem.nl\/over-zeilmakerij-de-vries-maritiem\/"},{"@type":"ListItem","position":3,"name":"Historie"}]},{"@type":"WebSite","@id":"https:\/\/zeilmakerijdevriesmaritiem.nl\/#website","url":"https:\/\/zeilmakerijdevriesmaritiem.nl\/","name":"De Vries Maritiem","description":"","potentialAction":[{"@type":"SearchAction","target":{"@type":"EntryPoint","urlTemplate":"https:\/\/zeilmakerijdevriesmaritiem.nl\/?s={search_term_string}"},"query-input":{"@type":"PropertyValueSpecification","valueRequired":true,"valueName":"search_term_string"}}],"inLanguage":"de"}]}},"_links":{"self":[{"href":"https:\/\/zeilmakerijdevriesmaritiem.nl\/de\/wp-json\/wp\/v2\/pages\/566","targetHints":{"allow":["GET"]}}],"collection":[{"href":"https:\/\/zeilmakerijdevriesmaritiem.nl\/de\/wp-json\/wp\/v2\/pages"}],"about":[{"href":"https:\/\/zeilmakerijdevriesmaritiem.nl\/de\/wp-json\/wp\/v2\/types\/page"}],"author":[{"embeddable":true,"href":"https:\/\/zeilmakerijdevriesmaritiem.nl\/de\/wp-json\/wp\/v2\/users\/1"}],"replies":[{"embeddable":true,"href":"https:\/\/zeilmakerijdevriesmaritiem.nl\/de\/wp-json\/wp\/v2\/comments?post=566"}],"version-history":[{"count":14,"href":"https:\/\/zeilmakerijdevriesmaritiem.nl\/de\/wp-json\/wp\/v2\/pages\/566\/revisions"}],"predecessor-version":[{"id":3258,"href":"https:\/\/zeilmakerijdevriesmaritiem.nl\/de\/wp-json\/wp\/v2\/pages\/566\/revisions\/3258"}],"up":[{"embeddable":true,"href":"https:\/\/zeilmakerijdevriesmaritiem.nl\/de\/wp-json\/wp\/v2\/pages\/15"}],"wp:featuredmedia":[{"embeddable":true,"href":"https:\/\/zeilmakerijdevriesmaritiem.nl\/de\/wp-json\/wp\/v2\/media\/568"}],"wp:attachment":[{"href":"https:\/\/zeilmakerijdevriesmaritiem.nl\/de\/wp-json\/wp\/v2\/media?parent=566"}],"wp:term":[{"taxonomy":"smart_tag","embeddable":true,"href":"https:\/\/zeilmakerijdevriesmaritiem.nl\/de\/wp-json\/wp\/v2\/smart_tag?post=566"}],"curies":[{"name":"wp","href":"https:\/\/api.w.org\/{rel}","templated":true}]}}