{"id":563,"date":"2019-04-25T12:36:14","date_gmt":"2019-04-25T12:36:14","guid":{"rendered":"https:\/\/maritiem.mediasoep.nl\/?page_id=563"},"modified":"2019-06-14T08:26:17","modified_gmt":"2019-06-14T08:26:17","slug":"wartung","status":"publish","type":"page","link":"https:\/\/zeilmakerijdevriesmaritiem.nl\/de\/reparatie-en-onderhoud\/onderhoud\/","title":{"rendered":"Wartung"},"content":{"rendered":"<div class=\"wp-block-cover has-background-dim\"><div class=\"wp-block-cover__inner-container\"><\/div><\/div>\n\n\n<div id=\"block_5cc1a65fe77e5\" class=\"ms_breadcrumbs\">\n            <style>@media screen and (max-width: 39.9375em){#block_5cc1a65fe77e5{margin-bottom:1rem;padding-top:1rem;padding-bottom:1rem;}}@media screen and (min-width: 40em) and (max-width: 63.9375em){#block_5cc1a65fe77e5{margin-bottom:1rem;padding-top:1rem;padding-bottom:1rem;}}@media screen and (min-width: 64em){#block_5cc1a65fe77e5{margin-bottom:1rem;padding-top:1rem;padding-bottom:1rem;}}<\/style>\n        <div class=\"container\">\n        <ul id=\"breadcrumbs\" class=\"breadcrumbs\" itemscope itemtype=\"http:\/\/schema.org\/BreadcrumbList\"><li itemprop=\"itemListElement\" itemscope itemtype=\"http:\/\/schema.org\/ListItem\"><a class=\"breadcrumbs__link\" href=\"https:\/\/zeilmakerijdevriesmaritiem.nl\/de\/\" itemprop=\"item\" title=\"Startseite\"><span itemprop=\"name\" style=\"display: none;\">Startseite<\/span>Startseite<\/a><meta itemprop=\"position\" content=\"1\" \/><\/li><\/ul><!-- .breadcrumbs -->\n    <\/div>\n<\/div>\n\n\n\n<div class=\"wp-block-columns has-2-columns\">\n<div class=\"wp-block-column is-one-third\"><div class=\"ms_sidemenu\" style=\"margin-bottom: 1rem; padding-bottom: 2.5rem;\">\n            <div class=\"box\">\n            <div class=\"pages-list\"><a href='https:\/\/zeilmakerijdevriesmaritiem.nl\/de\/reparatie-en-onderhoud\/bootkussens-reinigen\/'>Reinigung von Bootspolstern <span class='iconify text-secondary' data-icon='far:caret-right'><\/span><\/a><\/div><div class=\"pages-list\"><a href='https:\/\/zeilmakerijdevriesmaritiem.nl\/de\/reparatie-en-onderhoud\/boottent-reinigen\/'>Reinigung des Bootszeltes <span class='iconify text-secondary' data-icon='far:caret-right'><\/span><\/a><\/div><div class=\"pages-list\"><a href='https:\/\/zeilmakerijdevriesmaritiem.nl\/de\/reparatie-en-onderhoud\/bootzeil-reinigen\/'>Reinigung von Bootspersenningen <span class='iconify text-secondary' data-icon='far:caret-right'><\/span><\/a><\/div><div class=\"pages-list\"><a href='https:\/\/zeilmakerijdevriesmaritiem.nl\/de\/reparatie-en-onderhoud\/hoe-onderhoud-ik-mijn-boottent\/'>Wie pflege ich mein Bootszelt? <span class='iconify text-secondary' data-icon='far:caret-right'><\/span><\/a><\/div><div class=\"pages-list\"><a class='current-page-item' href='https:\/\/zeilmakerijdevriesmaritiem.nl\/de\/reparatie-en-onderhoud\/onderhoud\/'>Wartung <span class='iconify text-secondary' data-icon='fas:caret-right'><\/span><\/a><\/div><div class=\"pages-list\"><a href='https:\/\/zeilmakerijdevriesmaritiem.nl\/de\/reparatie-en-onderhoud\/special-products\/'>Besondere Produkte <span class='iconify text-secondary' data-icon='far:caret-right'><\/span><\/a><\/div><div class=\"pages-list\"><a href='https:\/\/zeilmakerijdevriesmaritiem.nl\/de\/reparatie-en-onderhoud\/zeilen-repareren\/'>Reparieren von Segeln <span class='iconify text-secondary' data-icon='far:caret-right'><\/span><\/a><\/div><div class=\"pages-list\"><a href='https:\/\/zeilmakerijdevriesmaritiem.nl\/de\/reparatie-en-onderhoud\/zeilwasserij\/'>Waschen von Segeln <span class='iconify text-secondary' data-icon='far:caret-right'><\/span><\/a><\/div>\n        <\/div>\n                <div class=\"usps\">\n                            <div class=\"usp\">\n                    <p class=\"title\">Fast 200 Jahre Erfahrung<\/p>\n                                    <\/div>\n                            <div class=\"usp\">\n                    <p class=\"title\">Eigener Hafen in Lemmer<\/p>\n                                    <\/div>\n                            <div class=\"usp\">\n                    <p class=\"title\">Unsere Leute segeln selbst: in der Freizeit und im Wettkampf<\/p>\n                                    <\/div>\n                    <\/div>\n    <\/div>\n<\/div>\n\n\n\n<div class=\"wp-block-column is-two-thirds\">\n<h1 class=\"wp-block-heading\">Ihre Produkte sind bei uns in sicheren H\u00e4nden.<\/h1>\n\n\n\n<p class=\"wp-block-paragraph\">Wir sorgen daf\u00fcr, dass Ihre Reparatur immer innerhalb der vereinbarten Zeit abgeschlossen wird. Charterschiffe werden immer kurzfristig repariert, und auch Privatpersonen k\u00f6nnen ihre Reparaturen oft w\u00e4hrend der Wartezeit durchf\u00fchren lassen. W\u00e4hrend des Winters werden in der Regel die gr\u00f6\u00dferen Reparaturen durchgef\u00fchrt, und in der Regel entscheiden sich unsere Kunden auch daf\u00fcr, das Zelt in unserer W\u00e4scherei reinigen zu lassen, so dass sie im Fr\u00fchjahr alles wieder sauber und intakt auf ihr Schiff bringen k\u00f6nnen.<\/p>\n<\/div>\n<\/div>\n\n\n<div id=\"block_5cc1a65fe77e6\" class=\"ms_related-pages alignfull\" data-equalizer>\n                                    <style>@media screen and (max-width: 39.9375em){#block_5cc1a65fe77e6{margin-bottom:1rem;padding-top:2.5rem;padding-bottom:2.5rem;}}@media screen and (min-width: 40em) and (max-width: 63.9375em){#block_5cc1a65fe77e6{margin-bottom:1rem;padding-top:2.5rem;padding-bottom:2.5rem;}}@media screen and (min-width: 64em){#block_5cc1a65fe77e6{margin-bottom:1rem;padding-top:2.5rem;padding-bottom:2.5rem;}}<\/style>\n                                \n                \n                                \n                <div class=\"related-pages has-3-pages has-3-items-desktop has-3-items-tablet has-1-items-mobile has-16-9-aspect-ratio is-small\">\n                                                                                                        <div class=\"related-page-card\">\n                                <div class=\"wrapper\">\n                                                                                                                                                                        <a href=\"https:\/\/zeilmakerijdevriesmaritiem.nl\/de\/over-zeilmakerij-de-vries-maritiem\/\" >\n                                                                                                                                    <div class=\"card card-normal object-position-bottom\">\n                                                                                                        \n                                                                                                            <div class=\"image\">\n                                                                                                                                                                                                                                                                                                                                                                                <img loading=\"lazy\" decoding=\"async\" width=\"2048\" height=\"1365\" src=\"https:\/\/zeilmakerijdevriesmaritiem.nl\/wp-content\/uploads\/generated-images\/4728\/IMG_5355-425x0.jpg\" class=\"card-image wp-post-image\" alt=\"Segelmacher\" srcset=\"https:\/\/zeilmakerijdevriesmaritiem.nl\/wp-content\/uploads\/2020\/12\/IMG_5355-300x200.jpg 300w, https:\/\/zeilmakerijdevriesmaritiem.nl\/wp-content\/uploads\/2020\/12\/IMG_5355-188x125.jpg 188w, https:\/\/zeilmakerijdevriesmaritiem.nl\/wp-content\/uploads\/generated-images\/4728\/IMG_5355-425x0.jpg 425w\" sizes=\"auto, (max-width: 425px) 100vw, 425px\" \/>\n                                                                                                                                                                                <\/div>\n                                                                                                        <div class=\"card-section\" data-equalizer-watch>\n                                                                                                                                                                                                                                \n                                                                                                                    <p class=\"title clamp-to-2 h4\">\u00dcber De Vries Maritiem<\/p>\n                                                                                                                \n                                                                                                                                                                        \n                                                                                                                    <span class=\"read-more\">\n                                                                \n                                                                                                                                    <iconify-icon class=\"iconify icon-fw icon-sm\" icon=\"fas:chevron-right\"><\/iconify-icon>\n                                                                                                                            <\/span>\n                                                                                                                                                                    <\/div>\n                                                                                                    <\/div>\n                                                                                                                                    <\/a>\n                                                                                                                        \n                                                                                                                                                <\/div>\n                            <\/div>\n\n                        \n                                                                                                                        <div class=\"related-page-card\">\n                                <div class=\"wrapper\">\n                                                                                                                                                                        <a href=\"https:\/\/zeilmakerijdevriesmaritiem.nl\/de\/over-zeilmakerij-de-vries-maritiem\/historie\/\" >\n                                                                                                                                    <div class=\"card card-normal object-position-center\">\n                                                                                                        \n                                                                                                            <div class=\"image\">\n                                                                                                                                                                                                                                                                                                                                                                                <img loading=\"lazy\" decoding=\"async\" width=\"366\" height=\"259\" src=\"https:\/\/zeilmakerijdevriesmaritiem.nl\/wp-content\/uploads\/generated-images\/568\/Scan_20161123-3-425x0.png\" class=\"card-image wp-post-image\" alt=\"\" srcset=\"https:\/\/zeilmakerijdevriesmaritiem.nl\/wp-content\/uploads\/2019\/04\/Scan_20161123-3-366x259.png 366w, https:\/\/zeilmakerijdevriesmaritiem.nl\/wp-content\/uploads\/2019\/04\/Scan_20161123-3-200x141.png 200w, https:\/\/zeilmakerijdevriesmaritiem.nl\/wp-content\/uploads\/2019\/04\/Scan_20161123-3-300x212.png 300w, https:\/\/zeilmakerijdevriesmaritiem.nl\/wp-content\/uploads\/2019\/04\/Scan_20161123-3-177x125.png 177w, https:\/\/zeilmakerijdevriesmaritiem.nl\/wp-content\/uploads\/generated-images\/568\/Scan_20161123-3-425x0.png 425w\" sizes=\"auto, (max-width: 425px) 100vw, 425px\" \/>\n                                                                                                                                                                                <\/div>\n                                                                                                        <div class=\"card-section\" data-equalizer-watch>\n                                                                                                                                                                                                                                \n                                                                                                                    <p class=\"title clamp-to-2 h4\">Geschichte<\/p>\n                                                                                                                \n                                                                                                                                                                        \n                                                                                                                    <span class=\"read-more\">\n                                                                \n                                                                                                                                    <iconify-icon class=\"iconify icon-fw icon-sm\" icon=\"fas:chevron-right\"><\/iconify-icon>\n                                                                                                                            <\/span>\n                                                                                                                                                                    <\/div>\n                                                                                                    <\/div>\n                                                                                                                                    <\/a>\n                                                                                                                        \n                                                                                                                                                <\/div>\n                            <\/div>\n\n                        \n                                                                                                                        <div class=\"related-page-card\">\n                                <div class=\"wrapper\">\n                                                                                                                                                                        <a href=\"https:\/\/zeilmakerijdevriesmaritiem.nl\/de\/over-zeilmakerij-de-vries-maritiem\/de-zeilmakers\/\" >\n                                                                                                                                    <div class=\"card card-normal object-position-center\">\n                                                                                                        \n                                                                                                            <div class=\"image\">\n                                                                                                                                                                                                                                                                                                                                                                                <img loading=\"lazy\" decoding=\"async\" width=\"366\" height=\"275\" src=\"https:\/\/zeilmakerijdevriesmaritiem.nl\/wp-content\/uploads\/generated-images\/385\/IMG_20190408_092952_1-425x0.jpg\" class=\"card-image wp-post-image\" alt=\"\" srcset=\"https:\/\/zeilmakerijdevriesmaritiem.nl\/wp-content\/uploads\/2019\/04\/IMG_20190408_092952_1-366x275.jpg 366w, https:\/\/zeilmakerijdevriesmaritiem.nl\/wp-content\/uploads\/2019\/04\/IMG_20190408_092952_1-200x150.jpg 200w, https:\/\/zeilmakerijdevriesmaritiem.nl\/wp-content\/uploads\/2019\/04\/IMG_20190408_092952_1-300x225.jpg 300w, https:\/\/zeilmakerijdevriesmaritiem.nl\/wp-content\/uploads\/2019\/04\/IMG_20190408_092952_1-167x125.jpg 167w, https:\/\/zeilmakerijdevriesmaritiem.nl\/wp-content\/uploads\/generated-images\/385\/IMG_20190408_092952_1-425x0.jpg 425w\" sizes=\"auto, (max-width: 425px) 100vw, 425px\" \/>\n                                                                                                                                                                                <\/div>\n                                                                                                        <div class=\"card-section\" data-equalizer-watch>\n                                                                                                                                                                                                                                \n                                                                                                                    <p class=\"title clamp-to-2 h4\">Die Segelmacher<\/p>\n                                                                                                                \n                                                                                                                                                                        \n                                                                                                                    <span class=\"read-more\">\n                                                                \n                                                                                                                                    <iconify-icon class=\"iconify icon-fw icon-sm\" icon=\"fas:chevron-right\"><\/iconify-icon>\n                                                                                                                            <\/span>\n                                                                                                                                                                    <\/div>\n                                                                                                    <\/div>\n                                                                                                                                    <\/a>\n                                                                                                                        \n                                                                                                                                                <\/div>\n                            <\/div>\n\n                        \n                                            \n                                            <\/div>\n\n                \n                                \n\n                            <\/div>","protected":false},"excerpt":{"rendered":"<p>Ihre Produkte sind bei uns in sicheren H\u00e4nden. Wir sorgen daf\u00fcr, dass Ihre Reparatur immer innerhalb der vereinbarten Zeit abgeschlossen wird. Charterschiffe werden immer kurzfristig repariert, und auch Privatpersonen k\u00f6nnen ihre Reparaturen oft w\u00e4hrend der Wartezeit durchf\u00fchren lassen. Im Winter werden in der Regel die gr\u00f6\u00dferen Reparaturen durchgef\u00fchrt...<\/p>","protected":false},"author":1,"featured_media":0,"parent":548,"menu_order":0,"comment_status":"closed","ping_status":"closed","template":"","meta":{"_acf_changed":false,"_joinchat":[],"footnotes":""},"smart_tag":[],"class_list":["post-563","page","type-page","status-publish","hentry","entry"],"acf":[],"yoast_head":"<!-- This site is optimized with the Yoast SEO plugin v27.1.1 - https:\/\/yoast.com\/product\/yoast-seo-wordpress\/ -->\n<title>Onderhoud aan uw boot - Zeilwasserij bij De Vries Maritiem<\/title>\n<meta name=\"description\" content=\"Koop een boot en... het onderhoud van een boot stopt nooit! Wij helpen u graag met allerhande klussen aan uw boot. Vraag direct een offerte aan.\" \/>\n<meta name=\"robots\" content=\"index, follow, max-snippet:-1, max-image-preview:large, max-video-preview:-1\" \/>\n<link rel=\"canonical\" href=\"https:\/\/zeilmakerijdevriesmaritiem.nl\/de\/wartung-und-reparatur\/wartung\/\" \/>\n<meta property=\"og:locale\" content=\"de_DE\" \/>\n<meta property=\"og:type\" content=\"article\" \/>\n<meta property=\"og:title\" content=\"Onderhoud aan uw boot - Zeilwasserij bij De Vries Maritiem\" \/>\n<meta property=\"og:description\" content=\"Koop een boot en... het onderhoud van een boot stopt nooit! Wij helpen u graag met allerhande klussen aan uw boot. Vraag direct een offerte aan.\" \/>\n<meta property=\"og:url\" content=\"https:\/\/zeilmakerijdevriesmaritiem.nl\/de\/wartung-und-reparatur\/wartung\/\" \/>\n<meta property=\"og:site_name\" content=\"De Vries Maritiem\" \/>\n<meta property=\"article:modified_time\" content=\"2019-06-14T08:26:17+00:00\" \/>\n<meta name=\"twitter:card\" content=\"summary_large_image\" \/>\n<script type=\"application\/ld+json\" class=\"yoast-schema-graph\">{\"@context\":\"https:\/\/schema.org\",\"@graph\":[{\"@type\":\"WebPage\",\"@id\":\"https:\/\/zeilmakerijdevriesmaritiem.nl\/reparatie-en-onderhoud\/onderhoud\/\",\"url\":\"https:\/\/zeilmakerijdevriesmaritiem.nl\/reparatie-en-onderhoud\/onderhoud\/\",\"name\":\"Onderhoud aan uw boot - Zeilwasserij bij De Vries Maritiem\",\"isPartOf\":{\"@id\":\"https:\/\/zeilmakerijdevriesmaritiem.nl\/#website\"},\"datePublished\":\"2019-04-25T12:36:14+00:00\",\"dateModified\":\"2019-06-14T08:26:17+00:00\",\"description\":\"Koop een boot en... het onderhoud van een boot stopt nooit! Wij helpen u graag met allerhande klussen aan uw boot. Vraag direct een offerte aan.\",\"breadcrumb\":{\"@id\":\"https:\/\/zeilmakerijdevriesmaritiem.nl\/reparatie-en-onderhoud\/onderhoud\/#breadcrumb\"},\"inLanguage\":\"de\",\"potentialAction\":[{\"@type\":\"ReadAction\",\"target\":[\"https:\/\/zeilmakerijdevriesmaritiem.nl\/reparatie-en-onderhoud\/onderhoud\/\"]}]},{\"@type\":\"BreadcrumbList\",\"@id\":\"https:\/\/zeilmakerijdevriesmaritiem.nl\/reparatie-en-onderhoud\/onderhoud\/#breadcrumb\",\"itemListElement\":[{\"@type\":\"ListItem\",\"position\":1,\"name\":\"Home\",\"item\":\"https:\/\/zeilmakerijdevriesmaritiem.nl\/\"},{\"@type\":\"ListItem\",\"position\":2,\"name\":\"Reparatie zeilen en canvas\",\"item\":\"https:\/\/zeilmakerijdevriesmaritiem.nl\/reparatie-en-onderhoud\/\"},{\"@type\":\"ListItem\",\"position\":3,\"name\":\"Onderhoud\"}]},{\"@type\":\"WebSite\",\"@id\":\"https:\/\/zeilmakerijdevriesmaritiem.nl\/#website\",\"url\":\"https:\/\/zeilmakerijdevriesmaritiem.nl\/\",\"name\":\"De Vries Maritiem\",\"description\":\"\",\"potentialAction\":[{\"@type\":\"SearchAction\",\"target\":{\"@type\":\"EntryPoint\",\"urlTemplate\":\"https:\/\/zeilmakerijdevriesmaritiem.nl\/?s={search_term_string}\"},\"query-input\":{\"@type\":\"PropertyValueSpecification\",\"valueRequired\":true,\"valueName\":\"search_term_string\"}}],\"inLanguage\":\"de\"}]}<\/script>\n<!-- \/ Yoast SEO plugin. -->","yoast_head_json":{"title":"Wartung Ihres Bootes - Segel waschen bei De Vries Maritiem","description":"Ein Boot kaufen und... die Wartung eines Bootes h\u00f6rt nie auf! Wir helfen Ihnen gerne bei allen m\u00f6glichen Arbeiten an Ihrem Boot. Fordern Sie direkt ein Angebot an.","robots":{"index":"index","follow":"follow","max-snippet":"max-snippet:-1","max-image-preview":"max-image-preview:large","max-video-preview":"max-video-preview:-1"},"canonical":"https:\/\/zeilmakerijdevriesmaritiem.nl\/de\/wartung-und-reparatur\/wartung\/","og_locale":"de_DE","og_type":"article","og_title":"Onderhoud aan uw boot - Zeilwasserij bij De Vries Maritiem","og_description":"Koop een boot en... het onderhoud van een boot stopt nooit! Wij helpen u graag met allerhande klussen aan uw boot. Vraag direct een offerte aan.","og_url":"https:\/\/zeilmakerijdevriesmaritiem.nl\/de\/wartung-und-reparatur\/wartung\/","og_site_name":"De Vries Maritiem","article_modified_time":"2019-06-14T08:26:17+00:00","twitter_card":"summary_large_image","schema":{"@context":"https:\/\/schema.org","@graph":[{"@type":"WebPage","@id":"https:\/\/zeilmakerijdevriesmaritiem.nl\/reparatie-en-onderhoud\/onderhoud\/","url":"https:\/\/zeilmakerijdevriesmaritiem.nl\/reparatie-en-onderhoud\/onderhoud\/","name":"Wartung Ihres Bootes - Segel waschen bei De Vries Maritiem","isPartOf":{"@id":"https:\/\/zeilmakerijdevriesmaritiem.nl\/#website"},"datePublished":"2019-04-25T12:36:14+00:00","dateModified":"2019-06-14T08:26:17+00:00","description":"Ein Boot kaufen und... die Wartung eines Bootes h\u00f6rt nie auf! Wir helfen Ihnen gerne bei allen m\u00f6glichen Arbeiten an Ihrem Boot. Fordern Sie direkt ein Angebot an.","breadcrumb":{"@id":"https:\/\/zeilmakerijdevriesmaritiem.nl\/reparatie-en-onderhoud\/onderhoud\/#breadcrumb"},"inLanguage":"de","potentialAction":[{"@type":"ReadAction","target":["https:\/\/zeilmakerijdevriesmaritiem.nl\/reparatie-en-onderhoud\/onderhoud\/"]}]},{"@type":"BreadcrumbList","@id":"https:\/\/zeilmakerijdevriesmaritiem.nl\/reparatie-en-onderhoud\/onderhoud\/#breadcrumb","itemListElement":[{"@type":"ListItem","position":1,"name":"Home","item":"https:\/\/zeilmakerijdevriesmaritiem.nl\/"},{"@type":"ListItem","position":2,"name":"Reparatie zeilen en canvas","item":"https:\/\/zeilmakerijdevriesmaritiem.nl\/reparatie-en-onderhoud\/"},{"@type":"ListItem","position":3,"name":"Onderhoud"}]},{"@type":"WebSite","@id":"https:\/\/zeilmakerijdevriesmaritiem.nl\/#website","url":"https:\/\/zeilmakerijdevriesmaritiem.nl\/","name":"De Vries Maritiem","description":"","potentialAction":[{"@type":"SearchAction","target":{"@type":"EntryPoint","urlTemplate":"https:\/\/zeilmakerijdevriesmaritiem.nl\/?s={search_term_string}"},"query-input":{"@type":"PropertyValueSpecification","valueRequired":true,"valueName":"search_term_string"}}],"inLanguage":"de"}]}},"_links":{"self":[{"href":"https:\/\/zeilmakerijdevriesmaritiem.nl\/de\/wp-json\/wp\/v2\/pages\/563","targetHints":{"allow":["GET"]}}],"collection":[{"href":"https:\/\/zeilmakerijdevriesmaritiem.nl\/de\/wp-json\/wp\/v2\/pages"}],"about":[{"href":"https:\/\/zeilmakerijdevriesmaritiem.nl\/de\/wp-json\/wp\/v2\/types\/page"}],"author":[{"embeddable":true,"href":"https:\/\/zeilmakerijdevriesmaritiem.nl\/de\/wp-json\/wp\/v2\/users\/1"}],"replies":[{"embeddable":true,"href":"https:\/\/zeilmakerijdevriesmaritiem.nl\/de\/wp-json\/wp\/v2\/comments?post=563"}],"version-history":[{"count":8,"href":"https:\/\/zeilmakerijdevriesmaritiem.nl\/de\/wp-json\/wp\/v2\/pages\/563\/revisions"}],"predecessor-version":[{"id":2239,"href":"https:\/\/zeilmakerijdevriesmaritiem.nl\/de\/wp-json\/wp\/v2\/pages\/563\/revisions\/2239"}],"up":[{"embeddable":true,"href":"https:\/\/zeilmakerijdevriesmaritiem.nl\/de\/wp-json\/wp\/v2\/pages\/548"}],"wp:attachment":[{"href":"https:\/\/zeilmakerijdevriesmaritiem.nl\/de\/wp-json\/wp\/v2\/media?parent=563"}],"wp:term":[{"taxonomy":"smart_tag","embeddable":true,"href":"https:\/\/zeilmakerijdevriesmaritiem.nl\/de\/wp-json\/wp\/v2\/smart_tag?post=563"}],"curies":[{"name":"wp","href":"https:\/\/api.w.org\/{rel}","templated":true}]}}