{"id":527,"date":"2019-04-25T12:12:27","date_gmt":"2019-04-25T12:12:27","guid":{"rendered":"https:\/\/maritiem.mediasoep.nl\/?page_id=527"},"modified":"2019-10-10T06:15:19","modified_gmt":"2019-10-10T06:15:19","slug":"kreuzer","status":"publish","type":"page","link":"https:\/\/zeilmakerijdevriesmaritiem.nl\/de\/motorboot\/kruiser\/","title":{"rendered":"Kreuzer"},"content":{"rendered":"<div class=\"wp-block-cover\" style=\"background-image:url(https:\/\/zeilmakerijdevriesmaritiem.nl\/wp-content\/uploads\/2019\/06\/WhatsApp-Image-2019-06-03-at-23.03.33-1.jpeg);background-position:49.559202981651374% 51.000381097560975%\"><div class=\"wp-block-cover__inner-container\">\n<p class=\"wp-block-paragraph has-text-align-center has-large-font-size\"><\/p>\n<\/div><\/div>\n\n\n<div id=\"block_5cc19ff9a1b98\" class=\"ms_breadcrumbs\">\n            <style>@media screen and (max-width: 39.9375em){#block_5cc19ff9a1b98{margin-bottom:1rem;padding-top:1rem;padding-bottom:1rem;}}@media screen and (min-width: 40em) and (max-width: 63.9375em){#block_5cc19ff9a1b98{margin-bottom:1rem;padding-top:1rem;padding-bottom:1rem;}}@media screen and (min-width: 64em){#block_5cc19ff9a1b98{margin-bottom:1rem;padding-top:1rem;padding-bottom:1rem;}}<\/style>\n        <div class=\"container\">\n        <ul id=\"breadcrumbs\" class=\"breadcrumbs\" itemscope itemtype=\"http:\/\/schema.org\/BreadcrumbList\"><li itemprop=\"itemListElement\" itemscope itemtype=\"http:\/\/schema.org\/ListItem\"><a class=\"breadcrumbs__link\" href=\"https:\/\/zeilmakerijdevriesmaritiem.nl\/de\/\" itemprop=\"item\" title=\"Startseite\"><span itemprop=\"name\" style=\"display: none;\">Startseite<\/span>Startseite<\/a><meta itemprop=\"position\" content=\"1\" \/><\/li><\/ul><!-- .breadcrumbs -->\n    <\/div>\n<\/div>\n\n\n\n<div class=\"wp-block-columns has-2-columns\">\n<div class=\"wp-block-column is-one-third\"><div class=\"ms_sidemenu\" style=\"margin-bottom: 1rem; padding-bottom: 2.5rem;\">\n            <div class=\"box\">\n            <div class=\"pages-list\"><a class='current-page-item' href='https:\/\/zeilmakerijdevriesmaritiem.nl\/de\/motorboot\/kruiser\/'>Kreuzer <span class='iconify text-secondary' data-icon='fas:caret-right'><\/span><\/a><\/div><div class=\"pages-list\"><a href='https:\/\/zeilmakerijdevriesmaritiem.nl\/de\/motorboot\/sloep\/'>Schaluppe <span class='iconify text-secondary' data-icon='far:caret-right'><\/span><\/a><ul class=\"icon-ul\"><li><span class='icon-li'><span class='iconify text-secondary' data-icon='far:chevron-right'><\/span><\/span><a href='https:\/\/zeilmakerijdevriesmaritiem.nl\/de\/motorboot\/sloep\/buiskap-sloep\/'>Rohrdeckel Schaluppe<\/a><\/li><\/ul><\/div><div class=\"pages-list\"><a href='https:\/\/zeilmakerijdevriesmaritiem.nl\/de\/motorboot\/speedboot\/'>Schnellboot <span class='iconify text-secondary' data-icon='far:caret-right'><\/span><\/a><\/div><div class=\"pages-list\"><a href='https:\/\/zeilmakerijdevriesmaritiem.nl\/de\/motorboot\/visboot\/'>Fischerboot <span class='iconify text-secondary' data-icon='far:caret-right'><\/span><\/a><\/div>\n        <\/div>\n                <div class=\"usps\">\n                            <div class=\"usp\">\n                    <p class=\"title\">Fast 200 Jahre Erfahrung<\/p>\n                                    <\/div>\n                            <div class=\"usp\">\n                    <p class=\"title\">Eigener Hafen in Lemmer<\/p>\n                                    <\/div>\n                            <div class=\"usp\">\n                    <p class=\"title\">Unsere Leute segeln selbst: in der Freizeit und im Wettkampf<\/p>\n                                    <\/div>\n                    <\/div>\n    <\/div>\n<\/div>\n\n\n\n<div class=\"wp-block-column is-two-thirds\">\n<h1 class=\"wp-block-heading\">Kreuzer<\/h1>\n\n\n\n<h2 class=\"wp-block-heading\">Kruiser Cabriozelte, Bimini's und Abdeckungen<\/h2>\n\n\n\n<p class=\"wp-block-paragraph\">Haben Sie mehr Platz an Bord Ihres <strong><em>Kreuzer <\/em><\/strong>Ben\u00f6tigen Sie ein neues Verdeck oder sind Sie bereit, Ihr aktuelles Verdeck zu ersetzen? Bei sailmakerij De Vries Maritiem sind Sie an der richtigen Adresse! Seit 1830 sind wir eine Segelmacherei, die stets bestrebt ist, Ihre W\u00fcnsche in ein Qualit\u00e4tsprodukt umzusetzen.<\/p>\n\n\n\n<h2 class=\"wp-block-heading\"><strong>Ma\u00dfgeschneidert f\u00fcr Ihr Kreuzfahrtschiff<\/strong><\/h2>\n\n\n\n<p class=\"wp-block-paragraph\">Mit einem ma\u00dfgeschneiderten Zelt oder Bimini f\u00fcr Ihren Cruiser vergr\u00f6\u00dfern Sie den Lebensraum an Bord! Mit einem Bimini-Top k\u00f6nnen Sie an einem sch\u00f6nen sonnigen Tag ein schattiges Pl\u00e4tzchen auf Ihrem Achterdeck genie\u00dfen. Es ist sogar m\u00f6glich, Ihr Bimini mit abschlie\u00dfbaren Seiten und R\u00fccken zu versehen. Auf diese Weise k\u00f6nnen Sie auch bei schlechtem Wetter die sch\u00f6ne Aussicht von der Terrasse aus genie\u00dfen.<\/p>\n\n\n\n<h2 class=\"wp-block-heading\"><strong>Verdeck \/ individuelle Beratung f\u00fcr Ihren Cruiser<\/strong><\/h2>\n\n\n\n<p class=\"wp-block-paragraph\">Sie wissen noch nicht, welche Art von \u00dcberdachung Sie w\u00fcnschen oder welche am besten zu Ihnen passt? <strong><em>Kreuzer<\/em><\/strong>? Z\u00f6gern Sie nicht und nehmen Sie Kontakt mit uns auf. Die Spezialisten von Sailmakerij De Vries Maritiem stehen Ihnen gerne zur Verf\u00fcgung!<\/p>\n\n\n\n<figure class=\"wp-block-gallery columns-3 is-cropped wp-block-gallery-1\"><ul class=\"blocks-gallery-grid\"><li class=\"blocks-gallery-item\"><figure><img loading=\"lazy\" decoding=\"async\" width=\"1024\" height=\"768\" src=\"https:\/\/zeilmakerijdevriesmaritiem.nl\/wp-content\/uploads\/2019\/06\/WhatsApp-Image-2019-06-03-at-23.03.33-3-1024x768.jpeg\" alt=\"\" data-id=\"1938\" data-link=\"https:\/\/zeilmakerijdevriesmaritiem.nl\/motorboot\/kruiser\/whatsapp-image-2019-06-03-at-23-03-33-3\/\" class=\"wp-image-1938\" srcset=\"https:\/\/zeilmakerijdevriesmaritiem.nl\/wp-content\/uploads\/2019\/06\/WhatsApp-Image-2019-06-03-at-23.03.33-3.jpeg 1024w, https:\/\/zeilmakerijdevriesmaritiem.nl\/wp-content\/uploads\/2019\/06\/WhatsApp-Image-2019-06-03-at-23.03.33-3-200x150.jpeg 200w, https:\/\/zeilmakerijdevriesmaritiem.nl\/wp-content\/uploads\/2019\/06\/WhatsApp-Image-2019-06-03-at-23.03.33-3-300x225.jpeg 300w, https:\/\/zeilmakerijdevriesmaritiem.nl\/wp-content\/uploads\/2019\/06\/WhatsApp-Image-2019-06-03-at-23.03.33-3-768x576.jpeg 768w, https:\/\/zeilmakerijdevriesmaritiem.nl\/wp-content\/uploads\/2019\/06\/WhatsApp-Image-2019-06-03-at-23.03.33-3-366x275.jpeg 366w, https:\/\/zeilmakerijdevriesmaritiem.nl\/wp-content\/uploads\/2019\/06\/WhatsApp-Image-2019-06-03-at-23.03.33-3-167x125.jpeg 167w\" sizes=\"auto, (max-width: 1024px) 100vw, 1024px\" \/><\/figure><\/li><li class=\"blocks-gallery-item\"><figure><img loading=\"lazy\" decoding=\"async\" width=\"1024\" height=\"768\" src=\"https:\/\/zeilmakerijdevriesmaritiem.nl\/wp-content\/uploads\/2019\/06\/WhatsApp-Image-2019-06-03-at-23.03.33-1-1-1024x768.jpeg\" alt=\"\" data-id=\"1939\" data-link=\"https:\/\/zeilmakerijdevriesmaritiem.nl\/motorboot\/kruiser\/whatsapp-image-2019-06-03-at-23-03-33-1-1\/\" class=\"wp-image-1939\" srcset=\"https:\/\/zeilmakerijdevriesmaritiem.nl\/wp-content\/uploads\/2019\/06\/WhatsApp-Image-2019-06-03-at-23.03.33-1-1.jpeg 1024w, https:\/\/zeilmakerijdevriesmaritiem.nl\/wp-content\/uploads\/2019\/06\/WhatsApp-Image-2019-06-03-at-23.03.33-1-1-200x150.jpeg 200w, https:\/\/zeilmakerijdevriesmaritiem.nl\/wp-content\/uploads\/2019\/06\/WhatsApp-Image-2019-06-03-at-23.03.33-1-1-300x225.jpeg 300w, https:\/\/zeilmakerijdevriesmaritiem.nl\/wp-content\/uploads\/2019\/06\/WhatsApp-Image-2019-06-03-at-23.03.33-1-1-768x576.jpeg 768w, https:\/\/zeilmakerijdevriesmaritiem.nl\/wp-content\/uploads\/2019\/06\/WhatsApp-Image-2019-06-03-at-23.03.33-1-1-366x275.jpeg 366w, https:\/\/zeilmakerijdevriesmaritiem.nl\/wp-content\/uploads\/2019\/06\/WhatsApp-Image-2019-06-03-at-23.03.33-1-1-167x125.jpeg 167w\" sizes=\"auto, (max-width: 1024px) 100vw, 1024px\" \/><\/figure><\/li><li class=\"blocks-gallery-item\"><figure><img loading=\"lazy\" decoding=\"async\" width=\"1024\" height=\"768\" src=\"https:\/\/zeilmakerijdevriesmaritiem.nl\/wp-content\/uploads\/2019\/06\/WhatsApp-Image-2019-06-03-at-23.03.33-2-1024x768.jpg\" alt=\"\" data-id=\"1940\" data-link=\"https:\/\/zeilmakerijdevriesmaritiem.nl\/motorboot\/kruiser\/whatsapp-image-2019-06-03-at-23-03-33-2\/\" class=\"wp-image-1940\" srcset=\"https:\/\/zeilmakerijdevriesmaritiem.nl\/wp-content\/uploads\/2019\/06\/WhatsApp-Image-2019-06-03-at-23.03.33-2.jpg 1024w, https:\/\/zeilmakerijdevriesmaritiem.nl\/wp-content\/uploads\/2019\/06\/WhatsApp-Image-2019-06-03-at-23.03.33-2-200x150.jpg 200w, https:\/\/zeilmakerijdevriesmaritiem.nl\/wp-content\/uploads\/2019\/06\/WhatsApp-Image-2019-06-03-at-23.03.33-2-300x225.jpg 300w, https:\/\/zeilmakerijdevriesmaritiem.nl\/wp-content\/uploads\/2019\/06\/WhatsApp-Image-2019-06-03-at-23.03.33-2-768x576.jpg 768w, https:\/\/zeilmakerijdevriesmaritiem.nl\/wp-content\/uploads\/2019\/06\/WhatsApp-Image-2019-06-03-at-23.03.33-2-366x275.jpg 366w, https:\/\/zeilmakerijdevriesmaritiem.nl\/wp-content\/uploads\/2019\/06\/WhatsApp-Image-2019-06-03-at-23.03.33-2-167x125.jpg 167w\" sizes=\"auto, (max-width: 1024px) 100vw, 1024px\" \/><\/figure><\/li><\/ul><\/figure>\n<\/div>\n<\/div>","protected":false},"excerpt":{"rendered":"<p>Kruiser Cabriozelte, Biminis und Abdeckungen Ben\u00f6tigen Sie mehr Platz an Bord Ihres Cruisers oder sind Sie bereit, Ihr derzeitiges Cabriozelt zu ersetzen? Bei Sailmakerij De Vries Maritiem sind Sie an der richtigen Adresse! Seit 1830 sind wir eine Segelmacherei, die stets bestrebt ist, Ihre W\u00fcnsche in...<\/p>","protected":false},"author":1,"featured_media":1930,"parent":13,"menu_order":0,"comment_status":"closed","ping_status":"closed","template":"","meta":{"_acf_changed":false,"_joinchat":[],"footnotes":""},"smart_tag":[],"class_list":["post-527","page","type-page","status-publish","has-post-thumbnail","hentry","entry"],"acf":[],"yoast_head":"<!-- This site is optimized with the Yoast SEO plugin v27.1.1 - https:\/\/yoast.com\/product\/yoast-seo-wordpress\/ -->\n<title>Kruiser cabriolettenten, hoezen en bimini&#039;s | Zeilmakerij De Vries Maritiem!<\/title>\n<meta name=\"description\" content=\"Op maat gemaakte overkapping voor uw kruiser nodig? Of is deze toe aan vervanging? Wij helpen u gemakkelijk en snel aan de perfecte hoes, tent of Bimini!\" \/>\n<meta name=\"robots\" content=\"index, follow, max-snippet:-1, max-image-preview:large, max-video-preview:-1\" \/>\n<link rel=\"canonical\" href=\"https:\/\/zeilmakerijdevriesmaritiem.nl\/de\/motorboot\/kreuzer\/\" \/>\n<meta property=\"og:locale\" content=\"de_DE\" \/>\n<meta property=\"og:type\" content=\"article\" \/>\n<meta property=\"og:title\" content=\"Kruiser cabriolettenten, hoezen en bimini&#039;s | Zeilmakerij De Vries Maritiem!\" \/>\n<meta property=\"og:description\" content=\"Op maat gemaakte overkapping voor uw kruiser nodig? Of is deze toe aan vervanging? Wij helpen u gemakkelijk en snel aan de perfecte hoes, tent of Bimini!\" \/>\n<meta property=\"og:url\" content=\"https:\/\/zeilmakerijdevriesmaritiem.nl\/de\/motorboot\/kreuzer\/\" \/>\n<meta property=\"og:site_name\" content=\"De Vries Maritiem\" \/>\n<meta property=\"article:modified_time\" content=\"2019-10-10T06:15:19+00:00\" \/>\n<meta property=\"og:image\" content=\"https:\/\/zeilmakerijdevriesmaritiem.nl\/wp-content\/uploads\/2019\/06\/WhatsApp-Image-2019-06-03-at-23.03.33-1.jpeg\" \/>\n\t<meta property=\"og:image:width\" content=\"1024\" \/>\n\t<meta property=\"og:image:height\" content=\"768\" \/>\n\t<meta property=\"og:image:type\" content=\"image\/jpeg\" \/>\n<meta name=\"twitter:card\" content=\"summary_large_image\" \/>\n<meta name=\"twitter:label1\" content=\"Gesch\u00e4tzte Lesezeit\" \/>\n\t<meta name=\"twitter:data1\" content=\"1\u00a0Minute\" \/>\n<script type=\"application\/ld+json\" class=\"yoast-schema-graph\">{\"@context\":\"https:\/\/schema.org\",\"@graph\":[{\"@type\":\"WebPage\",\"@id\":\"https:\/\/zeilmakerijdevriesmaritiem.nl\/motorboot\/kruiser\/\",\"url\":\"https:\/\/zeilmakerijdevriesmaritiem.nl\/motorboot\/kruiser\/\",\"name\":\"Kruiser cabriolettenten, hoezen en bimini's | Zeilmakerij De Vries Maritiem!\",\"isPartOf\":{\"@id\":\"https:\/\/zeilmakerijdevriesmaritiem.nl\/#website\"},\"primaryImageOfPage\":{\"@id\":\"https:\/\/zeilmakerijdevriesmaritiem.nl\/motorboot\/kruiser\/#primaryimage\"},\"image\":{\"@id\":\"https:\/\/zeilmakerijdevriesmaritiem.nl\/motorboot\/kruiser\/#primaryimage\"},\"thumbnailUrl\":\"https:\/\/zeilmakerijdevriesmaritiem.nl\/wp-content\/uploads\/2019\/06\/WhatsApp-Image-2019-06-03-at-23.03.33-1.jpeg\",\"datePublished\":\"2019-04-25T12:12:27+00:00\",\"dateModified\":\"2019-10-10T06:15:19+00:00\",\"description\":\"Op maat gemaakte overkapping voor uw kruiser nodig? Of is deze toe aan vervanging? Wij helpen u gemakkelijk en snel aan de perfecte hoes, tent of Bimini!\",\"breadcrumb\":{\"@id\":\"https:\/\/zeilmakerijdevriesmaritiem.nl\/motorboot\/kruiser\/#breadcrumb\"},\"inLanguage\":\"de\",\"potentialAction\":[{\"@type\":\"ReadAction\",\"target\":[\"https:\/\/zeilmakerijdevriesmaritiem.nl\/motorboot\/kruiser\/\"]}]},{\"@type\":\"ImageObject\",\"inLanguage\":\"de\",\"@id\":\"https:\/\/zeilmakerijdevriesmaritiem.nl\/motorboot\/kruiser\/#primaryimage\",\"url\":\"https:\/\/zeilmakerijdevriesmaritiem.nl\/wp-content\/uploads\/2019\/06\/WhatsApp-Image-2019-06-03-at-23.03.33-1.jpeg\",\"contentUrl\":\"https:\/\/zeilmakerijdevriesmaritiem.nl\/wp-content\/uploads\/2019\/06\/WhatsApp-Image-2019-06-03-at-23.03.33-1.jpeg\",\"width\":1024,\"height\":768},{\"@type\":\"BreadcrumbList\",\"@id\":\"https:\/\/zeilmakerijdevriesmaritiem.nl\/motorboot\/kruiser\/#breadcrumb\",\"itemListElement\":[{\"@type\":\"ListItem\",\"position\":1,\"name\":\"Home\",\"item\":\"https:\/\/zeilmakerijdevriesmaritiem.nl\/\"},{\"@type\":\"ListItem\",\"position\":2,\"name\":\"Motorboot\",\"item\":\"https:\/\/zeilmakerijdevriesmaritiem.nl\/motorboot\/\"},{\"@type\":\"ListItem\",\"position\":3,\"name\":\"Kruiser\"}]},{\"@type\":\"WebSite\",\"@id\":\"https:\/\/zeilmakerijdevriesmaritiem.nl\/#website\",\"url\":\"https:\/\/zeilmakerijdevriesmaritiem.nl\/\",\"name\":\"De Vries Maritiem\",\"description\":\"\",\"potentialAction\":[{\"@type\":\"SearchAction\",\"target\":{\"@type\":\"EntryPoint\",\"urlTemplate\":\"https:\/\/zeilmakerijdevriesmaritiem.nl\/?s={search_term_string}\"},\"query-input\":{\"@type\":\"PropertyValueSpecification\",\"valueRequired\":true,\"valueName\":\"search_term_string\"}}],\"inLanguage\":\"de\"}]}<\/script>\n<!-- \/ Yoast SEO plugin. -->","yoast_head_json":{"title":"Cruiser Cabrio Zelte, Abdeckungen und Bimini's | Zeilmakerij De Vries Maritiem!","description":"Brauchen Sie ein ma\u00dfgeschneidertes Verdeck f\u00fcr Ihren Cruiser? Oder ist es f\u00e4llig, es zu ersetzen? Wir helfen Ihnen einfach und schnell zur perfekten Abdeckung, Zelt oder Bimini!","robots":{"index":"index","follow":"follow","max-snippet":"max-snippet:-1","max-image-preview":"max-image-preview:large","max-video-preview":"max-video-preview:-1"},"canonical":"https:\/\/zeilmakerijdevriesmaritiem.nl\/de\/motorboot\/kreuzer\/","og_locale":"de_DE","og_type":"article","og_title":"Kruiser cabriolettenten, hoezen en bimini's | Zeilmakerij De Vries Maritiem!","og_description":"Op maat gemaakte overkapping voor uw kruiser nodig? Of is deze toe aan vervanging? Wij helpen u gemakkelijk en snel aan de perfecte hoes, tent of Bimini!","og_url":"https:\/\/zeilmakerijdevriesmaritiem.nl\/de\/motorboot\/kreuzer\/","og_site_name":"De Vries Maritiem","article_modified_time":"2019-10-10T06:15:19+00:00","og_image":[{"width":1024,"height":768,"url":"https:\/\/zeilmakerijdevriesmaritiem.nl\/wp-content\/uploads\/2019\/06\/WhatsApp-Image-2019-06-03-at-23.03.33-1.jpeg","type":"image\/jpeg"}],"twitter_card":"summary_large_image","twitter_misc":{"Gesch\u00e4tzte Lesezeit":"1\u00a0Minute"},"schema":{"@context":"https:\/\/schema.org","@graph":[{"@type":"WebPage","@id":"https:\/\/zeilmakerijdevriesmaritiem.nl\/motorboot\/kruiser\/","url":"https:\/\/zeilmakerijdevriesmaritiem.nl\/motorboot\/kruiser\/","name":"Cruiser Cabrio Zelte, Abdeckungen und Bimini's | Zeilmakerij De Vries Maritiem!","isPartOf":{"@id":"https:\/\/zeilmakerijdevriesmaritiem.nl\/#website"},"primaryImageOfPage":{"@id":"https:\/\/zeilmakerijdevriesmaritiem.nl\/motorboot\/kruiser\/#primaryimage"},"image":{"@id":"https:\/\/zeilmakerijdevriesmaritiem.nl\/motorboot\/kruiser\/#primaryimage"},"thumbnailUrl":"https:\/\/zeilmakerijdevriesmaritiem.nl\/wp-content\/uploads\/2019\/06\/WhatsApp-Image-2019-06-03-at-23.03.33-1.jpeg","datePublished":"2019-04-25T12:12:27+00:00","dateModified":"2019-10-10T06:15:19+00:00","description":"Brauchen Sie ein ma\u00dfgeschneidertes Verdeck f\u00fcr Ihren Cruiser? Oder ist es f\u00e4llig, es zu ersetzen? Wir helfen Ihnen einfach und schnell zur perfekten Abdeckung, Zelt oder Bimini!","breadcrumb":{"@id":"https:\/\/zeilmakerijdevriesmaritiem.nl\/motorboot\/kruiser\/#breadcrumb"},"inLanguage":"de","potentialAction":[{"@type":"ReadAction","target":["https:\/\/zeilmakerijdevriesmaritiem.nl\/motorboot\/kruiser\/"]}]},{"@type":"ImageObject","inLanguage":"de","@id":"https:\/\/zeilmakerijdevriesmaritiem.nl\/motorboot\/kruiser\/#primaryimage","url":"https:\/\/zeilmakerijdevriesmaritiem.nl\/wp-content\/uploads\/2019\/06\/WhatsApp-Image-2019-06-03-at-23.03.33-1.jpeg","contentUrl":"https:\/\/zeilmakerijdevriesmaritiem.nl\/wp-content\/uploads\/2019\/06\/WhatsApp-Image-2019-06-03-at-23.03.33-1.jpeg","width":1024,"height":768},{"@type":"BreadcrumbList","@id":"https:\/\/zeilmakerijdevriesmaritiem.nl\/motorboot\/kruiser\/#breadcrumb","itemListElement":[{"@type":"ListItem","position":1,"name":"Home","item":"https:\/\/zeilmakerijdevriesmaritiem.nl\/"},{"@type":"ListItem","position":2,"name":"Motorboot","item":"https:\/\/zeilmakerijdevriesmaritiem.nl\/motorboot\/"},{"@type":"ListItem","position":3,"name":"Kruiser"}]},{"@type":"WebSite","@id":"https:\/\/zeilmakerijdevriesmaritiem.nl\/#website","url":"https:\/\/zeilmakerijdevriesmaritiem.nl\/","name":"De Vries Maritiem","description":"","potentialAction":[{"@type":"SearchAction","target":{"@type":"EntryPoint","urlTemplate":"https:\/\/zeilmakerijdevriesmaritiem.nl\/?s={search_term_string}"},"query-input":{"@type":"PropertyValueSpecification","valueRequired":true,"valueName":"search_term_string"}}],"inLanguage":"de"}]}},"_links":{"self":[{"href":"https:\/\/zeilmakerijdevriesmaritiem.nl\/de\/wp-json\/wp\/v2\/pages\/527","targetHints":{"allow":["GET"]}}],"collection":[{"href":"https:\/\/zeilmakerijdevriesmaritiem.nl\/de\/wp-json\/wp\/v2\/pages"}],"about":[{"href":"https:\/\/zeilmakerijdevriesmaritiem.nl\/de\/wp-json\/wp\/v2\/types\/page"}],"author":[{"embeddable":true,"href":"https:\/\/zeilmakerijdevriesmaritiem.nl\/de\/wp-json\/wp\/v2\/users\/1"}],"replies":[{"embeddable":true,"href":"https:\/\/zeilmakerijdevriesmaritiem.nl\/de\/wp-json\/wp\/v2\/comments?post=527"}],"version-history":[{"count":9,"href":"https:\/\/zeilmakerijdevriesmaritiem.nl\/de\/wp-json\/wp\/v2\/pages\/527\/revisions"}],"predecessor-version":[{"id":3264,"href":"https:\/\/zeilmakerijdevriesmaritiem.nl\/de\/wp-json\/wp\/v2\/pages\/527\/revisions\/3264"}],"up":[{"embeddable":true,"href":"https:\/\/zeilmakerijdevriesmaritiem.nl\/de\/wp-json\/wp\/v2\/pages\/13"}],"wp:featuredmedia":[{"embeddable":true,"href":"https:\/\/zeilmakerijdevriesmaritiem.nl\/de\/wp-json\/wp\/v2\/media\/1930"}],"wp:attachment":[{"href":"https:\/\/zeilmakerijdevriesmaritiem.nl\/de\/wp-json\/wp\/v2\/media?parent=527"}],"wp:term":[{"taxonomy":"smart_tag","embeddable":true,"href":"https:\/\/zeilmakerijdevriesmaritiem.nl\/de\/wp-json\/wp\/v2\/smart_tag?post=527"}],"curies":[{"name":"wp","href":"https:\/\/api.w.org\/{rel}","templated":true}]}}