{"id":508,"date":"2019-04-25T11:34:04","date_gmt":"2019-04-25T11:34:04","guid":{"rendered":"https:\/\/maritiem.mediasoep.nl\/?page_id=508"},"modified":"2019-06-12T15:20:37","modified_gmt":"2019-06-12T15:20:37","slug":"rennsegler","status":"publish","type":"page","link":"https:\/\/zeilmakerijdevriesmaritiem.nl\/de\/zeiler\/wedstrijdzeiler\/","title":{"rendered":"Sportlicher Segler"},"content":{"rendered":"<div class=\"wp-block-cover has-background-dim\"><div class=\"wp-block-cover__inner-container\"><\/div><\/div>\n\n\n<div id=\"block_5cc19a57371b5\" class=\"ms_breadcrumbs\">\n            <style>@media screen and (max-width: 39.9375em){#block_5cc19a57371b5{margin-bottom:1rem;padding-top:1rem;padding-bottom:1rem;}}@media screen and (min-width: 40em) and (max-width: 63.9375em){#block_5cc19a57371b5{margin-bottom:1rem;padding-top:1rem;padding-bottom:1rem;}}@media screen and (min-width: 64em){#block_5cc19a57371b5{margin-bottom:1rem;padding-top:1rem;padding-bottom:1rem;}}<\/style>\n        <div class=\"container\">\n        <ul id=\"breadcrumbs\" class=\"breadcrumbs\" itemscope itemtype=\"http:\/\/schema.org\/BreadcrumbList\"><li itemprop=\"itemListElement\" itemscope itemtype=\"http:\/\/schema.org\/ListItem\"><a class=\"breadcrumbs__link\" href=\"https:\/\/zeilmakerijdevriesmaritiem.nl\/de\/\" itemprop=\"item\" title=\"Startseite\"><span itemprop=\"name\" style=\"display: none;\">Startseite<\/span>Startseite<\/a><meta itemprop=\"position\" content=\"1\" \/><\/li><\/ul><!-- .breadcrumbs -->\n    <\/div>\n<\/div>\n\n\n\n<div class=\"wp-block-columns has-2-columns\">\n<div class=\"wp-block-column is-one-third\"><div class=\"ms_sidemenu\" style=\"margin-bottom: 1rem; padding-bottom: 2.5rem;\">\n            <div class=\"box\">\n            <div class=\"pages-list\"><a href='https:\/\/zeilmakerijdevriesmaritiem.nl\/de\/zeiler\/open-zeilboten\/'>Offene Segelboote <span class='iconify text-secondary' data-icon='far:caret-right'><\/span><\/a><\/div><div class=\"pages-list\"><a href='https:\/\/zeilmakerijdevriesmaritiem.nl\/de\/zeiler\/tourzeiler\/'>Tour-Segler <span class='iconify text-secondary' data-icon='far:caret-right'><\/span><\/a><\/div><div class=\"pages-list\"><a href='https:\/\/zeilmakerijdevriesmaritiem.nl\/de\/zeiler\/tourzeiler-plus\/'>Tour Sailor Plus <span class='iconify text-secondary' data-icon='far:caret-right'><\/span><\/a><\/div><div class=\"pages-list\"><a href='https:\/\/zeilmakerijdevriesmaritiem.nl\/de\/zeiler\/trampoline-catamaran\/'>Trampolin Katamaran <span class='iconify text-secondary' data-icon='far:caret-right'><\/span><\/a><\/div><div class=\"pages-list\"><a href='https:\/\/zeilmakerijdevriesmaritiem.nl\/de\/zeiler\/vertrekkers\/'>Abg\u00e4nger <span class='iconify text-secondary' data-icon='far:caret-right'><\/span><\/a><\/div><div class=\"pages-list\"><a class='current-page-item' href='https:\/\/zeilmakerijdevriesmaritiem.nl\/de\/zeiler\/wedstrijdzeiler\/'>Sportlicher Segler <span class='iconify text-secondary' data-icon='fas:caret-right'><\/span><\/a><\/div><div class=\"pages-list\"><a href='https:\/\/zeilmakerijdevriesmaritiem.nl\/de\/zeiler\/zeezeiler\/'>Seafarer <span class='iconify text-secondary' data-icon='far:caret-right'><\/span><\/a><\/div>\n        <\/div>\n                <div class=\"usps\">\n                            <div class=\"usp\">\n                    <p class=\"title\">Fast 200 Jahre Erfahrung<\/p>\n                                    <\/div>\n                            <div class=\"usp\">\n                    <p class=\"title\">Eigener Hafen in Lemmer<\/p>\n                                    <\/div>\n                            <div class=\"usp\">\n                    <p class=\"title\">Unsere Leute segeln selbst: in der Freizeit und im Wettkampf<\/p>\n                                    <\/div>\n                    <\/div>\n    <\/div>\n<\/div>\n\n\n\n<div class=\"wp-block-column is-two-thirds\">\n<h1 class=\"wp-block-heading\">Sportlicher Segler<\/h1>\n\n\n\n<p class=\"wp-block-paragraph\">Unsere Rennsegel werden mit einem Ziel vor Augen entworfen und gebaut: kompromissloses Segeln mit einem Segelsatz, bei dem keine Zugest\u00e4ndnisse an Gewicht oder Form gemacht werden. Ein gutes Regattasegel verleiht dem Segler Bootsgeschwindigkeit und Selbstvertrauen, zwei wichtige Elemente in dem komplizierten Spiel, das Regattasegeln ist.<\/p>\n\n\n\n<h2 class=\"wp-block-heading\">Keine Zugest\u00e4ndnisse, reines Rennsegeln.<\/h2>\n\n\n\n<p class=\"wp-block-paragraph\">Abh\u00e4ngig von der Einheitsklasse, Ihren spezifischen Anforderungen oder den Eigenschaften des Bootes wird gemeinsam mit Ihnen der bestm\u00f6gliche Satz an Rennsegeln f\u00fcr Ihr Boot entwickelt. Die Entwicklung eines guten und schnellen Rennsegels ist nur m\u00f6glich, wenn unser gesamtes Know-how und unsere Erfahrung in jeder Phase des Designprozesses konsequent eingesetzt werden.<\/p>\n\n\n\n<h2 class=\"wp-block-heading\">Tuchsorten f\u00fcr Rennsegel<\/h2>\n\n\n\n<p class=\"wp-block-paragraph\">Daher k\u00f6nnen hier alle m\u00f6glichen Arten von Stoffen verwendet werden. In vielen Kursen werden gewebte Stoffe verwendet, von Square Dacron bis Fibercon Pro Radial. F\u00fcr ORC-Beh\u00e4lter verwenden wir h\u00e4ufig ein Laminat wie DCX von Dimension Polyant (triradialer Schnitt) oder die Cross Cut Laminate (Film\/Folie). F\u00fcr die beste Form in Kombination mit einem sehr leichten Segel ist es auch m\u00f6glich, ein Laminat (Folie \/ Blatt) zu verwenden, das f\u00fcr einen Tri-Radialschnitt geeignet ist.<\/p>\n\n\n\n<p class=\"wp-block-paragraph\">Brauchen Sie einen Rat? Nehmen Sie Kontakt mit unseren erfahrenen Segelmachern auf, um die M\u00f6glichkeiten zu besprechen oder ein Angebot anzufordern.<\/p>\n<\/div>\n<\/div>","protected":false},"excerpt":{"rendered":"<p>Rennsegel Unsere Rennsegel werden mit einem Ziel vor Augen entworfen und gebaut: kompromissloses Segeln mit einem Segelsatz, bei dem keine Zugest\u00e4ndnisse an Gewicht oder Form gemacht werden. Ein gutes Regattasegel verleiht dem Segler Bootsgeschwindigkeit und Vertrauen, zwei wichtige Elemente im komplizierten Spiel des Regattasegelns. Keine Zugest\u00e4ndnisse, reines Rennsegeln. Je nach Einheitsklasse kann die...<\/p>","protected":false},"author":1,"featured_media":0,"parent":11,"menu_order":0,"comment_status":"closed","ping_status":"closed","template":"","meta":{"_acf_changed":false,"_joinchat":[],"footnotes":""},"smart_tag":[],"class_list":["post-508","page","type-page","status-publish","hentry","entry"],"acf":[],"yoast_head":"<!-- This site is optimized with the Yoast SEO plugin v27.1.1 - https:\/\/yoast.com\/product\/yoast-seo-wordpress\/ -->\n<title>Wedstrijdzeilen - IJzersterk en van topkwaliteit - De Vries Maritiem<\/title>\n<meta name=\"description\" content=\"Bestel uw wedstrijdzeilen bij Zeilmakerij De Vries Maritiem. Onze wedstrijdzeilen zijn ontworpen en gebouwd met maar 1 doel: Winnen!\" \/>\n<meta name=\"robots\" content=\"index, follow, max-snippet:-1, max-image-preview:large, max-video-preview:-1\" \/>\n<link rel=\"canonical\" href=\"https:\/\/zeilmakerijdevriesmaritiem.nl\/de\/seemann\/rennsegler\/\" \/>\n<meta property=\"og:locale\" content=\"de_DE\" \/>\n<meta property=\"og:type\" content=\"article\" \/>\n<meta property=\"og:title\" content=\"Wedstrijdzeilen - IJzersterk en van topkwaliteit - De Vries Maritiem\" \/>\n<meta property=\"og:description\" content=\"Bestel uw wedstrijdzeilen bij Zeilmakerij De Vries Maritiem. Onze wedstrijdzeilen zijn ontworpen en gebouwd met maar 1 doel: Winnen!\" \/>\n<meta property=\"og:url\" content=\"https:\/\/zeilmakerijdevriesmaritiem.nl\/de\/seemann\/rennsegler\/\" \/>\n<meta property=\"og:site_name\" content=\"De Vries Maritiem\" \/>\n<meta property=\"article:modified_time\" content=\"2019-06-12T15:20:37+00:00\" \/>\n<meta name=\"twitter:card\" content=\"summary_large_image\" \/>\n<meta name=\"twitter:label1\" content=\"Gesch\u00e4tzte Lesezeit\" \/>\n\t<meta name=\"twitter:data1\" content=\"1\u00a0Minute\" \/>\n<script type=\"application\/ld+json\" class=\"yoast-schema-graph\">{\"@context\":\"https:\/\/schema.org\",\"@graph\":[{\"@type\":\"WebPage\",\"@id\":\"https:\/\/zeilmakerijdevriesmaritiem.nl\/zeiler\/wedstrijdzeiler\/\",\"url\":\"https:\/\/zeilmakerijdevriesmaritiem.nl\/zeiler\/wedstrijdzeiler\/\",\"name\":\"Wedstrijdzeilen - IJzersterk en van topkwaliteit - De Vries Maritiem\",\"isPartOf\":{\"@id\":\"https:\/\/zeilmakerijdevriesmaritiem.nl\/#website\"},\"datePublished\":\"2019-04-25T11:34:04+00:00\",\"dateModified\":\"2019-06-12T15:20:37+00:00\",\"description\":\"Bestel uw wedstrijdzeilen bij Zeilmakerij De Vries Maritiem. Onze wedstrijdzeilen zijn ontworpen en gebouwd met maar 1 doel: Winnen!\",\"breadcrumb\":{\"@id\":\"https:\/\/zeilmakerijdevriesmaritiem.nl\/zeiler\/wedstrijdzeiler\/#breadcrumb\"},\"inLanguage\":\"de\",\"potentialAction\":[{\"@type\":\"ReadAction\",\"target\":[\"https:\/\/zeilmakerijdevriesmaritiem.nl\/zeiler\/wedstrijdzeiler\/\"]}]},{\"@type\":\"BreadcrumbList\",\"@id\":\"https:\/\/zeilmakerijdevriesmaritiem.nl\/zeiler\/wedstrijdzeiler\/#breadcrumb\",\"itemListElement\":[{\"@type\":\"ListItem\",\"position\":1,\"name\":\"Home\",\"item\":\"https:\/\/zeilmakerijdevriesmaritiem.nl\/\"},{\"@type\":\"ListItem\",\"position\":2,\"name\":\"Zeiler\",\"item\":\"https:\/\/zeilmakerijdevriesmaritiem.nl\/zeiler\/\"},{\"@type\":\"ListItem\",\"position\":3,\"name\":\"Wedstrijdzeiler\"}]},{\"@type\":\"WebSite\",\"@id\":\"https:\/\/zeilmakerijdevriesmaritiem.nl\/#website\",\"url\":\"https:\/\/zeilmakerijdevriesmaritiem.nl\/\",\"name\":\"De Vries Maritiem\",\"description\":\"\",\"potentialAction\":[{\"@type\":\"SearchAction\",\"target\":{\"@type\":\"EntryPoint\",\"urlTemplate\":\"https:\/\/zeilmakerijdevriesmaritiem.nl\/?s={search_term_string}\"},\"query-input\":{\"@type\":\"PropertyValueSpecification\",\"valueRequired\":true,\"valueName\":\"search_term_string\"}}],\"inLanguage\":\"de\"}]}<\/script>\n<!-- \/ Yoast SEO plugin. -->","yoast_head_json":{"title":"Rennsegel - Robust und von bester Qualit\u00e4t - De Vries Maritiem","description":"Bestellen Sie Ihre Rennsegel bei Zeilmakerij De Vries Maritiem. Unsere Rennsegel werden mit nur 1 Ziel entworfen und gebaut: Zu gewinnen!","robots":{"index":"index","follow":"follow","max-snippet":"max-snippet:-1","max-image-preview":"max-image-preview:large","max-video-preview":"max-video-preview:-1"},"canonical":"https:\/\/zeilmakerijdevriesmaritiem.nl\/de\/seemann\/rennsegler\/","og_locale":"de_DE","og_type":"article","og_title":"Wedstrijdzeilen - IJzersterk en van topkwaliteit - De Vries Maritiem","og_description":"Bestel uw wedstrijdzeilen bij Zeilmakerij De Vries Maritiem. Onze wedstrijdzeilen zijn ontworpen en gebouwd met maar 1 doel: Winnen!","og_url":"https:\/\/zeilmakerijdevriesmaritiem.nl\/de\/seemann\/rennsegler\/","og_site_name":"De Vries Maritiem","article_modified_time":"2019-06-12T15:20:37+00:00","twitter_card":"summary_large_image","twitter_misc":{"Gesch\u00e4tzte Lesezeit":"1\u00a0Minute"},"schema":{"@context":"https:\/\/schema.org","@graph":[{"@type":"WebPage","@id":"https:\/\/zeilmakerijdevriesmaritiem.nl\/zeiler\/wedstrijdzeiler\/","url":"https:\/\/zeilmakerijdevriesmaritiem.nl\/zeiler\/wedstrijdzeiler\/","name":"Rennsegel - Robust und von bester Qualit\u00e4t - De Vries Maritiem","isPartOf":{"@id":"https:\/\/zeilmakerijdevriesmaritiem.nl\/#website"},"datePublished":"2019-04-25T11:34:04+00:00","dateModified":"2019-06-12T15:20:37+00:00","description":"Bestellen Sie Ihre Rennsegel bei Zeilmakerij De Vries Maritiem. Unsere Rennsegel werden mit nur 1 Ziel entworfen und gebaut: Zu gewinnen!","breadcrumb":{"@id":"https:\/\/zeilmakerijdevriesmaritiem.nl\/zeiler\/wedstrijdzeiler\/#breadcrumb"},"inLanguage":"de","potentialAction":[{"@type":"ReadAction","target":["https:\/\/zeilmakerijdevriesmaritiem.nl\/zeiler\/wedstrijdzeiler\/"]}]},{"@type":"BreadcrumbList","@id":"https:\/\/zeilmakerijdevriesmaritiem.nl\/zeiler\/wedstrijdzeiler\/#breadcrumb","itemListElement":[{"@type":"ListItem","position":1,"name":"Home","item":"https:\/\/zeilmakerijdevriesmaritiem.nl\/"},{"@type":"ListItem","position":2,"name":"Zeiler","item":"https:\/\/zeilmakerijdevriesmaritiem.nl\/zeiler\/"},{"@type":"ListItem","position":3,"name":"Wedstrijdzeiler"}]},{"@type":"WebSite","@id":"https:\/\/zeilmakerijdevriesmaritiem.nl\/#website","url":"https:\/\/zeilmakerijdevriesmaritiem.nl\/","name":"De Vries Maritiem","description":"","potentialAction":[{"@type":"SearchAction","target":{"@type":"EntryPoint","urlTemplate":"https:\/\/zeilmakerijdevriesmaritiem.nl\/?s={search_term_string}"},"query-input":{"@type":"PropertyValueSpecification","valueRequired":true,"valueName":"search_term_string"}}],"inLanguage":"de"}]}},"_links":{"self":[{"href":"https:\/\/zeilmakerijdevriesmaritiem.nl\/de\/wp-json\/wp\/v2\/pages\/508","targetHints":{"allow":["GET"]}}],"collection":[{"href":"https:\/\/zeilmakerijdevriesmaritiem.nl\/de\/wp-json\/wp\/v2\/pages"}],"about":[{"href":"https:\/\/zeilmakerijdevriesmaritiem.nl\/de\/wp-json\/wp\/v2\/types\/page"}],"author":[{"embeddable":true,"href":"https:\/\/zeilmakerijdevriesmaritiem.nl\/de\/wp-json\/wp\/v2\/users\/1"}],"replies":[{"embeddable":true,"href":"https:\/\/zeilmakerijdevriesmaritiem.nl\/de\/wp-json\/wp\/v2\/comments?post=508"}],"version-history":[{"count":10,"href":"https:\/\/zeilmakerijdevriesmaritiem.nl\/de\/wp-json\/wp\/v2\/pages\/508\/revisions"}],"predecessor-version":[{"id":2217,"href":"https:\/\/zeilmakerijdevriesmaritiem.nl\/de\/wp-json\/wp\/v2\/pages\/508\/revisions\/2217"}],"up":[{"embeddable":true,"href":"https:\/\/zeilmakerijdevriesmaritiem.nl\/de\/wp-json\/wp\/v2\/pages\/11"}],"wp:attachment":[{"href":"https:\/\/zeilmakerijdevriesmaritiem.nl\/de\/wp-json\/wp\/v2\/media?parent=508"}],"wp:term":[{"taxonomy":"smart_tag","embeddable":true,"href":"https:\/\/zeilmakerijdevriesmaritiem.nl\/de\/wp-json\/wp\/v2\/smart_tag?post=508"}],"curies":[{"name":"wp","href":"https:\/\/api.w.org\/{rel}","templated":true}]}}