{"id":503,"date":"2019-04-25T11:29:16","date_gmt":"2019-04-25T11:29:16","guid":{"rendered":"https:\/\/maritiem.mediasoep.nl\/?page_id=503"},"modified":"2019-10-10T06:39:23","modified_gmt":"2019-10-10T06:39:23","slug":"seemann-2","status":"publish","type":"page","link":"https:\/\/zeilmakerijdevriesmaritiem.nl\/de\/zeiler\/zeezeiler\/","title":{"rendered":"Seafarer"},"content":{"rendered":"<div class=\"wp-block-cover\" style=\"background-image:url(https:\/\/zeilmakerijdevriesmaritiem.nl\/wp-content\/uploads\/2019\/05\/zeezeiler-e1558459629886-1024x350.jpg)\"><div class=\"wp-block-cover__inner-container\">\n<p class=\"wp-block-paragraph has-text-align-center has-large-font-size\"><\/p>\n<\/div><\/div>\n\n\n<div id=\"block_5cc199d80c16f\" class=\"ms_breadcrumbs\">\n            <style>@media screen and (max-width: 39.9375em){#block_5cc199d80c16f{margin-bottom:1rem;padding-top:1rem;padding-bottom:1rem;}}@media screen and (min-width: 40em) and (max-width: 63.9375em){#block_5cc199d80c16f{margin-bottom:1rem;padding-top:1rem;padding-bottom:1rem;}}@media screen and (min-width: 64em){#block_5cc199d80c16f{margin-bottom:1rem;padding-top:1rem;padding-bottom:1rem;}}<\/style>\n        <div class=\"container\">\n        <ul id=\"breadcrumbs\" class=\"breadcrumbs\" itemscope itemtype=\"http:\/\/schema.org\/BreadcrumbList\"><li itemprop=\"itemListElement\" itemscope itemtype=\"http:\/\/schema.org\/ListItem\"><a class=\"breadcrumbs__link\" href=\"https:\/\/zeilmakerijdevriesmaritiem.nl\/de\/\" itemprop=\"item\" title=\"Startseite\"><span itemprop=\"name\" style=\"display: none;\">Startseite<\/span>Startseite<\/a><meta itemprop=\"position\" content=\"1\" \/><\/li><\/ul><!-- .breadcrumbs -->\n    <\/div>\n<\/div>\n\n\n\n<div class=\"wp-block-columns has-2-columns\">\n<div class=\"wp-block-column is-one-third\"><div class=\"ms_sidemenu\" style=\"margin-bottom: 1rem; padding-bottom: 2.5rem;\">\n            <div class=\"box\">\n            <div class=\"pages-list\"><a href='https:\/\/zeilmakerijdevriesmaritiem.nl\/de\/zeiler\/open-zeilboten\/'>Offene Segelboote <span class='iconify text-secondary' data-icon='far:caret-right'><\/span><\/a><\/div><div class=\"pages-list\"><a href='https:\/\/zeilmakerijdevriesmaritiem.nl\/de\/zeiler\/tourzeiler\/'>Tour-Segler <span class='iconify text-secondary' data-icon='far:caret-right'><\/span><\/a><\/div><div class=\"pages-list\"><a href='https:\/\/zeilmakerijdevriesmaritiem.nl\/de\/zeiler\/tourzeiler-plus\/'>Tour Sailor Plus <span class='iconify text-secondary' data-icon='far:caret-right'><\/span><\/a><\/div><div class=\"pages-list\"><a href='https:\/\/zeilmakerijdevriesmaritiem.nl\/de\/zeiler\/trampoline-catamaran\/'>Trampolin Katamaran <span class='iconify text-secondary' data-icon='far:caret-right'><\/span><\/a><\/div><div class=\"pages-list\"><a href='https:\/\/zeilmakerijdevriesmaritiem.nl\/de\/zeiler\/vertrekkers\/'>Abg\u00e4nger <span class='iconify text-secondary' data-icon='far:caret-right'><\/span><\/a><\/div><div class=\"pages-list\"><a href='https:\/\/zeilmakerijdevriesmaritiem.nl\/de\/zeiler\/wedstrijdzeiler\/'>Sportlicher Segler <span class='iconify text-secondary' data-icon='far:caret-right'><\/span><\/a><\/div><div class=\"pages-list\"><a class='current-page-item' href='https:\/\/zeilmakerijdevriesmaritiem.nl\/de\/zeiler\/zeezeiler\/'>Seafarer <span class='iconify text-secondary' data-icon='fas:caret-right'><\/span><\/a><\/div>\n        <\/div>\n                <div class=\"usps\">\n                            <div class=\"usp\">\n                    <p class=\"title\">Fast 200 Jahre Erfahrung<\/p>\n                                    <\/div>\n                            <div class=\"usp\">\n                    <p class=\"title\">Eigener Hafen in Lemmer<\/p>\n                                    <\/div>\n                            <div class=\"usp\">\n                    <p class=\"title\">Unsere Leute segeln selbst: in der Freizeit und im Wettkampf<\/p>\n                                    <\/div>\n                    <\/div>\n    <\/div>\n<\/div>\n\n\n\n<div class=\"wp-block-column is-two-thirds\">\n<h1 class=\"wp-block-heading\">ZEEZEILER<\/h1>\n\n\n\n<p class=\"wp-block-paragraph\">Cruisers Offshore sind Tourensegler, die regelm\u00e4\u00dfig l\u00e4ngere T\u00f6rns unternehmen und manchmal mit schwierigen Bedingungen (Wind und Wellen) zu k\u00e4mpfen haben. Die Segel werden daher schwerer gemacht und wo n\u00f6tig verst\u00e4rkt. In der Regel werden hier Segel mit Kreuzschnitt aus den Tucharten Dacron oder Hydranet gew\u00e4hlt.<\/p>\n\n\n\n<p class=\"wp-block-paragraph\"><\/p>\n<\/div>\n<\/div>","protected":false},"excerpt":{"rendered":"<p>ZEEZEILER Cruisers Offshore sind Tourensegler, die regelm\u00e4\u00dfig l\u00e4ngere T\u00f6rns machen und dabei manchmal mit schweren Bedingungen (Wind und Wellen) zu k\u00e4mpfen haben. Die Segel werden daher schwerer gemacht und wo n\u00f6tig verst\u00e4rkt. In der Regel werden hier Segel mit Kreuzschnitt aus den Tucharten Dacron oder Hydranet gew\u00e4hlt.<\/p>","protected":false},"author":1,"featured_media":1154,"parent":11,"menu_order":0,"comment_status":"closed","ping_status":"closed","template":"","meta":{"_acf_changed":false,"_joinchat":[],"footnotes":""},"smart_tag":[],"class_list":["post-503","page","type-page","status-publish","has-post-thumbnail","hentry","entry"],"acf":[],"yoast_head":"<!-- This site is optimized with the Yoast SEO plugin v27.1.1 - https:\/\/yoast.com\/product\/yoast-seo-wordpress\/ -->\n<title>Zeezeiler - De Vries Maritiem<\/title>\n<meta name=\"robots\" content=\"index, follow, max-snippet:-1, max-image-preview:large, max-video-preview:-1\" \/>\n<link rel=\"canonical\" href=\"https:\/\/zeilmakerijdevriesmaritiem.nl\/de\/seemann\/seemann-2\/\" \/>\n<meta property=\"og:locale\" content=\"de_DE\" \/>\n<meta property=\"og:type\" content=\"article\" \/>\n<meta property=\"og:title\" content=\"Zeezeiler - De Vries Maritiem\" \/>\n<meta property=\"og:description\" content=\"ZEEZEILER Cruisers Offshore zijn toerzeilers die met enige regelmaat langere tochten maken en soms met zware omstandigheden (wind en golven) te maken krijgen. De zeilen worden daarom zwaarder uitgevoerd en krijgen daar waar nodig extra versterkingen. Over het algemeen wordt hier gekozen voor zeilen met een cross cut snit van de doeksoorten Dacron of Hydranet.\" \/>\n<meta property=\"og:url\" content=\"https:\/\/zeilmakerijdevriesmaritiem.nl\/de\/seemann\/seemann-2\/\" \/>\n<meta property=\"og:site_name\" content=\"De Vries Maritiem\" \/>\n<meta property=\"article:modified_time\" content=\"2019-10-10T06:39:23+00:00\" \/>\n<meta property=\"og:image\" content=\"https:\/\/zeilmakerijdevriesmaritiem.nl\/wp-content\/uploads\/2019\/05\/IMG_7036-1125.jpg\" \/>\n\t<meta property=\"og:image:width\" content=\"1125\" \/>\n\t<meta property=\"og:image:height\" content=\"749\" \/>\n\t<meta property=\"og:image:type\" content=\"image\/jpeg\" \/>\n<meta name=\"twitter:card\" content=\"summary_large_image\" \/>\n<script type=\"application\/ld+json\" class=\"yoast-schema-graph\">{\"@context\":\"https:\/\/schema.org\",\"@graph\":[{\"@type\":\"WebPage\",\"@id\":\"https:\/\/zeilmakerijdevriesmaritiem.nl\/zeiler\/zeezeiler\/\",\"url\":\"https:\/\/zeilmakerijdevriesmaritiem.nl\/zeiler\/zeezeiler\/\",\"name\":\"Zeezeiler - De Vries Maritiem\",\"isPartOf\":{\"@id\":\"https:\/\/zeilmakerijdevriesmaritiem.nl\/#website\"},\"primaryImageOfPage\":{\"@id\":\"https:\/\/zeilmakerijdevriesmaritiem.nl\/zeiler\/zeezeiler\/#primaryimage\"},\"image\":{\"@id\":\"https:\/\/zeilmakerijdevriesmaritiem.nl\/zeiler\/zeezeiler\/#primaryimage\"},\"thumbnailUrl\":\"https:\/\/zeilmakerijdevriesmaritiem.nl\/wp-content\/uploads\/2019\/05\/IMG_7036-1125.jpg\",\"datePublished\":\"2019-04-25T11:29:16+00:00\",\"dateModified\":\"2019-10-10T06:39:23+00:00\",\"breadcrumb\":{\"@id\":\"https:\/\/zeilmakerijdevriesmaritiem.nl\/zeiler\/zeezeiler\/#breadcrumb\"},\"inLanguage\":\"de\",\"potentialAction\":[{\"@type\":\"ReadAction\",\"target\":[\"https:\/\/zeilmakerijdevriesmaritiem.nl\/zeiler\/zeezeiler\/\"]}]},{\"@type\":\"ImageObject\",\"inLanguage\":\"de\",\"@id\":\"https:\/\/zeilmakerijdevriesmaritiem.nl\/zeiler\/zeezeiler\/#primaryimage\",\"url\":\"https:\/\/zeilmakerijdevriesmaritiem.nl\/wp-content\/uploads\/2019\/05\/IMG_7036-1125.jpg\",\"contentUrl\":\"https:\/\/zeilmakerijdevriesmaritiem.nl\/wp-content\/uploads\/2019\/05\/IMG_7036-1125.jpg\",\"width\":1125,\"height\":749},{\"@type\":\"BreadcrumbList\",\"@id\":\"https:\/\/zeilmakerijdevriesmaritiem.nl\/zeiler\/zeezeiler\/#breadcrumb\",\"itemListElement\":[{\"@type\":\"ListItem\",\"position\":1,\"name\":\"Home\",\"item\":\"https:\/\/zeilmakerijdevriesmaritiem.nl\/\"},{\"@type\":\"ListItem\",\"position\":2,\"name\":\"Zeiler\",\"item\":\"https:\/\/zeilmakerijdevriesmaritiem.nl\/zeiler\/\"},{\"@type\":\"ListItem\",\"position\":3,\"name\":\"Zeezeiler\"}]},{\"@type\":\"WebSite\",\"@id\":\"https:\/\/zeilmakerijdevriesmaritiem.nl\/#website\",\"url\":\"https:\/\/zeilmakerijdevriesmaritiem.nl\/\",\"name\":\"De Vries Maritiem\",\"description\":\"\",\"potentialAction\":[{\"@type\":\"SearchAction\",\"target\":{\"@type\":\"EntryPoint\",\"urlTemplate\":\"https:\/\/zeilmakerijdevriesmaritiem.nl\/?s={search_term_string}\"},\"query-input\":{\"@type\":\"PropertyValueSpecification\",\"valueRequired\":true,\"valueName\":\"search_term_string\"}}],\"inLanguage\":\"de\"}]}<\/script>\n<!-- \/ Yoast SEO plugin. -->","yoast_head_json":{"title":"Seefahrer - De Vries Maritiem","robots":{"index":"index","follow":"follow","max-snippet":"max-snippet:-1","max-image-preview":"max-image-preview:large","max-video-preview":"max-video-preview:-1"},"canonical":"https:\/\/zeilmakerijdevriesmaritiem.nl\/de\/seemann\/seemann-2\/","og_locale":"de_DE","og_type":"article","og_title":"Zeezeiler - De Vries Maritiem","og_description":"ZEEZEILER Cruisers Offshore zijn toerzeilers die met enige regelmaat langere tochten maken en soms met zware omstandigheden (wind en golven) te maken krijgen. De zeilen worden daarom zwaarder uitgevoerd en krijgen daar waar nodig extra versterkingen. Over het algemeen wordt hier gekozen voor zeilen met een cross cut snit van de doeksoorten Dacron of Hydranet.","og_url":"https:\/\/zeilmakerijdevriesmaritiem.nl\/de\/seemann\/seemann-2\/","og_site_name":"De Vries Maritiem","article_modified_time":"2019-10-10T06:39:23+00:00","og_image":[{"width":1125,"height":749,"url":"https:\/\/zeilmakerijdevriesmaritiem.nl\/wp-content\/uploads\/2019\/05\/IMG_7036-1125.jpg","type":"image\/jpeg"}],"twitter_card":"summary_large_image","schema":{"@context":"https:\/\/schema.org","@graph":[{"@type":"WebPage","@id":"https:\/\/zeilmakerijdevriesmaritiem.nl\/zeiler\/zeezeiler\/","url":"https:\/\/zeilmakerijdevriesmaritiem.nl\/zeiler\/zeezeiler\/","name":"Seefahrer - De Vries Maritiem","isPartOf":{"@id":"https:\/\/zeilmakerijdevriesmaritiem.nl\/#website"},"primaryImageOfPage":{"@id":"https:\/\/zeilmakerijdevriesmaritiem.nl\/zeiler\/zeezeiler\/#primaryimage"},"image":{"@id":"https:\/\/zeilmakerijdevriesmaritiem.nl\/zeiler\/zeezeiler\/#primaryimage"},"thumbnailUrl":"https:\/\/zeilmakerijdevriesmaritiem.nl\/wp-content\/uploads\/2019\/05\/IMG_7036-1125.jpg","datePublished":"2019-04-25T11:29:16+00:00","dateModified":"2019-10-10T06:39:23+00:00","breadcrumb":{"@id":"https:\/\/zeilmakerijdevriesmaritiem.nl\/zeiler\/zeezeiler\/#breadcrumb"},"inLanguage":"de","potentialAction":[{"@type":"ReadAction","target":["https:\/\/zeilmakerijdevriesmaritiem.nl\/zeiler\/zeezeiler\/"]}]},{"@type":"ImageObject","inLanguage":"de","@id":"https:\/\/zeilmakerijdevriesmaritiem.nl\/zeiler\/zeezeiler\/#primaryimage","url":"https:\/\/zeilmakerijdevriesmaritiem.nl\/wp-content\/uploads\/2019\/05\/IMG_7036-1125.jpg","contentUrl":"https:\/\/zeilmakerijdevriesmaritiem.nl\/wp-content\/uploads\/2019\/05\/IMG_7036-1125.jpg","width":1125,"height":749},{"@type":"BreadcrumbList","@id":"https:\/\/zeilmakerijdevriesmaritiem.nl\/zeiler\/zeezeiler\/#breadcrumb","itemListElement":[{"@type":"ListItem","position":1,"name":"Home","item":"https:\/\/zeilmakerijdevriesmaritiem.nl\/"},{"@type":"ListItem","position":2,"name":"Zeiler","item":"https:\/\/zeilmakerijdevriesmaritiem.nl\/zeiler\/"},{"@type":"ListItem","position":3,"name":"Zeezeiler"}]},{"@type":"WebSite","@id":"https:\/\/zeilmakerijdevriesmaritiem.nl\/#website","url":"https:\/\/zeilmakerijdevriesmaritiem.nl\/","name":"De Vries Maritiem","description":"","potentialAction":[{"@type":"SearchAction","target":{"@type":"EntryPoint","urlTemplate":"https:\/\/zeilmakerijdevriesmaritiem.nl\/?s={search_term_string}"},"query-input":{"@type":"PropertyValueSpecification","valueRequired":true,"valueName":"search_term_string"}}],"inLanguage":"de"}]}},"_links":{"self":[{"href":"https:\/\/zeilmakerijdevriesmaritiem.nl\/de\/wp-json\/wp\/v2\/pages\/503","targetHints":{"allow":["GET"]}}],"collection":[{"href":"https:\/\/zeilmakerijdevriesmaritiem.nl\/de\/wp-json\/wp\/v2\/pages"}],"about":[{"href":"https:\/\/zeilmakerijdevriesmaritiem.nl\/de\/wp-json\/wp\/v2\/types\/page"}],"author":[{"embeddable":true,"href":"https:\/\/zeilmakerijdevriesmaritiem.nl\/de\/wp-json\/wp\/v2\/users\/1"}],"replies":[{"embeddable":true,"href":"https:\/\/zeilmakerijdevriesmaritiem.nl\/de\/wp-json\/wp\/v2\/comments?post=503"}],"version-history":[{"count":10,"href":"https:\/\/zeilmakerijdevriesmaritiem.nl\/de\/wp-json\/wp\/v2\/pages\/503\/revisions"}],"predecessor-version":[{"id":3277,"href":"https:\/\/zeilmakerijdevriesmaritiem.nl\/de\/wp-json\/wp\/v2\/pages\/503\/revisions\/3277"}],"up":[{"embeddable":true,"href":"https:\/\/zeilmakerijdevriesmaritiem.nl\/de\/wp-json\/wp\/v2\/pages\/11"}],"wp:featuredmedia":[{"embeddable":true,"href":"https:\/\/zeilmakerijdevriesmaritiem.nl\/de\/wp-json\/wp\/v2\/media\/1154"}],"wp:attachment":[{"href":"https:\/\/zeilmakerijdevriesmaritiem.nl\/de\/wp-json\/wp\/v2\/media?parent=503"}],"wp:term":[{"taxonomy":"smart_tag","embeddable":true,"href":"https:\/\/zeilmakerijdevriesmaritiem.nl\/de\/wp-json\/wp\/v2\/smart_tag?post=503"}],"curies":[{"name":"wp","href":"https:\/\/api.w.org\/{rel}","templated":true}]}}