{"id":501,"date":"2019-04-25T11:28:06","date_gmt":"2019-04-25T11:28:06","guid":{"rendered":"https:\/\/maritiem.mediasoep.nl\/?page_id=501"},"modified":"2019-10-10T06:40:58","modified_gmt":"2019-10-10T06:40:58","slug":"tourensegler-plus","status":"publish","type":"page","link":"https:\/\/zeilmakerijdevriesmaritiem.nl\/de\/zeiler\/tourzeiler-plus\/","title":{"rendered":"Tour Sailor Plus"},"content":{"rendered":"<div class=\"wp-block-cover\" style=\"background-image:url(https:\/\/zeilmakerijdevriesmaritiem.nl\/wp-content\/uploads\/2019\/05\/GPTempDownload36.jpg);background-position:48.63639621559633% 58.60962906504065%\"><div class=\"wp-block-cover__inner-container\">\n<p class=\"wp-block-paragraph has-text-align-center has-large-font-size\"><\/p>\n<\/div><\/div>\n\n\n<div id=\"block_5cb5dccb0d3c0\" class=\"ms_breadcrumbs\">\n            <style>@media screen and (max-width: 39.9375em){#block_5cb5dccb0d3c0{margin-bottom:1rem;padding-top:1rem;padding-bottom:1rem;}}@media screen and (min-width: 40em) and (max-width: 63.9375em){#block_5cb5dccb0d3c0{margin-bottom:1rem;padding-top:1rem;padding-bottom:1rem;}}@media screen and (min-width: 64em){#block_5cb5dccb0d3c0{margin-bottom:1rem;padding-top:1rem;padding-bottom:1rem;}}<\/style>\n        <div class=\"container\">\n        <ul id=\"breadcrumbs\" class=\"breadcrumbs\" itemscope itemtype=\"http:\/\/schema.org\/BreadcrumbList\"><li itemprop=\"itemListElement\" itemscope itemtype=\"http:\/\/schema.org\/ListItem\"><a class=\"breadcrumbs__link\" href=\"https:\/\/zeilmakerijdevriesmaritiem.nl\/de\/\" itemprop=\"item\" title=\"Startseite\"><span itemprop=\"name\" style=\"display: none;\">Startseite<\/span>Startseite<\/a><meta itemprop=\"position\" content=\"1\" \/><\/li><\/ul><!-- .breadcrumbs -->\n    <\/div>\n<\/div>\n\n\n\n<div class=\"wp-block-columns has-2-columns\">\n<div class=\"wp-block-column is-one-third\"><div class=\"ms_sidemenu\" style=\"margin-bottom: 1rem; padding-bottom: 2.5rem;\">\n            <div class=\"box\">\n            <div class=\"pages-list\"><a href='https:\/\/zeilmakerijdevriesmaritiem.nl\/de\/zeiler\/open-zeilboten\/'>Offene Segelboote <span class='iconify text-secondary' data-icon='far:caret-right'><\/span><\/a><\/div><div class=\"pages-list\"><a href='https:\/\/zeilmakerijdevriesmaritiem.nl\/de\/zeiler\/tourzeiler\/'>Tour-Segler <span class='iconify text-secondary' data-icon='far:caret-right'><\/span><\/a><\/div><div class=\"pages-list\"><a class='current-page-item' href='https:\/\/zeilmakerijdevriesmaritiem.nl\/de\/zeiler\/tourzeiler-plus\/'>Tour Sailor Plus <span class='iconify text-secondary' data-icon='fas:caret-right'><\/span><\/a><\/div><div class=\"pages-list\"><a href='https:\/\/zeilmakerijdevriesmaritiem.nl\/de\/zeiler\/trampoline-catamaran\/'>Trampolin Katamaran <span class='iconify text-secondary' data-icon='far:caret-right'><\/span><\/a><\/div><div class=\"pages-list\"><a href='https:\/\/zeilmakerijdevriesmaritiem.nl\/de\/zeiler\/vertrekkers\/'>Abg\u00e4nger <span class='iconify text-secondary' data-icon='far:caret-right'><\/span><\/a><\/div><div class=\"pages-list\"><a href='https:\/\/zeilmakerijdevriesmaritiem.nl\/de\/zeiler\/wedstrijdzeiler\/'>Sportlicher Segler <span class='iconify text-secondary' data-icon='far:caret-right'><\/span><\/a><\/div><div class=\"pages-list\"><a href='https:\/\/zeilmakerijdevriesmaritiem.nl\/de\/zeiler\/zeezeiler\/'>Seafarer <span class='iconify text-secondary' data-icon='far:caret-right'><\/span><\/a><\/div>\n        <\/div>\n                <div class=\"usps\">\n                            <div class=\"usp\">\n                    <p class=\"title\">Fast 200 Jahre Erfahrung<\/p>\n                                    <\/div>\n                            <div class=\"usp\">\n                    <p class=\"title\">Eigener Hafen in Lemmer<\/p>\n                                    <\/div>\n                            <div class=\"usp\">\n                    <p class=\"title\">Unsere Leute segeln selbst: in der Freizeit und im Wettkampf<\/p>\n                                    <\/div>\n                    <\/div>\n    <\/div>\n<\/div>\n\n\n\n<div class=\"wp-block-column is-two-thirds\">\n<h1 class=\"wp-block-heading\">TOURENSEGLER PLUS<\/h1>\n\n\n\n<p class=\"wp-block-paragraph\">Diese Kategorie besteht aus Seglern, die \u00fcberdurchschnittlich viel Wert auf Leistung legen und Spa\u00df daran haben, andere Boote zu \u00fcberholen und jede Fahrt zu einem Rennen zu machen. Auch Rennsegler oder Leistungssegler genannt. Welcher Segler passt nicht in diese Kategorie? Jeder m\u00f6chte das Boot vor Ihnen \u00fcberholen, nicht wahr?<\/p>\n\n\n\n<p class=\"wp-block-paragraph\">Unsere Performance-Linie ist ideal f\u00fcr diese Gruppe geeignet. Die Form des Segels ist hier von gro\u00dfer Bedeutung, und aus diesem Grund empfiehlt es sich, einen tri-radialen Schnitt des Segels zu w\u00e4hlen. Dar\u00fcber hinaus wird die Art des Stoffes entsprechend angepasst. In der Regel w\u00e4hlen wir ein DCX-Laminat oder Hydranet-Radial. Hydranet Radial ist f\u00fcr schwere Bedingungen geeignet und bietet gleichzeitig optimale Leistung.<\/p>\n<\/div>\n<\/div>\n\n\n<figure class=\"wp-block-embed-youtube wp-block-embed is-type-video is-provider-youtube wp-embed-aspect-16-9 wp-has-aspect-ratio\"><div class=\"wp-block-embed__wrapper\">\n<iframe loading=\"lazy\" title=\"Segeltest mit Johan Schuurman\" width=\"640\" height=\"360\" src=\"%5Bhttps:\/\/www.youtube.com\/embed\/6EQrz2KxVws?feature=oembed%7D&amp;modestbranding=1&amp;showinfo=0&amp;rel=0&amp;autoplay=1&amp;vq=hd1080&amp;enablejsapi=1&amp;playsinline=1&amp;mute=1&amp;origin=216.73.216.48\" frameborder=\"0\" allow=\"accelerometer; autoplay; clipboard-write; encrypted-media; gyroscope; picture-in-picture; web-share\" referrerpolicy=\"strict-origin-when-cross-origin\" allowfullscreen srcdoc=\"&lt;style&gt;*{padding:0;margin:0;overflow:hidden}html,body{height:100%}img,span{position:absolute;width:100%;top:0;bottom:0;margin:auto}span{height:1.5em;text-align:center;font:48px\/1.5 sans-serif;color:white;text-shadow:0 0 0.5em black}&lt;\/style&gt;&lt;a href='https:\/\/www.youtube.com\/embed\/6EQrz2KxVws?modestbranding=1&amp;showinfo=0&amp;rel=0&amp;autoplay=1&amp;vq=hd1080&amp;enablejsapi=1&amp;playsinline=1&amp;mute=1'&gt;&lt;img src='https:\/\/i.ytimg.com\/vi\/6EQrz2KxVws\/maxresdefault.jpg' alt='Zeiltest met Johan Schuurman'&gt;&lt;span&gt;&#9654;&lt;\/span&gt;&lt;\/a&gt;\"><\/iframe>\n<\/div><\/figure>","protected":false},"excerpt":{"rendered":"<p>TOURY SEA PLUS Diese Kategorie besteht aus Seglern, die \u00fcberdurchschnittlich viel Wert auf Leistung legen und Spa\u00df daran haben, andere Boote zu \u00fcberholen und jeden T\u00f6rn zu einem Rennen zu machen. Auch Rennsegler oder Leistungssegler genannt. Welcher Segler passt nicht in diese Kategorie? Jeder m\u00f6chte das Boot vor Ihnen \u00fcberholen, nicht wahr? F\u00fcr diese Gruppe,...<\/p>","protected":false},"author":1,"featured_media":0,"parent":11,"menu_order":0,"comment_status":"closed","ping_status":"closed","template":"","meta":{"_acf_changed":false,"_joinchat":[],"footnotes":""},"smart_tag":[],"class_list":["post-501","page","type-page","status-publish","hentry","entry"],"acf":[],"yoast_head":"<!-- This site is optimized with the Yoast SEO plugin v27.1.1 - https:\/\/yoast.com\/product\/yoast-seo-wordpress\/ -->\n<title>Tourzeiler Plus - De Vries Maritiem<\/title>\n<meta name=\"robots\" content=\"index, follow, max-snippet:-1, max-image-preview:large, max-video-preview:-1\" \/>\n<link rel=\"canonical\" href=\"https:\/\/zeilmakerijdevriesmaritiem.nl\/de\/seemann\/tourensegler-plus\/\" \/>\n<meta property=\"og:locale\" content=\"de_DE\" \/>\n<meta property=\"og:type\" content=\"article\" \/>\n<meta property=\"og:title\" content=\"Tourzeiler Plus - De Vries Maritiem\" \/>\n<meta property=\"og:description\" content=\"TOERZEILER PLUS Deze categorie bestaat uit zeilers die een bovengemiddeld belang hechten aan prestaties en het leuk vinden andere boten voorbij te varen en van iedere reis een wedstrijd maken. Ook wel wedstrijdzeiler of performencezeiler genoemd. Welke zeil schaard zich hier niet onder? Iedereen wil toch de boot voor je voorbij? Voor deze groep is...\" \/>\n<meta property=\"og:url\" content=\"https:\/\/zeilmakerijdevriesmaritiem.nl\/de\/seemann\/tourensegler-plus\/\" \/>\n<meta property=\"og:site_name\" content=\"De Vries Maritiem\" \/>\n<meta property=\"article:modified_time\" content=\"2019-10-10T06:40:58+00:00\" \/>\n<meta name=\"twitter:card\" content=\"summary_large_image\" \/>\n<meta name=\"twitter:label1\" content=\"Gesch\u00e4tzte Lesezeit\" \/>\n\t<meta name=\"twitter:data1\" content=\"1\u00a0Minute\" \/>\n<script type=\"application\/ld+json\" class=\"yoast-schema-graph\">{\"@context\":\"https:\/\/schema.org\",\"@graph\":[{\"@type\":\"WebPage\",\"@id\":\"https:\/\/zeilmakerijdevriesmaritiem.nl\/zeiler\/tourzeiler-plus\/\",\"url\":\"https:\/\/zeilmakerijdevriesmaritiem.nl\/zeiler\/tourzeiler-plus\/\",\"name\":\"Tourzeiler Plus - De Vries Maritiem\",\"isPartOf\":{\"@id\":\"https:\/\/zeilmakerijdevriesmaritiem.nl\/#website\"},\"datePublished\":\"2019-04-25T11:28:06+00:00\",\"dateModified\":\"2019-10-10T06:40:58+00:00\",\"breadcrumb\":{\"@id\":\"https:\/\/zeilmakerijdevriesmaritiem.nl\/zeiler\/tourzeiler-plus\/#breadcrumb\"},\"inLanguage\":\"de\",\"potentialAction\":[{\"@type\":\"ReadAction\",\"target\":[\"https:\/\/zeilmakerijdevriesmaritiem.nl\/zeiler\/tourzeiler-plus\/\"]}]},{\"@type\":\"BreadcrumbList\",\"@id\":\"https:\/\/zeilmakerijdevriesmaritiem.nl\/zeiler\/tourzeiler-plus\/#breadcrumb\",\"itemListElement\":[{\"@type\":\"ListItem\",\"position\":1,\"name\":\"Home\",\"item\":\"https:\/\/zeilmakerijdevriesmaritiem.nl\/\"},{\"@type\":\"ListItem\",\"position\":2,\"name\":\"Zeiler\",\"item\":\"https:\/\/zeilmakerijdevriesmaritiem.nl\/zeiler\/\"},{\"@type\":\"ListItem\",\"position\":3,\"name\":\"Tourzeiler Plus\"}]},{\"@type\":\"WebSite\",\"@id\":\"https:\/\/zeilmakerijdevriesmaritiem.nl\/#website\",\"url\":\"https:\/\/zeilmakerijdevriesmaritiem.nl\/\",\"name\":\"De Vries Maritiem\",\"description\":\"\",\"potentialAction\":[{\"@type\":\"SearchAction\",\"target\":{\"@type\":\"EntryPoint\",\"urlTemplate\":\"https:\/\/zeilmakerijdevriesmaritiem.nl\/?s={search_term_string}\"},\"query-input\":{\"@type\":\"PropertyValueSpecification\",\"valueRequired\":true,\"valueName\":\"search_term_string\"}}],\"inLanguage\":\"de\"}]}<\/script>\n<!-- \/ Yoast SEO plugin. -->","yoast_head_json":{"title":"Tourensegler Plus - De Vries Maritiem","robots":{"index":"index","follow":"follow","max-snippet":"max-snippet:-1","max-image-preview":"max-image-preview:large","max-video-preview":"max-video-preview:-1"},"canonical":"https:\/\/zeilmakerijdevriesmaritiem.nl\/de\/seemann\/tourensegler-plus\/","og_locale":"de_DE","og_type":"article","og_title":"Tourzeiler Plus - De Vries Maritiem","og_description":"TOERZEILER PLUS Deze categorie bestaat uit zeilers die een bovengemiddeld belang hechten aan prestaties en het leuk vinden andere boten voorbij te varen en van iedere reis een wedstrijd maken. Ook wel wedstrijdzeiler of performencezeiler genoemd. Welke zeil schaard zich hier niet onder? Iedereen wil toch de boot voor je voorbij? Voor deze groep is...","og_url":"https:\/\/zeilmakerijdevriesmaritiem.nl\/de\/seemann\/tourensegler-plus\/","og_site_name":"De Vries Maritiem","article_modified_time":"2019-10-10T06:40:58+00:00","twitter_card":"summary_large_image","twitter_misc":{"Gesch\u00e4tzte Lesezeit":"1\u00a0Minute"},"schema":{"@context":"https:\/\/schema.org","@graph":[{"@type":"WebPage","@id":"https:\/\/zeilmakerijdevriesmaritiem.nl\/zeiler\/tourzeiler-plus\/","url":"https:\/\/zeilmakerijdevriesmaritiem.nl\/zeiler\/tourzeiler-plus\/","name":"Tourensegler Plus - De Vries Maritiem","isPartOf":{"@id":"https:\/\/zeilmakerijdevriesmaritiem.nl\/#website"},"datePublished":"2019-04-25T11:28:06+00:00","dateModified":"2019-10-10T06:40:58+00:00","breadcrumb":{"@id":"https:\/\/zeilmakerijdevriesmaritiem.nl\/zeiler\/tourzeiler-plus\/#breadcrumb"},"inLanguage":"de","potentialAction":[{"@type":"ReadAction","target":["https:\/\/zeilmakerijdevriesmaritiem.nl\/zeiler\/tourzeiler-plus\/"]}]},{"@type":"BreadcrumbList","@id":"https:\/\/zeilmakerijdevriesmaritiem.nl\/zeiler\/tourzeiler-plus\/#breadcrumb","itemListElement":[{"@type":"ListItem","position":1,"name":"Home","item":"https:\/\/zeilmakerijdevriesmaritiem.nl\/"},{"@type":"ListItem","position":2,"name":"Zeiler","item":"https:\/\/zeilmakerijdevriesmaritiem.nl\/zeiler\/"},{"@type":"ListItem","position":3,"name":"Tourzeiler Plus"}]},{"@type":"WebSite","@id":"https:\/\/zeilmakerijdevriesmaritiem.nl\/#website","url":"https:\/\/zeilmakerijdevriesmaritiem.nl\/","name":"De Vries Maritiem","description":"","potentialAction":[{"@type":"SearchAction","target":{"@type":"EntryPoint","urlTemplate":"https:\/\/zeilmakerijdevriesmaritiem.nl\/?s={search_term_string}"},"query-input":{"@type":"PropertyValueSpecification","valueRequired":true,"valueName":"search_term_string"}}],"inLanguage":"de"}]}},"_links":{"self":[{"href":"https:\/\/zeilmakerijdevriesmaritiem.nl\/de\/wp-json\/wp\/v2\/pages\/501","targetHints":{"allow":["GET"]}}],"collection":[{"href":"https:\/\/zeilmakerijdevriesmaritiem.nl\/de\/wp-json\/wp\/v2\/pages"}],"about":[{"href":"https:\/\/zeilmakerijdevriesmaritiem.nl\/de\/wp-json\/wp\/v2\/types\/page"}],"author":[{"embeddable":true,"href":"https:\/\/zeilmakerijdevriesmaritiem.nl\/de\/wp-json\/wp\/v2\/users\/1"}],"replies":[{"embeddable":true,"href":"https:\/\/zeilmakerijdevriesmaritiem.nl\/de\/wp-json\/wp\/v2\/comments?post=501"}],"version-history":[{"count":18,"href":"https:\/\/zeilmakerijdevriesmaritiem.nl\/de\/wp-json\/wp\/v2\/pages\/501\/revisions"}],"predecessor-version":[{"id":3278,"href":"https:\/\/zeilmakerijdevriesmaritiem.nl\/de\/wp-json\/wp\/v2\/pages\/501\/revisions\/3278"}],"up":[{"embeddable":true,"href":"https:\/\/zeilmakerijdevriesmaritiem.nl\/de\/wp-json\/wp\/v2\/pages\/11"}],"wp:attachment":[{"href":"https:\/\/zeilmakerijdevriesmaritiem.nl\/de\/wp-json\/wp\/v2\/media?parent=501"}],"wp:term":[{"taxonomy":"smart_tag","embeddable":true,"href":"https:\/\/zeilmakerijdevriesmaritiem.nl\/de\/wp-json\/wp\/v2\/smart_tag?post=501"}],"curies":[{"name":"wp","href":"https:\/\/api.w.org\/{rel}","templated":true}]}}