{"id":2282,"date":"2019-06-14T10:14:32","date_gmt":"2019-06-14T10:14:32","guid":{"rendered":"https:\/\/zeilmakerijdevriesmaritiem.nl\/?page_id=2282"},"modified":"2023-01-02T13:28:16","modified_gmt":"2023-01-02T13:28:16","slug":"dankeseite-kontakt","status":"publish","type":"page","link":"https:\/\/zeilmakerijdevriesmaritiem.nl\/de\/bedanktpagina-contact\/","title":{"rendered":"Dankeseite Kontakt"},"content":{"rendered":"<div class=\"wp-block-cover\"><span aria-hidden=\"true\" class=\"wp-block-cover__background has-background-dim-0 has-background-dim\"><\/span><img loading=\"lazy\" decoding=\"async\" width=\"1250\" height=\"836\" class=\"wp-block-cover__image-background wp-image-2172\" alt=\"\" src=\"https:\/\/zeilmakerijdevriesmaritiem.nl\/wp-content\/uploads\/2019\/06\/DSC04100.jpg\" data-object-fit=\"cover\" srcset=\"https:\/\/zeilmakerijdevriesmaritiem.nl\/wp-content\/uploads\/2019\/06\/DSC04100.jpg 1250w, https:\/\/zeilmakerijdevriesmaritiem.nl\/wp-content\/uploads\/2019\/06\/DSC04100-200x134.jpg 200w, https:\/\/zeilmakerijdevriesmaritiem.nl\/wp-content\/uploads\/2019\/06\/DSC04100-300x201.jpg 300w, https:\/\/zeilmakerijdevriesmaritiem.nl\/wp-content\/uploads\/2019\/06\/DSC04100-768x514.jpg 768w, https:\/\/zeilmakerijdevriesmaritiem.nl\/wp-content\/uploads\/2019\/06\/DSC04100-1024x685.jpg 1024w, https:\/\/zeilmakerijdevriesmaritiem.nl\/wp-content\/uploads\/2019\/06\/DSC04100-366x245.jpg 366w, https:\/\/zeilmakerijdevriesmaritiem.nl\/wp-content\/uploads\/2019\/06\/DSC04100-1166x780.jpg 1166w, https:\/\/zeilmakerijdevriesmaritiem.nl\/wp-content\/uploads\/2019\/06\/DSC04100-187x125.jpg 187w\" sizes=\"auto, (max-width: 1250px) 100vw, 1250px\" \/><div class=\"wp-block-cover__inner-container\">\n<p class=\"has-text-align-center wp-block-paragraph has-large-font-size\"><\/p>\n<\/div><\/div>\n\n\n<div id=\"block_5cb5dccb0d3c0\" class=\"ms_breadcrumbs\">\n            <style>@media screen and (max-width: 39.9375em){#block_5cb5dccb0d3c0{margin-bottom:1rem;padding-top:1rem;padding-bottom:1rem;}}@media screen and (min-width: 40em) and (max-width: 63.9375em){#block_5cb5dccb0d3c0{margin-bottom:1rem;padding-top:1rem;padding-bottom:1rem;}}@media screen and (min-width: 64em){#block_5cb5dccb0d3c0{margin-bottom:1rem;padding-top:1rem;padding-bottom:1rem;}}<\/style>\n        <div class=\"container\">\n        <ul id=\"breadcrumbs\" class=\"breadcrumbs\" itemscope itemtype=\"http:\/\/schema.org\/BreadcrumbList\"><li itemprop=\"itemListElement\" itemscope itemtype=\"http:\/\/schema.org\/ListItem\"><a class=\"breadcrumbs__link\" href=\"https:\/\/zeilmakerijdevriesmaritiem.nl\/de\/\" itemprop=\"item\" title=\"Startseite\"><span itemprop=\"name\" style=\"display: none;\">Startseite<\/span>Startseite<\/a><meta itemprop=\"position\" content=\"1\" \/><\/li><\/ul><!-- .breadcrumbs -->\n    <\/div>\n<\/div>\n\n\n\n<h1 class=\"wp-block-heading\" id=\"bedankt-voor-je-aanvraag\">VIELEN DANK F\u00dcR IHRE ANFRAGE<\/h1>\n\n\n\n<p class=\"wp-block-paragraph\">Vielen Dank f\u00fcr Ihre Anfrage! Wir werden Sie so bald wie m\u00f6glich kontaktieren.<\/p>\n\n\n\n<p class=\"wp-block-paragraph\">Mannschaft Sailmaker De Vries Maritiem<\/p>","protected":false},"excerpt":{"rendered":"<p>DANKE F\u00dcR IHRE BEWERBUNG Wir danken Ihnen f\u00fcr Ihre Anfrage! Wir werden Sie so bald wie m\u00f6glich kontaktieren. Team Segeln Abteilung De Vries Maritiem<\/p>","protected":false},"author":1,"featured_media":0,"parent":0,"menu_order":0,"comment_status":"closed","ping_status":"closed","template":"","meta":{"_acf_changed":false,"_joinchat":[],"footnotes":""},"smart_tag":[],"class_list":["post-2282","page","type-page","status-publish","hentry","entry"],"acf":[],"yoast_head":"<!-- This site is optimized with the Yoast SEO plugin v27.1.1 - https:\/\/yoast.com\/product\/yoast-seo-wordpress\/ -->\n<title>Bedanktpagina contact - De Vries Maritiem<\/title>\n<meta name=\"robots\" content=\"noindex, nofollow\" \/>\n<meta property=\"og:locale\" content=\"de_DE\" \/>\n<meta property=\"og:type\" content=\"article\" \/>\n<meta property=\"og:title\" content=\"Bedanktpagina contact - De Vries Maritiem\" \/>\n<meta property=\"og:description\" content=\"BEDANKT VOOR UW AANVRAAG Bedankt voor uw aanvraag! Wij nemen zo spoedig mogelijk contact met u op. Team Zeilmakerij De Vries Maritiem\" \/>\n<meta property=\"og:url\" content=\"https:\/\/zeilmakerijdevriesmaritiem.nl\/de\/dankeseite-kontakt\/\" \/>\n<meta property=\"og:site_name\" content=\"De Vries Maritiem\" \/>\n<meta property=\"article:modified_time\" content=\"2023-01-02T13:28:16+00:00\" \/>\n<meta property=\"og:image\" content=\"https:\/\/zeilmakerijdevriesmaritiem.nl\/wp-content\/uploads\/2019\/06\/DSC04100.jpg\" \/>\n<meta name=\"twitter:card\" content=\"summary_large_image\" \/>\n<meta name=\"twitter:label1\" content=\"Gesch\u00e4tzte Lesezeit\" \/>\n\t<meta name=\"twitter:data1\" content=\"1\u00a0Minute\" \/>\n<script type=\"application\/ld+json\" class=\"yoast-schema-graph\">{\"@context\":\"https:\/\/schema.org\",\"@graph\":[{\"@type\":\"WebPage\",\"@id\":\"https:\/\/zeilmakerijdevriesmaritiem.nl\/bedanktpagina-contact\/\",\"url\":\"https:\/\/zeilmakerijdevriesmaritiem.nl\/bedanktpagina-contact\/\",\"name\":\"Bedanktpagina contact - De Vries Maritiem\",\"isPartOf\":{\"@id\":\"https:\/\/zeilmakerijdevriesmaritiem.nl\/#website\"},\"primaryImageOfPage\":{\"@id\":\"https:\/\/zeilmakerijdevriesmaritiem.nl\/bedanktpagina-contact\/#primaryimage\"},\"image\":{\"@id\":\"https:\/\/zeilmakerijdevriesmaritiem.nl\/bedanktpagina-contact\/#primaryimage\"},\"thumbnailUrl\":\"https:\/\/zeilmakerijdevriesmaritiem.nl\/wp-content\/uploads\/2019\/06\/DSC04100.jpg\",\"datePublished\":\"2019-06-14T10:14:32+00:00\",\"dateModified\":\"2023-01-02T13:28:16+00:00\",\"breadcrumb\":{\"@id\":\"https:\/\/zeilmakerijdevriesmaritiem.nl\/bedanktpagina-contact\/#breadcrumb\"},\"inLanguage\":\"de\",\"potentialAction\":[{\"@type\":\"ReadAction\",\"target\":[\"https:\/\/zeilmakerijdevriesmaritiem.nl\/bedanktpagina-contact\/\"]}]},{\"@type\":\"ImageObject\",\"inLanguage\":\"de\",\"@id\":\"https:\/\/zeilmakerijdevriesmaritiem.nl\/bedanktpagina-contact\/#primaryimage\",\"url\":\"https:\/\/zeilmakerijdevriesmaritiem.nl\/wp-content\/uploads\/2019\/06\/DSC04100.jpg\",\"contentUrl\":\"https:\/\/zeilmakerijdevriesmaritiem.nl\/wp-content\/uploads\/2019\/06\/DSC04100.jpg\"},{\"@type\":\"BreadcrumbList\",\"@id\":\"https:\/\/zeilmakerijdevriesmaritiem.nl\/bedanktpagina-contact\/#breadcrumb\",\"itemListElement\":[{\"@type\":\"ListItem\",\"position\":1,\"name\":\"Home\",\"item\":\"https:\/\/zeilmakerijdevriesmaritiem.nl\/\"},{\"@type\":\"ListItem\",\"position\":2,\"name\":\"Bedanktpagina contact\"}]},{\"@type\":\"WebSite\",\"@id\":\"https:\/\/zeilmakerijdevriesmaritiem.nl\/#website\",\"url\":\"https:\/\/zeilmakerijdevriesmaritiem.nl\/\",\"name\":\"De Vries Maritiem\",\"description\":\"\",\"potentialAction\":[{\"@type\":\"SearchAction\",\"target\":{\"@type\":\"EntryPoint\",\"urlTemplate\":\"https:\/\/zeilmakerijdevriesmaritiem.nl\/?s={search_term_string}\"},\"query-input\":{\"@type\":\"PropertyValueSpecification\",\"valueRequired\":true,\"valueName\":\"search_term_string\"}}],\"inLanguage\":\"de\"}]}<\/script>\n<!-- \/ Yoast SEO plugin. -->","yoast_head_json":{"title":"Kontakt Seite - De Vries Maritiem","robots":{"index":"noindex","follow":"nofollow"},"og_locale":"de_DE","og_type":"article","og_title":"Bedanktpagina contact - De Vries Maritiem","og_description":"BEDANKT VOOR UW AANVRAAG Bedankt voor uw aanvraag! Wij nemen zo spoedig mogelijk contact met u op. Team Zeilmakerij De Vries Maritiem","og_url":"https:\/\/zeilmakerijdevriesmaritiem.nl\/de\/dankeseite-kontakt\/","og_site_name":"De Vries Maritiem","article_modified_time":"2023-01-02T13:28:16+00:00","og_image":[{"url":"https:\/\/zeilmakerijdevriesmaritiem.nl\/wp-content\/uploads\/2019\/06\/DSC04100.jpg","type":"","width":"","height":""}],"twitter_card":"summary_large_image","twitter_misc":{"Gesch\u00e4tzte Lesezeit":"1\u00a0Minute"},"schema":{"@context":"https:\/\/schema.org","@graph":[{"@type":"WebPage","@id":"https:\/\/zeilmakerijdevriesmaritiem.nl\/bedanktpagina-contact\/","url":"https:\/\/zeilmakerijdevriesmaritiem.nl\/bedanktpagina-contact\/","name":"Kontakt Seite - De Vries Maritiem","isPartOf":{"@id":"https:\/\/zeilmakerijdevriesmaritiem.nl\/#website"},"primaryImageOfPage":{"@id":"https:\/\/zeilmakerijdevriesmaritiem.nl\/bedanktpagina-contact\/#primaryimage"},"image":{"@id":"https:\/\/zeilmakerijdevriesmaritiem.nl\/bedanktpagina-contact\/#primaryimage"},"thumbnailUrl":"https:\/\/zeilmakerijdevriesmaritiem.nl\/wp-content\/uploads\/2019\/06\/DSC04100.jpg","datePublished":"2019-06-14T10:14:32+00:00","dateModified":"2023-01-02T13:28:16+00:00","breadcrumb":{"@id":"https:\/\/zeilmakerijdevriesmaritiem.nl\/bedanktpagina-contact\/#breadcrumb"},"inLanguage":"de","potentialAction":[{"@type":"ReadAction","target":["https:\/\/zeilmakerijdevriesmaritiem.nl\/bedanktpagina-contact\/"]}]},{"@type":"ImageObject","inLanguage":"de","@id":"https:\/\/zeilmakerijdevriesmaritiem.nl\/bedanktpagina-contact\/#primaryimage","url":"https:\/\/zeilmakerijdevriesmaritiem.nl\/wp-content\/uploads\/2019\/06\/DSC04100.jpg","contentUrl":"https:\/\/zeilmakerijdevriesmaritiem.nl\/wp-content\/uploads\/2019\/06\/DSC04100.jpg"},{"@type":"BreadcrumbList","@id":"https:\/\/zeilmakerijdevriesmaritiem.nl\/bedanktpagina-contact\/#breadcrumb","itemListElement":[{"@type":"ListItem","position":1,"name":"Home","item":"https:\/\/zeilmakerijdevriesmaritiem.nl\/"},{"@type":"ListItem","position":2,"name":"Bedanktpagina contact"}]},{"@type":"WebSite","@id":"https:\/\/zeilmakerijdevriesmaritiem.nl\/#website","url":"https:\/\/zeilmakerijdevriesmaritiem.nl\/","name":"De Vries Maritiem","description":"","potentialAction":[{"@type":"SearchAction","target":{"@type":"EntryPoint","urlTemplate":"https:\/\/zeilmakerijdevriesmaritiem.nl\/?s={search_term_string}"},"query-input":{"@type":"PropertyValueSpecification","valueRequired":true,"valueName":"search_term_string"}}],"inLanguage":"de"}]}},"_links":{"self":[{"href":"https:\/\/zeilmakerijdevriesmaritiem.nl\/de\/wp-json\/wp\/v2\/pages\/2282","targetHints":{"allow":["GET"]}}],"collection":[{"href":"https:\/\/zeilmakerijdevriesmaritiem.nl\/de\/wp-json\/wp\/v2\/pages"}],"about":[{"href":"https:\/\/zeilmakerijdevriesmaritiem.nl\/de\/wp-json\/wp\/v2\/types\/page"}],"author":[{"embeddable":true,"href":"https:\/\/zeilmakerijdevriesmaritiem.nl\/de\/wp-json\/wp\/v2\/users\/1"}],"replies":[{"embeddable":true,"href":"https:\/\/zeilmakerijdevriesmaritiem.nl\/de\/wp-json\/wp\/v2\/comments?post=2282"}],"version-history":[{"count":10,"href":"https:\/\/zeilmakerijdevriesmaritiem.nl\/de\/wp-json\/wp\/v2\/pages\/2282\/revisions"}],"predecessor-version":[{"id":6079,"href":"https:\/\/zeilmakerijdevriesmaritiem.nl\/de\/wp-json\/wp\/v2\/pages\/2282\/revisions\/6079"}],"wp:attachment":[{"href":"https:\/\/zeilmakerijdevriesmaritiem.nl\/de\/wp-json\/wp\/v2\/media?parent=2282"}],"wp:term":[{"taxonomy":"smart_tag","embeddable":true,"href":"https:\/\/zeilmakerijdevriesmaritiem.nl\/de\/wp-json\/wp\/v2\/smart_tag?post=2282"}],"curies":[{"name":"wp","href":"https:\/\/api.w.org\/{rel}","templated":true}]}}