{"id":2,"date":"2019-04-02T16:01:55","date_gmt":"2019-04-02T16:01:55","guid":{"rendered":"https:\/\/maritiem.mediasoep.nl\/?page_id=2"},"modified":"2019-04-02T16:01:55","modified_gmt":"2019-04-02T16:01:55","slug":"beispielseite","status":"publish","type":"page","link":"https:\/\/zeilmakerijdevriesmaritiem.nl\/de\/voorbeeld-pagina\/","title":{"rendered":"Beispielseite"},"content":{"rendered":"<p>Dies ist eine Beispielseite. Er unterscheidet sich von einem Blogbeitrag, weil er an einem Ort bleibt und in der Navigation Ihrer Website erscheint (in den meisten Themes). Die meisten Menschen beginnen mit einer \u00dcber-Seite, die sie potenziellen Besuchern der Website vorstellt. Sie k\u00f6nnte etwa so lauten:<\/p>\n\n\n\n<blockquote class=\"wp-block-quote\"><p>Hallo zusammen! Im Alltag bin ich Fahrradkurier und abends ein angehender Schauspieler. Ich lebe in Los Angeles, habe einen s\u00fc\u00dfen Hund namens Jack und ich liebe Pi\u00f1a Coladas. (Und vom Regen \u00fcberrascht zu werden).<\/p><\/blockquote>\n\n\n\n<p>...oder etwas in dieser Art:<\/p>\n\n\n\n<blockquote class=\"wp-block-quote\"><p>Die XYZ Doohickey Company wurde 1971 gegr\u00fcndet und bietet seitdem qualitativ hochwertige Doohickeys f\u00fcr die \u00d6ffentlichkeit an. XYZ hat seinen Sitz in Gotham City und besch\u00e4ftigt mehr als 2.000 Mitarbeiter, die alle Gro\u00dfartiges f\u00fcr die Gemeinschaft in Gotham leisten.<\/p><\/blockquote>\n\n\n\n<p>Als neuer WordPress-Benutzer k\u00f6nnen Sie zu <a href=\"https:\/\/zeilmakerijdevriesmaritiem.nl\/wp-admin\/\">Ihr Armaturenbrett<\/a> um diese Seite zu l\u00f6schen und neue Seiten f\u00fcr Ihren Inhalt hinzuzuf\u00fcgen. Viel Spa\u00df!<\/p>","protected":false},"excerpt":{"rendered":"<p>Dies ist eine Beispielseite. Er unterscheidet sich von einem Blogbeitrag, weil er an einem Ort bleibt und in der Navigation Ihrer Website erscheint (in den meisten Themes). Die meisten Menschen beginnen mit einer \u00dcber-Seite, die sie potenziellen Besuchern der Website vorstellt. Sie k\u00f6nnte etwa so lauten: Hallo! Ich bin ein...<\/p>","protected":false},"author":1,"featured_media":0,"parent":0,"menu_order":0,"comment_status":"closed","ping_status":"open","template":"","meta":{"_acf_changed":false,"_joinchat":[],"footnotes":""},"smart_tag":[],"class_list":["post-2","page","type-page","status-publish","hentry","entry"],"acf":[],"yoast_head":"<!-- This site is optimized with the Yoast SEO plugin v27.1.1 - https:\/\/yoast.com\/product\/yoast-seo-wordpress\/ -->\n<title>Voorbeeld pagina - De Vries Maritiem<\/title>\n<meta name=\"robots\" content=\"index, follow, max-snippet:-1, max-image-preview:large, max-video-preview:-1\" \/>\n<link rel=\"canonical\" href=\"https:\/\/zeilmakerijdevriesmaritiem.nl\/de\/beispielseite\/\" \/>\n<meta property=\"og:locale\" content=\"de_DE\" \/>\n<meta property=\"og:type\" content=\"article\" \/>\n<meta property=\"og:title\" content=\"Voorbeeld pagina - De Vries Maritiem\" \/>\n<meta property=\"og:description\" content=\"Dit is een voorbeeldpagina. Het is anders dan een blog bericht omdat het op \u00e9\u00e9n plek blijft en tevoorschijn komt in je site navigatie (in de meeste thema&#8217;s). De meeste mensen starten met een Over pagina dat hen voorstelt aan potenti\u00eble site bezoekers. Het zou iets als dit kunnen zeggen: Hoi daar! Ik ben een...\" \/>\n<meta property=\"og:url\" content=\"https:\/\/zeilmakerijdevriesmaritiem.nl\/de\/beispielseite\/\" \/>\n<meta property=\"og:site_name\" content=\"De Vries Maritiem\" \/>\n<meta name=\"twitter:card\" content=\"summary_large_image\" \/>\n<meta name=\"twitter:label1\" content=\"Gesch\u00e4tzte Lesezeit\" \/>\n\t<meta name=\"twitter:data1\" content=\"1\u00a0Minute\" \/>\n<script type=\"application\/ld+json\" class=\"yoast-schema-graph\">{\"@context\":\"https:\/\/schema.org\",\"@graph\":[{\"@type\":\"WebPage\",\"@id\":\"https:\/\/zeilmakerijdevriesmaritiem.nl\/voorbeeld-pagina\/\",\"url\":\"https:\/\/zeilmakerijdevriesmaritiem.nl\/voorbeeld-pagina\/\",\"name\":\"Voorbeeld pagina - De Vries Maritiem\",\"isPartOf\":{\"@id\":\"https:\/\/zeilmakerijdevriesmaritiem.nl\/#website\"},\"datePublished\":\"2019-04-02T16:01:55+00:00\",\"breadcrumb\":{\"@id\":\"https:\/\/zeilmakerijdevriesmaritiem.nl\/voorbeeld-pagina\/#breadcrumb\"},\"inLanguage\":\"de\",\"potentialAction\":[{\"@type\":\"ReadAction\",\"target\":[\"https:\/\/zeilmakerijdevriesmaritiem.nl\/voorbeeld-pagina\/\"]}]},{\"@type\":\"BreadcrumbList\",\"@id\":\"https:\/\/zeilmakerijdevriesmaritiem.nl\/voorbeeld-pagina\/#breadcrumb\",\"itemListElement\":[{\"@type\":\"ListItem\",\"position\":1,\"name\":\"Home\",\"item\":\"https:\/\/zeilmakerijdevriesmaritiem.nl\/\"},{\"@type\":\"ListItem\",\"position\":2,\"name\":\"Voorbeeld pagina\"}]},{\"@type\":\"WebSite\",\"@id\":\"https:\/\/zeilmakerijdevriesmaritiem.nl\/#website\",\"url\":\"https:\/\/zeilmakerijdevriesmaritiem.nl\/\",\"name\":\"De Vries Maritiem\",\"description\":\"\",\"potentialAction\":[{\"@type\":\"SearchAction\",\"target\":{\"@type\":\"EntryPoint\",\"urlTemplate\":\"https:\/\/zeilmakerijdevriesmaritiem.nl\/?s={search_term_string}\"},\"query-input\":{\"@type\":\"PropertyValueSpecification\",\"valueRequired\":true,\"valueName\":\"search_term_string\"}}],\"inLanguage\":\"de\"}]}<\/script>\n<!-- \/ Yoast SEO plugin. -->","yoast_head_json":{"title":"Beispielseite - De Vries Maritiem","robots":{"index":"index","follow":"follow","max-snippet":"max-snippet:-1","max-image-preview":"max-image-preview:large","max-video-preview":"max-video-preview:-1"},"canonical":"https:\/\/zeilmakerijdevriesmaritiem.nl\/de\/beispielseite\/","og_locale":"de_DE","og_type":"article","og_title":"Voorbeeld pagina - De Vries Maritiem","og_description":"Dit is een voorbeeldpagina. Het is anders dan een blog bericht omdat het op \u00e9\u00e9n plek blijft en tevoorschijn komt in je site navigatie (in de meeste thema&#8217;s). De meeste mensen starten met een Over pagina dat hen voorstelt aan potenti\u00eble site bezoekers. Het zou iets als dit kunnen zeggen: Hoi daar! Ik ben een...","og_url":"https:\/\/zeilmakerijdevriesmaritiem.nl\/de\/beispielseite\/","og_site_name":"De Vries Maritiem","twitter_card":"summary_large_image","twitter_misc":{"Gesch\u00e4tzte Lesezeit":"1\u00a0Minute"},"schema":{"@context":"https:\/\/schema.org","@graph":[{"@type":"WebPage","@id":"https:\/\/zeilmakerijdevriesmaritiem.nl\/voorbeeld-pagina\/","url":"https:\/\/zeilmakerijdevriesmaritiem.nl\/voorbeeld-pagina\/","name":"Beispielseite - De Vries Maritiem","isPartOf":{"@id":"https:\/\/zeilmakerijdevriesmaritiem.nl\/#website"},"datePublished":"2019-04-02T16:01:55+00:00","breadcrumb":{"@id":"https:\/\/zeilmakerijdevriesmaritiem.nl\/voorbeeld-pagina\/#breadcrumb"},"inLanguage":"de","potentialAction":[{"@type":"ReadAction","target":["https:\/\/zeilmakerijdevriesmaritiem.nl\/voorbeeld-pagina\/"]}]},{"@type":"BreadcrumbList","@id":"https:\/\/zeilmakerijdevriesmaritiem.nl\/voorbeeld-pagina\/#breadcrumb","itemListElement":[{"@type":"ListItem","position":1,"name":"Home","item":"https:\/\/zeilmakerijdevriesmaritiem.nl\/"},{"@type":"ListItem","position":2,"name":"Voorbeeld pagina"}]},{"@type":"WebSite","@id":"https:\/\/zeilmakerijdevriesmaritiem.nl\/#website","url":"https:\/\/zeilmakerijdevriesmaritiem.nl\/","name":"De Vries Maritiem","description":"","potentialAction":[{"@type":"SearchAction","target":{"@type":"EntryPoint","urlTemplate":"https:\/\/zeilmakerijdevriesmaritiem.nl\/?s={search_term_string}"},"query-input":{"@type":"PropertyValueSpecification","valueRequired":true,"valueName":"search_term_string"}}],"inLanguage":"de"}]}},"_links":{"self":[{"href":"https:\/\/zeilmakerijdevriesmaritiem.nl\/de\/wp-json\/wp\/v2\/pages\/2","targetHints":{"allow":["GET"]}}],"collection":[{"href":"https:\/\/zeilmakerijdevriesmaritiem.nl\/de\/wp-json\/wp\/v2\/pages"}],"about":[{"href":"https:\/\/zeilmakerijdevriesmaritiem.nl\/de\/wp-json\/wp\/v2\/types\/page"}],"author":[{"embeddable":true,"href":"https:\/\/zeilmakerijdevriesmaritiem.nl\/de\/wp-json\/wp\/v2\/users\/1"}],"replies":[{"embeddable":true,"href":"https:\/\/zeilmakerijdevriesmaritiem.nl\/de\/wp-json\/wp\/v2\/comments?post=2"}],"version-history":[{"count":0,"href":"https:\/\/zeilmakerijdevriesmaritiem.nl\/de\/wp-json\/wp\/v2\/pages\/2\/revisions"}],"wp:attachment":[{"href":"https:\/\/zeilmakerijdevriesmaritiem.nl\/de\/wp-json\/wp\/v2\/media?parent=2"}],"wp:term":[{"taxonomy":"smart_tag","embeddable":true,"href":"https:\/\/zeilmakerijdevriesmaritiem.nl\/de\/wp-json\/wp\/v2\/smart_tag?post=2"}],"curies":[{"name":"wp","href":"https:\/\/api.w.org\/{rel}","templated":true}]}}