{"id":15,"date":"2019-04-03T13:02:25","date_gmt":"2019-04-03T13:02:25","guid":{"rendered":"https:\/\/maritiem.mediasoep.nl\/?page_id=15"},"modified":"2025-12-03T16:54:05","modified_gmt":"2025-12-03T16:54:05","slug":"uber-sailmaker-de-vries-maritiem","status":"publish","type":"page","link":"https:\/\/zeilmakerijdevriesmaritiem.nl\/de\/over-zeilmakerij-de-vries-maritiem\/","title":{"rendered":"\u00dcber De Vries Maritiem"},"content":{"rendered":"<div class=\"wp-block-cover has-custom-content-position is-position-top-left\"><img loading=\"lazy\" decoding=\"async\" width=\"1024\" height=\"683\" class=\"wp-block-cover__image-background wp-image-7508 size-large\" alt=\"Segelmacherei De Vries Maritiem Team (gro\u00df (Full HD))\" src=\"https:\/\/zeilmakerijdevriesmaritiem.nl\/wp-content\/uploads\/2019\/04\/Zeilmakerij-De-Vries-Maritiem-team-Groot-FULL-HD-1024x683.jpg\" style=\"object-position:48% 41%\" data-object-fit=\"cover\" data-object-position=\"48% 41%\" srcset=\"https:\/\/zeilmakerijdevriesmaritiem.nl\/wp-content\/uploads\/2019\/04\/Zeilmakerij-De-Vries-Maritiem-team-Groot-FULL-HD-1024x683.jpg 1024w, https:\/\/zeilmakerijdevriesmaritiem.nl\/wp-content\/uploads\/2019\/04\/Zeilmakerij-De-Vries-Maritiem-team-Groot-FULL-HD-300x200.jpg 300w, https:\/\/zeilmakerijdevriesmaritiem.nl\/wp-content\/uploads\/2019\/04\/Zeilmakerij-De-Vries-Maritiem-team-Groot-FULL-HD-768x512.jpg 768w, https:\/\/zeilmakerijdevriesmaritiem.nl\/wp-content\/uploads\/2019\/04\/Zeilmakerij-De-Vries-Maritiem-team-Groot-FULL-HD-1536x1024.jpg 1536w, https:\/\/zeilmakerijdevriesmaritiem.nl\/wp-content\/uploads\/2019\/04\/Zeilmakerij-De-Vries-Maritiem-team-Groot-FULL-HD-18x12.jpg 18w, https:\/\/zeilmakerijdevriesmaritiem.nl\/wp-content\/uploads\/2019\/04\/Zeilmakerij-De-Vries-Maritiem-team-Groot-FULL-HD-188x125.jpg 188w, https:\/\/zeilmakerijdevriesmaritiem.nl\/wp-content\/uploads\/2019\/04\/Zeilmakerij-De-Vries-Maritiem-team-Groot-FULL-HD.jpg 1620w\" sizes=\"auto, (max-width: 1024px) 100vw, 1024px\" \/><span aria-hidden=\"true\" class=\"wp-block-cover__background has-background-dim-0 has-background-dim\" style=\"background-color:#675f61\"><\/span><div class=\"wp-block-cover__inner-container\">\n<p class=\"wp-block-paragraph\"><\/p>\n<\/div><\/div>\n\n\n<div id=\"block_5cb5dccb0d3c0\" class=\"ms_breadcrumbs\">\n            <style>@media screen and (max-width: 39.9375em){#block_5cb5dccb0d3c0{margin-bottom:1rem;padding-top:1rem;padding-bottom:1rem;}}@media screen and (min-width: 40em) and (max-width: 63.9375em){#block_5cb5dccb0d3c0{margin-bottom:1rem;padding-top:1rem;padding-bottom:1rem;}}@media screen and (min-width: 64em){#block_5cb5dccb0d3c0{margin-bottom:1rem;padding-top:1rem;padding-bottom:1rem;}}<\/style>\n        <div class=\"container\">\n        <ul id=\"breadcrumbs\" class=\"breadcrumbs\" itemscope itemtype=\"http:\/\/schema.org\/BreadcrumbList\"><li itemprop=\"itemListElement\" itemscope itemtype=\"http:\/\/schema.org\/ListItem\"><a class=\"breadcrumbs__link\" href=\"https:\/\/zeilmakerijdevriesmaritiem.nl\/de\/\" itemprop=\"item\" title=\"Startseite\"><span itemprop=\"name\" style=\"display: none;\">Startseite<\/span>Startseite<\/a><meta itemprop=\"position\" content=\"1\" \/><\/li><\/ul><!-- .breadcrumbs -->\n    <\/div>\n<\/div>\n\n\n\n<div class=\"wp-block-columns has-2-columns\">\n<div class=\"wp-block-column is-one-third\"><div class=\"ms_sidemenu\" style=\"margin-bottom: 1rem; padding-bottom: 2.5rem;\">\n            <div class=\"box\">\n            <div class=\"pages-list\"><a href='https:\/\/zeilmakerijdevriesmaritiem.nl\/de\/over-zeilmakerij-de-vries-maritiem\/de-zeilmakers\/'>Die Segelmacher <span class='iconify text-secondary' data-icon='far:caret-right'><\/span><\/a><\/div><div class=\"pages-list\"><a href='https:\/\/zeilmakerijdevriesmaritiem.nl\/de\/over-zeilmakerij-de-vries-maritiem\/historie\/'>Geschichte <span class='iconify text-secondary' data-icon='far:caret-right'><\/span><\/a><\/div><div class=\"pages-list\"><a href='https:\/\/zeilmakerijdevriesmaritiem.nl\/de\/over-zeilmakerij-de-vries-maritiem\/vacatures\/'>Freie Stellen <span class='iconify text-secondary' data-icon='far:caret-right'><\/span><\/a><ul class=\"icon-ul\"><li><span class='icon-li'><span class='iconify text-secondary' data-icon='far:chevron-right'><\/span><\/span><a href='https:\/\/zeilmakerijdevriesmaritiem.nl\/de\/over-zeilmakerij-de-vries-maritiem\/vacatures\/3d-ontwerper-canvas-producten\/'>3D-Designer (Segeltuchprodukte)<\/a><\/li><li><span class='icon-li'><span class='iconify text-secondary' data-icon='far:chevron-right'><\/span><\/span><a href='https:\/\/zeilmakerijdevriesmaritiem.nl\/de\/over-zeilmakerij-de-vries-maritiem\/vacatures\/canvas-naaister\/'>N\u00e4hen von Segeltuch<\/a><\/li><li><span class='icon-li'><span class='iconify text-secondary' data-icon='far:chevron-right'><\/span><\/span><a href='https:\/\/zeilmakerijdevriesmaritiem.nl\/de\/over-zeilmakerij-de-vries-maritiem\/vacatures\/canvas-zeilmaker\/'>Erfahrene Segeltuchmacherin<\/a><\/li><li><span class='icon-li'><span class='iconify text-secondary' data-icon='far:chevron-right'><\/span><\/span><a href='https:\/\/zeilmakerijdevriesmaritiem.nl\/de\/over-zeilmakerij-de-vries-maritiem\/vacatures\/junior-canvas-zeilmaker\/'>Junior-Segelmacher<\/a><\/li><\/ul><\/div><div class=\"pages-list\"><a href='https:\/\/zeilmakerijdevriesmaritiem.nl\/de\/over-zeilmakerij-de-vries-maritiem\/zeilmakerij-friesland\/'>Segelmacherei Friesland <span class='iconify text-secondary' data-icon='far:caret-right'><\/span><\/a><\/div><div class=\"pages-list\"><a href='https:\/\/zeilmakerijdevriesmaritiem.nl\/de\/over-zeilmakerij-de-vries-maritiem\/zeilmakerij-lemmer\/'>Lemmer Segelmacher <span class='iconify text-secondary' data-icon='far:caret-right'><\/span><\/a><\/div><div class=\"pages-list\"><a href='https:\/\/zeilmakerijdevriesmaritiem.nl\/de\/over-zeilmakerij-de-vries-maritiem\/zeilmakerij-noord-holland\/'>Segelmacherei Nord-Holland <span class='iconify text-secondary' data-icon='far:caret-right'><\/span><\/a><\/div>\n        <\/div>\n                <div class=\"usps\">\n                            <div class=\"usp\">\n                    <p class=\"title\">Fast 200 Jahre Erfahrung<\/p>\n                                    <\/div>\n                            <div class=\"usp\">\n                    <p class=\"title\">Eigener Hafen in Lemmer<\/p>\n                                    <\/div>\n                            <div class=\"usp\">\n                    <p class=\"title\">Unsere Leute segeln selbst: in der Freizeit und im Wettkampf<\/p>\n                                    <\/div>\n                    <\/div>\n    <\/div>\n<\/div>\n\n\n\n<div class=\"wp-block-column is-two-thirds\"><section id=\"block_3b634ec0349c5c69ddb0694bbb317ee9\" class=\"ms_advanced-title text-left font-normal\">\n            <style>@media screen and (max-width: 39.9375em){#block_3b634ec0349c5c69ddb0694bbb317ee9{margin-bottom:0.5rem;}}@media screen and (min-width: 40em) and (max-width: 63.9375em){#block_3b634ec0349c5c69ddb0694bbb317ee9{margin-bottom:1rem;}}@media screen and (min-width: 64em){#block_3b634ec0349c5c69ddb0694bbb317ee9{margin-bottom:1rem;}}<\/style>\n        \n            <h1 class=\"title h1\">\n            <h1>Segelbau in Friesland: Qualit\u00e4t und Handwerkskunst<\/h1>\n\n        <\/h1>\n    \n    \n    <\/section>\n\n\n\n<p class=\"wp-block-paragraph\">Segelmacher De Vries Maritiem ist der Segelmacher, der mit Ihnen denkt. Unsere Segelmacher produzieren und reparieren Segel f\u00fcr alle Arten von Booten. Dies tun wir seit fast 200 Jahren in unserer eigenen Segelmacherei in Friesland, Lemmer. Wir sind stolz auf unsere lokale Produktion von Segelmachern, die an ihr Handwerk glauben!<\/p>\n\n\n\n<h2 class=\"wp-block-heading\"><strong>Unser Angebot<\/strong><\/h2>\n\n\n\n<p>Sowohl der Wassersport als auch das Segelmacherhandwerk liegen in unserer DNA. Die Technik in unserer Segelmacherei ist auf dem neuesten Stand. Deshalb k\u00f6nnen wir Ihr Boot mit allen Arten von Segeln und Planen (Zelten) ausstatten. Wir lieben es, unsere Leidenschaft f\u00fcr dieses Handwerk mit Ihnen zu teilen! Sind Sie also neugierig, was wir f\u00fcr Sie tun k\u00f6nnen? Schauen Sie sich unsere Produkte und Dienstleistungen \u00fcber das Men\u00fc der Website an.<\/p>\n\n\n\n<p>Kurz gesagt, das k\u00f6nnen wir f\u00fcr Sie tun:<\/p>\n\n\n\n<ul class=\"wp-block-list wp-block-list\">\n<li><a href=\"https:\/\/zeilmakerijdevriesmaritiem.nl\/de\/segelt\/\">Herstellung neuer Segel<\/a><\/li>\n\n\n\n<li><a href=\"https:\/\/zeilmakerijdevriesmaritiem.nl\/de\/wartung-und-reparatur\/reparatursegel\/\">Reparieren von Segeln<\/a><\/li>\n\n\n\n<li><a href=\"https:\/\/zeilmakerijdevriesmaritiem.nl\/de\/segeltuchprodukte\/\">Bootszelte und Segeltuchherstellung<\/a><\/li>\n\n\n\n<li><a href=\"https:\/\/zeilmakerijdevriesmaritiem.nl\/de\/wartung-und-reparatur\/\">Zelte reparieren<\/a><\/li>\n\n\n\n<li><a href=\"https:\/\/zeilmakerijdevriesmaritiem.nl\/de\/wartung-und-reparatur\/segelwaschanlage\/\">Reinigung von Segeln und Zelten<\/a><\/li>\n\n\n\n<li><a href=\"https:\/\/zeilmakerijdevriesmaritiem.nl\/de\/secondhand-segel\/\">Verkauf von gebrauchten Segeln<\/a><\/li>\n\n\n\n<li><a href=\"https:\/\/zeilmakerijdevriesmaritiem.nl\/de\/segelboot\/\">Masten, Leinen, Takelage<\/a><\/li>\n\n\n\n<li><a href=\"https:\/\/zeilmakerijdevriesmaritiem.nl\/de\/segelt\/grossegel\/rollgrosssegel\/\">Rollfockanlagen<\/a><\/li>\n\n\n\n<li><a href=\"https:\/\/zeilmakerijdevriesmaritiem.nl\/de\/segeltuchprodukte\/markise\/\">Sonnendeck<\/a><\/li>\n<\/ul>\n\n\n\n<h2 class=\"wp-block-heading\"><strong>\u00dcber De Vries Maritiem<\/strong><\/h2>\n\n\n\n<p>Wussten Sie, dass unsere Segelmacherei von einem Weltumsegler gegr\u00fcndet wurde? Kein Geringerer als Marten Pieterszs De Vries lie\u00df sich 1823 in Lemmer nieder. Davor segelte er jahrelang als Segelmacher auf einem Windjammer. Er segelte um die ganze Welt! Mit so viel Erfahrung war er in der Lage, den friesischen Markt mit guter Beratung und qualitativ hochwertigen Segeln zu versorgen. Im Jahr 1830 gr\u00fcndete Marten die Zeilmakerij, nicht ahnend, dass sich das Unternehmen 200 Jahre sp\u00e4ter zu einer f\u00fchrenden Segelmacherei entwickeln w\u00fcrde.<\/p>\n\n\n\n<p>Sie fragen sich, wie sich unser Unternehmen danach entwickelt hat?<\/p>\n\n\n<div id=\"block_91b29e502dfdba237cb1e35717487f7f\" class=\"ms_button\">\n            <style>@media screen and (max-width: 39.9375em){#block_91b29e502dfdba237cb1e35717487f7f{margin-bottom:0.5rem;}}@media screen and (min-width: 40em) and (max-width: 63.9375em){#block_91b29e502dfdba237cb1e35717487f7f{margin-bottom:1rem;}}@media screen and (min-width: 64em){#block_91b29e502dfdba237cb1e35717487f7f{margin-bottom:1rem;}}<\/style>\n        <a\n        id=\"block_91b29e502dfdba237cb1e35717487f7f_button\"\n        class=\"button\"\n        href=\"https:\/\/zeilmakerijdevriesmaritiem.nl\/de\/zeilmakerij\/geschichte\/\"\n        target=\"\"\n    >\n                <span class=\"text\">\n            Lesen Sie mehr \u00fcber unsere Geschichte\n        <\/span>\n            <\/a>\n<\/div>\n\n\n\n<h2 class=\"wp-block-heading\"><strong>Unser Team<\/strong><\/h2>\n\n\n\n<figure class=\"wp-block-image size-large is-resized\"><img loading=\"lazy\" decoding=\"async\" width=\"1024\" height=\"683\" src=\"https:\/\/zeilmakerijdevriesmaritiem.nl\/wp-content\/uploads\/2023\/02\/team_de_vries_maritiem_dijk-1024x683.jpg\" alt=\"Das Team der Zeilmakerij De Vries Maritiem in Friesland auf dem Deich\" class=\"wp-image-6130\" style=\"width:584px;height:389px\" srcset=\"https:\/\/zeilmakerijdevriesmaritiem.nl\/wp-content\/uploads\/2023\/02\/team_de_vries_maritiem_dijk-1024x683.jpg 1024w, https:\/\/zeilmakerijdevriesmaritiem.nl\/wp-content\/uploads\/2023\/02\/team_de_vries_maritiem_dijk-300x200.jpg 300w, https:\/\/zeilmakerijdevriesmaritiem.nl\/wp-content\/uploads\/2023\/02\/team_de_vries_maritiem_dijk-768x512.jpg 768w, https:\/\/zeilmakerijdevriesmaritiem.nl\/wp-content\/uploads\/2023\/02\/team_de_vries_maritiem_dijk-18x12.jpg 18w, https:\/\/zeilmakerijdevriesmaritiem.nl\/wp-content\/uploads\/2023\/02\/team_de_vries_maritiem_dijk-188x125.jpg 188w, https:\/\/zeilmakerijdevriesmaritiem.nl\/wp-content\/uploads\/2023\/02\/team_de_vries_maritiem_dijk.jpg 1200w\" sizes=\"auto, (max-width: 1024px) 100vw, 1024px\" \/><figcaption class=\"wp-element-caption\">Mannschaft De Vries Maritiem<\/figcaption><\/figure>\n\n\n\n<p>Unsere Segelmacherei befindet sich in der N\u00e4he des Wassers. Sie k\u00f6nnen uns im Vuurtorenweg 1 in Lemmer (Friesland) besuchen, wo Sie herzlich willkommen sind, unsere traditionelle Segelmacherei zu besichtigen. Wir haben einen eigenen Yachthafen direkt neben dem Gel\u00e4nde.<\/p>\n\n\n\n<h2 class=\"wp-block-heading\"><strong>Werden Sie sich uns anschlie\u00dfen?<\/strong><\/h2>\n\n\n\n<p>Wussten Sie, dass es f\u00fcr den Beruf des Segelmachers keine offizielle Ausbildung gibt? Es ist ein echtes Handwerk, das wir unseren Kollegen in unserer Segelmacherei selbst beibringen. <\/p>\n\n\n\n<p>Wir sind immer auf der Suche nach neuen Talenten und haben einige tolle Stellen zu besetzen. Schauen Sie sich die offenen Stellen an und rufen Sie uns an, um weitere Informationen zu erhalten oder uns bei einer Tasse Kaffee kennenzulernen.<\/p>\n\n\n<div id=\"block_49772e9c6dada79a9bb006812b566efe\" class=\"ms_button\">\n            <style>@media screen and (max-width: 39.9375em){#block_49772e9c6dada79a9bb006812b566efe{margin-bottom:0.5rem;}}@media screen and (min-width: 40em) and (max-width: 63.9375em){#block_49772e9c6dada79a9bb006812b566efe{margin-bottom:1rem;}}@media screen and (min-width: 64em){#block_49772e9c6dada79a9bb006812b566efe{margin-bottom:1rem;}}<\/style>\n        <a\n        id=\"block_49772e9c6dada79a9bb006812b566efe_button\"\n        class=\"button\"\n        href=\"https:\/\/zeilmakerijdevriesmaritiem.nl\/de\/zeilmakerij\/freie-stellen\/\"\n        target=\"\"\n    >\n                <span class=\"text\">\n            Offene Stellen anzeigen\n        <\/span>\n            <\/a>\n<\/div>\n\n\n<figure class=\"wp-block-embed is-type-video is-provider-youtube wp-block-embed-youtube wp-embed-aspect-16-9 wp-has-aspect-ratio\"><div class=\"wp-block-embed__wrapper\">\n<iframe loading=\"lazy\" title=\"BLACKMAN &amp; WHITE ORION Schneidetisch\" width=\"640\" height=\"360\" src=\"%5Bhttps:\/\/www.youtube.com\/embed\/n0mf3az4Fgw?feature=oembed%7D&amp;modestbranding=1&amp;showinfo=0&amp;rel=0&amp;autoplay=1&amp;vq=hd1080&amp;enablejsapi=1&amp;playsinline=1&amp;mute=1&amp;origin=216.73.216.107\" frameborder=\"0\" allow=\"accelerometer; autoplay; clipboard-write; encrypted-media; gyroscope; picture-in-picture; web-share\" referrerpolicy=\"strict-origin-when-cross-origin\" allowfullscreen srcdoc=\"&lt;style&gt;*{padding:0;margin:0;overflow:hidden}html,body{height:100%}img,span{position:absolute;width:100%;top:0;bottom:0;margin:auto}span{height:1.5em;text-align:center;font:48px\/1.5 sans-serif;color:white;text-shadow:0 0 0.5em black}&lt;\/style&gt;&lt;a href='https:\/\/www.youtube.com\/embed\/n0mf3az4Fgw?modestbranding=1&amp;showinfo=0&amp;rel=0&amp;autoplay=1&amp;vq=hd1080&amp;enablejsapi=1&amp;playsinline=1&amp;mute=1'&gt;&lt;img src='https:\/\/i.ytimg.com\/vi\/n0mf3az4Fgw\/maxresdefault.jpg' alt='BLACKMAN &amp; WHITE ORION snijtafel'&gt;&lt;span&gt;&#9654;&lt;\/span&gt;&lt;\/a&gt;\"><\/iframe>\n<\/div><\/figure>\n\n\n\n<p class=\"wp-block-paragraph\">Lesen Sie mehr \u00fcber unser <a href=\"https:\/\/zeilmakerijdevriesmaritiem.nl\/de\/de-zeilmakerij\/geschichte\/\">Geschichte,<\/a> <a href=\"https:\/\/zeilmakerijdevriesmaritiem.nl\/de\/de-zeilmakerij\/die-segelmacher\/\">die Segelmacher<\/a> und <a href=\"https:\/\/zeilmakerijdevriesmaritiem.nl\/de\/de-zeilmakerij\/freie-stellen\/\">unsere offenen Stellen<\/a>. <br><\/p>\n<\/div>\n<\/div>\n\n\n<div class=\"usps-container ms_usps alignfull alignfull\" style=\"margin-top: 4rem; margin-bottom: 1rem; padding-top: 2.5rem; padding-bottom: 2.5rem;\">\n        <div class=\"usps-bg-image\">\n            <img src='https:\/\/zeilmakerijdevriesmaritiem.nl\/wp-content\/storage\/dist\/images\/usp_img.png'\/>\n        <\/div>\n        <section class=\"ms_usps\">\n            <div class=\"wrapper horizontal\">\n                                    <div class=\"usp\">\n                                                    <img decoding=\"async\" src=\"https:\/\/zeilmakerijdevriesmaritiem.nl\/wp-content\/uploads\/2019\/04\/devries_maritiem_icons-ervaring.svg\">\n                                                <span class=\"text\">Fast 200 Jahre <\/br> Erleben Sie<\/span>\n                    <\/div>\n                                    <div class=\"usp\">\n                                                    <img decoding=\"async\" src=\"https:\/\/zeilmakerijdevriesmaritiem.nl\/wp-content\/uploads\/2019\/04\/devries_maritiem_icons-haven.svg\">\n                                                <span class=\"text\">Eigener Hafen <\/br> in Lemmer<\/span>\n                    <\/div>\n                                    <div class=\"usp\">\n                                                    <img decoding=\"async\" src=\"https:\/\/zeilmakerijdevriesmaritiem.nl\/wp-content\/uploads\/2019\/04\/devries_maritiem_icons-varen.svg\">\n                                                <span class=\"text\">Unsere Leute segeln auch: <\/br> Freizeit und Wettbewerb<\/span>\n                    <\/div>\n                            <\/div>\n        <\/section>\n    <\/div>","protected":false},"excerpt":{"rendered":"<p>Segelmacher De Vries Maritiem ist der Segelmacher, der mit Ihnen denkt. Unsere Segelmacher produzieren und reparieren Segel f\u00fcr alle Arten von Booten. Dies tun wir seit fast 200 Jahren in unserer eigenen Segelmacherei in Friesland, Lemmer. Wir sind stolz auf unsere lokale Produktion von Segelmachern, die an ihr Handwerk glauben! Unser Angebot Sowohl Wassersport als auch...<\/p>","protected":false},"author":1,"featured_media":4728,"parent":0,"menu_order":0,"comment_status":"closed","ping_status":"closed","template":"","meta":{"_acf_changed":false,"_joinchat":[],"footnotes":""},"smart_tag":[],"class_list":["post-15","page","type-page","status-publish","has-post-thumbnail","hentry","entry"],"acf":[],"yoast_head":"<!-- This site is optimized with the Yoast SEO plugin v27.1.1 - https:\/\/yoast.com\/product\/yoast-seo-wordpress\/ -->\n<title>Over Zeilmakerij De Vries Maritiem - Alles over de zeilmakerij<\/title>\n<meta name=\"robots\" content=\"index, follow, max-snippet:-1, max-image-preview:large, max-video-preview:-1\" \/>\n<link rel=\"canonical\" href=\"https:\/\/zeilmakerijdevriesmaritiem.nl\/de\/uber-sailmaker-de-vries-maritiem\/\" \/>\n<meta property=\"og:locale\" content=\"de_DE\" \/>\n<meta property=\"og:type\" content=\"article\" \/>\n<meta property=\"og:title\" content=\"Over Zeilmakerij De Vries Maritiem - Alles over de zeilmakerij\" \/>\n<meta property=\"og:description\" content=\"Zeilmakerij De Vries Maritiem is de zeilmakerij die met je meedenkt. Onze zeilmakers produceren en repareren zeilen voor allerlei soorten boten. Dit doen we al bijna 200 jaar vanuit onze eigen zeilmakerij in Friesland, Lemmer. We zijn trots op onze lokale productie door zeilmakers die geloven in hun ambacht! Ons aanbod Zowel de watersport als...\" \/>\n<meta property=\"og:url\" content=\"https:\/\/zeilmakerijdevriesmaritiem.nl\/de\/uber-sailmaker-de-vries-maritiem\/\" \/>\n<meta property=\"og:site_name\" content=\"De Vries Maritiem\" \/>\n<meta property=\"article:modified_time\" content=\"2025-12-03T16:54:05+00:00\" \/>\n<meta property=\"og:image\" content=\"https:\/\/zeilmakerijdevriesmaritiem.nl\/wp-content\/uploads\/2020\/12\/IMG_5355-scaled.jpg\" \/>\n\t<meta property=\"og:image:width\" content=\"2048\" \/>\n\t<meta property=\"og:image:height\" content=\"1365\" \/>\n\t<meta property=\"og:image:type\" content=\"image\/jpeg\" \/>\n<meta name=\"twitter:card\" content=\"summary_large_image\" \/>\n<meta name=\"twitter:label1\" content=\"Gesch\u00e4tzte Lesezeit\" \/>\n\t<meta name=\"twitter:data1\" content=\"3\u00a0Minuten\" \/>\n<script type=\"application\/ld+json\" class=\"yoast-schema-graph\">{\"@context\":\"https:\/\/schema.org\",\"@graph\":[{\"@type\":\"WebPage\",\"@id\":\"https:\/\/zeilmakerijdevriesmaritiem.nl\/over-zeilmakerij-de-vries-maritiem\/\",\"url\":\"https:\/\/zeilmakerijdevriesmaritiem.nl\/over-zeilmakerij-de-vries-maritiem\/\",\"name\":\"Over Zeilmakerij De Vries Maritiem - Alles over de zeilmakerij\",\"isPartOf\":{\"@id\":\"https:\/\/zeilmakerijdevriesmaritiem.nl\/#website\"},\"primaryImageOfPage\":{\"@id\":\"https:\/\/zeilmakerijdevriesmaritiem.nl\/over-zeilmakerij-de-vries-maritiem\/#primaryimage\"},\"image\":{\"@id\":\"https:\/\/zeilmakerijdevriesmaritiem.nl\/over-zeilmakerij-de-vries-maritiem\/#primaryimage\"},\"thumbnailUrl\":\"https:\/\/zeilmakerijdevriesmaritiem.nl\/wp-content\/uploads\/2020\/12\/IMG_5355-scaled.jpg\",\"datePublished\":\"2019-04-03T13:02:25+00:00\",\"dateModified\":\"2025-12-03T16:54:05+00:00\",\"breadcrumb\":{\"@id\":\"https:\/\/zeilmakerijdevriesmaritiem.nl\/over-zeilmakerij-de-vries-maritiem\/#breadcrumb\"},\"inLanguage\":\"de\",\"potentialAction\":[{\"@type\":\"ReadAction\",\"target\":[\"https:\/\/zeilmakerijdevriesmaritiem.nl\/over-zeilmakerij-de-vries-maritiem\/\"]}]},{\"@type\":\"ImageObject\",\"inLanguage\":\"de\",\"@id\":\"https:\/\/zeilmakerijdevriesmaritiem.nl\/over-zeilmakerij-de-vries-maritiem\/#primaryimage\",\"url\":\"https:\/\/zeilmakerijdevriesmaritiem.nl\/wp-content\/uploads\/2020\/12\/IMG_5355-scaled.jpg\",\"contentUrl\":\"https:\/\/zeilmakerijdevriesmaritiem.nl\/wp-content\/uploads\/2020\/12\/IMG_5355-scaled.jpg\",\"width\":2048,\"height\":1365,\"caption\":\"zeilmakerij\"},{\"@type\":\"BreadcrumbList\",\"@id\":\"https:\/\/zeilmakerijdevriesmaritiem.nl\/over-zeilmakerij-de-vries-maritiem\/#breadcrumb\",\"itemListElement\":[{\"@type\":\"ListItem\",\"position\":1,\"name\":\"Home\",\"item\":\"https:\/\/zeilmakerijdevriesmaritiem.nl\/\"},{\"@type\":\"ListItem\",\"position\":2,\"name\":\"Over Zeilmakerij De Vries Maritiem\"}]},{\"@type\":\"WebSite\",\"@id\":\"https:\/\/zeilmakerijdevriesmaritiem.nl\/#website\",\"url\":\"https:\/\/zeilmakerijdevriesmaritiem.nl\/\",\"name\":\"De Vries Maritiem\",\"description\":\"\",\"potentialAction\":[{\"@type\":\"SearchAction\",\"target\":{\"@type\":\"EntryPoint\",\"urlTemplate\":\"https:\/\/zeilmakerijdevriesmaritiem.nl\/?s={search_term_string}\"},\"query-input\":{\"@type\":\"PropertyValueSpecification\",\"valueRequired\":true,\"valueName\":\"search_term_string\"}}],\"inLanguage\":\"de\"}]}<\/script>\n<!-- \/ Yoast SEO plugin. -->","yoast_head_json":{"title":"\u00dcber De Vries Maritiem - Alles \u00fcber die Segelmacherei","robots":{"index":"index","follow":"follow","max-snippet":"max-snippet:-1","max-image-preview":"max-image-preview:large","max-video-preview":"max-video-preview:-1"},"canonical":"https:\/\/zeilmakerijdevriesmaritiem.nl\/de\/uber-sailmaker-de-vries-maritiem\/","og_locale":"de_DE","og_type":"article","og_title":"Over Zeilmakerij De Vries Maritiem - Alles over de zeilmakerij","og_description":"Zeilmakerij De Vries Maritiem is de zeilmakerij die met je meedenkt. Onze zeilmakers produceren en repareren zeilen voor allerlei soorten boten. Dit doen we al bijna 200 jaar vanuit onze eigen zeilmakerij in Friesland, Lemmer. We zijn trots op onze lokale productie door zeilmakers die geloven in hun ambacht! Ons aanbod Zowel de watersport als...","og_url":"https:\/\/zeilmakerijdevriesmaritiem.nl\/de\/uber-sailmaker-de-vries-maritiem\/","og_site_name":"De Vries Maritiem","article_modified_time":"2025-12-03T16:54:05+00:00","og_image":[{"width":2048,"height":1365,"url":"https:\/\/zeilmakerijdevriesmaritiem.nl\/wp-content\/uploads\/2020\/12\/IMG_5355-scaled.jpg","type":"image\/jpeg"}],"twitter_card":"summary_large_image","twitter_misc":{"Gesch\u00e4tzte Lesezeit":"3\u00a0Minuten"},"schema":{"@context":"https:\/\/schema.org","@graph":[{"@type":"WebPage","@id":"https:\/\/zeilmakerijdevriesmaritiem.nl\/over-zeilmakerij-de-vries-maritiem\/","url":"https:\/\/zeilmakerijdevriesmaritiem.nl\/over-zeilmakerij-de-vries-maritiem\/","name":"\u00dcber De Vries Maritiem - Alles \u00fcber die Segelmacherei","isPartOf":{"@id":"https:\/\/zeilmakerijdevriesmaritiem.nl\/#website"},"primaryImageOfPage":{"@id":"https:\/\/zeilmakerijdevriesmaritiem.nl\/over-zeilmakerij-de-vries-maritiem\/#primaryimage"},"image":{"@id":"https:\/\/zeilmakerijdevriesmaritiem.nl\/over-zeilmakerij-de-vries-maritiem\/#primaryimage"},"thumbnailUrl":"https:\/\/zeilmakerijdevriesmaritiem.nl\/wp-content\/uploads\/2020\/12\/IMG_5355-scaled.jpg","datePublished":"2019-04-03T13:02:25+00:00","dateModified":"2025-12-03T16:54:05+00:00","breadcrumb":{"@id":"https:\/\/zeilmakerijdevriesmaritiem.nl\/over-zeilmakerij-de-vries-maritiem\/#breadcrumb"},"inLanguage":"de","potentialAction":[{"@type":"ReadAction","target":["https:\/\/zeilmakerijdevriesmaritiem.nl\/over-zeilmakerij-de-vries-maritiem\/"]}]},{"@type":"ImageObject","inLanguage":"de","@id":"https:\/\/zeilmakerijdevriesmaritiem.nl\/over-zeilmakerij-de-vries-maritiem\/#primaryimage","url":"https:\/\/zeilmakerijdevriesmaritiem.nl\/wp-content\/uploads\/2020\/12\/IMG_5355-scaled.jpg","contentUrl":"https:\/\/zeilmakerijdevriesmaritiem.nl\/wp-content\/uploads\/2020\/12\/IMG_5355-scaled.jpg","width":2048,"height":1365,"caption":"zeilmakerij"},{"@type":"BreadcrumbList","@id":"https:\/\/zeilmakerijdevriesmaritiem.nl\/over-zeilmakerij-de-vries-maritiem\/#breadcrumb","itemListElement":[{"@type":"ListItem","position":1,"name":"Home","item":"https:\/\/zeilmakerijdevriesmaritiem.nl\/"},{"@type":"ListItem","position":2,"name":"Over Zeilmakerij De Vries Maritiem"}]},{"@type":"WebSite","@id":"https:\/\/zeilmakerijdevriesmaritiem.nl\/#website","url":"https:\/\/zeilmakerijdevriesmaritiem.nl\/","name":"De Vries Maritiem","description":"","potentialAction":[{"@type":"SearchAction","target":{"@type":"EntryPoint","urlTemplate":"https:\/\/zeilmakerijdevriesmaritiem.nl\/?s={search_term_string}"},"query-input":{"@type":"PropertyValueSpecification","valueRequired":true,"valueName":"search_term_string"}}],"inLanguage":"de"}]}},"_links":{"self":[{"href":"https:\/\/zeilmakerijdevriesmaritiem.nl\/de\/wp-json\/wp\/v2\/pages\/15","targetHints":{"allow":["GET"]}}],"collection":[{"href":"https:\/\/zeilmakerijdevriesmaritiem.nl\/de\/wp-json\/wp\/v2\/pages"}],"about":[{"href":"https:\/\/zeilmakerijdevriesmaritiem.nl\/de\/wp-json\/wp\/v2\/types\/page"}],"author":[{"embeddable":true,"href":"https:\/\/zeilmakerijdevriesmaritiem.nl\/de\/wp-json\/wp\/v2\/users\/1"}],"replies":[{"embeddable":true,"href":"https:\/\/zeilmakerijdevriesmaritiem.nl\/de\/wp-json\/wp\/v2\/comments?post=15"}],"version-history":[{"count":61,"href":"https:\/\/zeilmakerijdevriesmaritiem.nl\/de\/wp-json\/wp\/v2\/pages\/15\/revisions"}],"predecessor-version":[{"id":7511,"href":"https:\/\/zeilmakerijdevriesmaritiem.nl\/de\/wp-json\/wp\/v2\/pages\/15\/revisions\/7511"}],"wp:featuredmedia":[{"embeddable":true,"href":"https:\/\/zeilmakerijdevriesmaritiem.nl\/de\/wp-json\/wp\/v2\/media\/4728"}],"wp:attachment":[{"href":"https:\/\/zeilmakerijdevriesmaritiem.nl\/de\/wp-json\/wp\/v2\/media?parent=15"}],"wp:term":[{"taxonomy":"smart_tag","embeddable":true,"href":"https:\/\/zeilmakerijdevriesmaritiem.nl\/de\/wp-json\/wp\/v2\/smart_tag?post=15"}],"curies":[{"name":"wp","href":"https:\/\/api.w.org\/{rel}","templated":true}]}}