{"id":13,"date":"2019-04-03T13:01:54","date_gmt":"2019-04-03T13:01:54","guid":{"rendered":"https:\/\/maritiem.mediasoep.nl\/?page_id=13"},"modified":"2021-07-27T14:33:12","modified_gmt":"2021-07-27T14:33:12","slug":"motorboot","status":"publish","type":"page","link":"https:\/\/zeilmakerijdevriesmaritiem.nl\/de\/motorboot\/","title":{"rendered":"Motorboot"},"content":{"rendered":"<div class=\"wp-block-cover\"><img loading=\"lazy\" decoding=\"async\" width=\"1024\" height=\"768\" class=\"wp-block-cover__image-background wp-image-1928\" alt=\"\" src=\"https:\/\/zeilmakerijdevriesmaritiem.nl\/wp-content\/uploads\/2019\/06\/WhatsApp-Image-2019-06-03-at-23.03.33.jpeg\" style=\"object-position:52% 56%\" data-object-fit=\"cover\" data-object-position=\"52% 56%\" srcset=\"https:\/\/zeilmakerijdevriesmaritiem.nl\/wp-content\/uploads\/2019\/06\/WhatsApp-Image-2019-06-03-at-23.03.33.jpeg 1024w, https:\/\/zeilmakerijdevriesmaritiem.nl\/wp-content\/uploads\/2019\/06\/WhatsApp-Image-2019-06-03-at-23.03.33-200x150.jpeg 200w, https:\/\/zeilmakerijdevriesmaritiem.nl\/wp-content\/uploads\/2019\/06\/WhatsApp-Image-2019-06-03-at-23.03.33-300x225.jpeg 300w, https:\/\/zeilmakerijdevriesmaritiem.nl\/wp-content\/uploads\/2019\/06\/WhatsApp-Image-2019-06-03-at-23.03.33-768x576.jpeg 768w, https:\/\/zeilmakerijdevriesmaritiem.nl\/wp-content\/uploads\/2019\/06\/WhatsApp-Image-2019-06-03-at-23.03.33-366x275.jpeg 366w, https:\/\/zeilmakerijdevriesmaritiem.nl\/wp-content\/uploads\/2019\/06\/WhatsApp-Image-2019-06-03-at-23.03.33-167x125.jpeg 167w\" sizes=\"auto, (max-width: 1024px) 100vw, 1024px\" \/><div class=\"wp-block-cover__inner-container\">\n<p class=\"has-text-align-center wp-block-paragraph has-large-font-size\"><\/p>\n<\/div><\/div>\n\n\n<div id=\"block_5cb5dccb0d3c0\" class=\"ms_breadcrumbs\">\n            <style>@media screen and (max-width: 39.9375em){#block_5cb5dccb0d3c0{margin-bottom:1rem;padding-top:1rem;padding-bottom:1rem;}}@media screen and (min-width: 40em) and (max-width: 63.9375em){#block_5cb5dccb0d3c0{margin-bottom:1rem;padding-top:1rem;padding-bottom:1rem;}}@media screen and (min-width: 64em){#block_5cb5dccb0d3c0{margin-bottom:1rem;padding-top:1rem;padding-bottom:1rem;}}<\/style>\n        <div class=\"container\">\n        <ul id=\"breadcrumbs\" class=\"breadcrumbs\" itemscope itemtype=\"http:\/\/schema.org\/BreadcrumbList\"><li itemprop=\"itemListElement\" itemscope itemtype=\"http:\/\/schema.org\/ListItem\"><a class=\"breadcrumbs__link\" href=\"https:\/\/zeilmakerijdevriesmaritiem.nl\/de\/\" itemprop=\"item\" title=\"Startseite\"><span itemprop=\"name\" style=\"display: none;\">Startseite<\/span>Startseite<\/a><meta itemprop=\"position\" content=\"1\" \/><\/li><\/ul><!-- .breadcrumbs -->\n    <\/div>\n<\/div>\n\n\n\n<div class=\"wp-block-columns has-2-columns\">\n<div class=\"wp-block-column is-one-third\"><div class=\"ms_sidemenu\" style=\"margin-bottom: 1rem; padding-bottom: 2.5rem;\">\n            <div class=\"box\">\n            <div class=\"pages-list\"><a href='https:\/\/zeilmakerijdevriesmaritiem.nl\/de\/motorboot\/kruiser\/'>Kreuzer <span class='iconify text-secondary' data-icon='far:caret-right'><\/span><\/a><\/div><div class=\"pages-list\"><a href='https:\/\/zeilmakerijdevriesmaritiem.nl\/de\/motorboot\/sloep\/'>Schaluppe <span class='iconify text-secondary' data-icon='far:caret-right'><\/span><\/a><ul class=\"icon-ul\"><li><span class='icon-li'><span class='iconify text-secondary' data-icon='far:chevron-right'><\/span><\/span><a href='https:\/\/zeilmakerijdevriesmaritiem.nl\/de\/motorboot\/sloep\/buiskap-sloep\/'>Rohrdeckel Schaluppe<\/a><\/li><\/ul><\/div><div class=\"pages-list\"><a href='https:\/\/zeilmakerijdevriesmaritiem.nl\/de\/motorboot\/speedboot\/'>Schnellboot <span class='iconify text-secondary' data-icon='far:caret-right'><\/span><\/a><\/div><div class=\"pages-list\"><a href='https:\/\/zeilmakerijdevriesmaritiem.nl\/de\/motorboot\/visboot\/'>Fischerboot <span class='iconify text-secondary' data-icon='far:caret-right'><\/span><\/a><\/div>\n        <\/div>\n                <div class=\"usps\">\n                            <div class=\"usp\">\n                    <p class=\"title\">Fast 200 Jahre Erfahrung<\/p>\n                                    <\/div>\n                            <div class=\"usp\">\n                    <p class=\"title\">Eigener Hafen in Lemmer<\/p>\n                                    <\/div>\n                            <div class=\"usp\">\n                    <p class=\"title\">Unsere Leute segeln selbst: in der Freizeit und im Wettkampf<\/p>\n                                    <\/div>\n                    <\/div>\n    <\/div>\n<\/div>\n\n\n\n<div class=\"wp-block-column is-two-thirds\">\n<h1 class=\"wp-block-heading\">Motorboot<\/h1>\n\n\n\n<p class=\"wp-block-paragraph\">Ein Motorboot gibt Ihnen oft sofort ein entspanntes Gef\u00fchl, wenn Sie an Bord gehen. Die Freiheit, auf dem Wasser zu leben, dorthin zu gehen, wo man will. Entz\u00fcckend! Um Ihr Boot in gutem Zustand zu halten, ist es wichtig, regelm\u00e4\u00dfig die notwendigen Wartungsarbeiten durchzuf\u00fchren. <\/p>\n\n\n\n<h2 class=\"wp-block-heading\">Bootspersenning und Segel f\u00fcr Motorboote<\/h2>\n\n\n\n<p class=\"wp-block-paragraph\">Bootszelte sind f\u00fcr Motorboote sehr wichtig. Sie sch\u00fctzen sowohl das \u00c4u\u00dfere als auch das Innere Ihres Bootes vor Witterungseinfl\u00fcssen. <\/p>\n\n\n\n<h2 class=\"wp-block-heading\">Produktion in den Niederlanden und Lieferung im ganzen Land<\/h2>\n\n\n\n<p class=\"wp-block-paragraph\">Wir helfen Ihnen gerne bei der Suche nach den richtigen Planenprodukten: Cabriozelte, Cockpitzelte, Heckzelte, Winterplanen... wir stellen sie in unserer eigenen Produktionsst\u00e4tte in Lemmer her. Sie k\u00f6nnen Ihr Boot zu uns in den Hafen von Lemmer bringen, damit wir die Vermessung und Einstellung schnell durchf\u00fchren k\u00f6nnen. Unsere Handwerker garantieren eine Produktion von bester Qualit\u00e4t.<\/p>\n\n\n\n<h2 class=\"wp-block-heading\">Besichtigung Ihres Schiffes<\/h2>\n\n\n\n<p class=\"wp-block-paragraph\">Nat\u00fcrlich k\u00f6nnen wir Ihr Boot auch vor Ort besuchen. Alles ist verhandelbar! <\/p>\n\n\n\n<h2 class=\"wp-block-heading\">Bootszelt f\u00fcr alle Arten von Motorbooten<\/h2>\n\n\n\n<p class=\"wp-block-paragraph\">Wir liefern Produkte f\u00fcr alle Arten von Motorbooten. Kreuzer, Beiboot, Kaj\u00fctboot, Schaluppe, Schnellboot, Sportkreuzer, Fischerboot... kein Wunsch oder Produkt ist uns zu verr\u00fcckt!<\/p>\n\n\n\n<h2 class=\"wp-block-heading\">Mehr Platz an Bord<\/h2>\n\n\n\n<p class=\"wp-block-paragraph\">Das Leben auf dem Wasser l\u00e4nger genie\u00dfen? Mit einem Carbriolet-Zelt schaffen Sie mehr Platz an Bord und sch\u00fctzen sich und Ihr Boot besser vor dem Wetter. Im Bereich der Cabriozelte gibt es viele M\u00f6glichkeiten. Normalerweise wird das Zelt auf einem zweiteiligen 25-mm-Edelstahlrahmen montiert. Bei der Gestaltung gibt es verschiedene M\u00f6glichkeiten:<\/p>\n\n\n\n<ul class=\"wp-block-list m-l-3\"><li>Alles kann in einem St\u00fcck abgezippt werden<\/li><li>Seitenw\u00e4nde und R\u00fcckwand k\u00f6nnen separat abgezippt werden<\/li><li>Seiten- und R\u00fcckw\u00e4nde versenkbar<\/li><li>Verl\u00e4ngertes Bimini f\u00fcr das Achterdeck<\/li><li>R\u00fcckwand unterteilt in 1, 2 oder 3 Felder<\/li><li>Netz oder Folie f\u00fcr Seite oder R\u00fcckseite<\/li><\/ul>\n\n\n\n<h2 class=\"wp-block-heading\">Ihr Motorboot ist beim Transport besser gesch\u00fctzt<\/h2>\n\n\n\n<p class=\"wp-block-paragraph\">Bei uns finden Sie auch die richtige Plane f\u00fcr den Schutz Ihres Motorboots w\u00e4hrend des Transports oder im Winterlager. K\u00f6nnen Ihre derzeitigen Produkte noch verwendet werden und m\u00f6chten Sie sie reparieren lassen? Sie k\u00f6nnen unsere Werkstatt gerne besuchen.<\/p>\n\n\n\n<blockquote class=\"wp-block-quote\"><p>Mit unseren Bootszelten f\u00fcr Motorboote schaffen wir zus\u00e4tzlichen Platz und Schutz f\u00fcr Ihr wertvolles Boot. <\/p><\/blockquote>\n\n\n\n<figure class=\"wp-block-image\"><img loading=\"lazy\" decoding=\"async\" width=\"1024\" height=\"768\" src=\"https:\/\/zeilmakerijdevriesmaritiem.nl\/wp-content\/uploads\/2019\/06\/WhatsApp-Image-2019-05-07-at-12.41.10-1024x768.jpeg\" alt=\"\" class=\"wp-image-1548\" srcset=\"https:\/\/zeilmakerijdevriesmaritiem.nl\/wp-content\/uploads\/2019\/06\/WhatsApp-Image-2019-05-07-at-12.41.10-1024x768.jpeg 1024w, https:\/\/zeilmakerijdevriesmaritiem.nl\/wp-content\/uploads\/2019\/06\/WhatsApp-Image-2019-05-07-at-12.41.10-200x150.jpeg 200w, https:\/\/zeilmakerijdevriesmaritiem.nl\/wp-content\/uploads\/2019\/06\/WhatsApp-Image-2019-05-07-at-12.41.10-300x225.jpeg 300w, https:\/\/zeilmakerijdevriesmaritiem.nl\/wp-content\/uploads\/2019\/06\/WhatsApp-Image-2019-05-07-at-12.41.10-768x576.jpeg 768w, https:\/\/zeilmakerijdevriesmaritiem.nl\/wp-content\/uploads\/2019\/06\/WhatsApp-Image-2019-05-07-at-12.41.10-366x275.jpeg 366w, https:\/\/zeilmakerijdevriesmaritiem.nl\/wp-content\/uploads\/2019\/06\/WhatsApp-Image-2019-05-07-at-12.41.10-1166x875.jpeg 1166w, https:\/\/zeilmakerijdevriesmaritiem.nl\/wp-content\/uploads\/2019\/06\/WhatsApp-Image-2019-05-07-at-12.41.10-167x125.jpeg 167w, https:\/\/zeilmakerijdevriesmaritiem.nl\/wp-content\/uploads\/2019\/06\/WhatsApp-Image-2019-05-07-at-12.41.10.jpeg 1600w\" sizes=\"auto, (max-width: 1024px) 100vw, 1024px\" \/><\/figure>\n<\/div>\n<\/div>\n\n\n\n<div id=\"ms-container-143b5ea\" class=\"wp-block-ms-container alignfull has-height-normal\"><div class=\"ms-container--wrapper alignnormal\"><\/div><style>#ms-container-143b5ea.has-background:before {\n\tbackground-color: transparent;\n}\n<\/style><\/div>\n\n\n\n<div id=\"ms-container-bbcfe11\" class=\"wp-block-ms-container alignfull has-height-normal\"><div class=\"ms-container--wrapper alignnormal\">\n<div id=\"ms-container-1de3f37\" class=\"wp-block-ms-container alignfull has-background has-background-opacity-10 has-height-normal\"><div class=\"ms-container--wrapper alignnormal\"><\/div><style>#ms-container-1de3f37.has-background:before {\n\tbackground-color: #002b50;\n}\n \n@media screen and (max-width: 39.9375em) {\n\t#ms-container-1de3f37 {\n\t\tpadding-top: 3.5rem;\n\t\tpadding-bottom: 3.5rem;\n\n\t}\n}\n\n@media screen and (min-width: 40em) and (max-width: 63.9375em) {\n\t#ms-container-1de3f37 {\n\t\tpadding-top: 7rem;\n\t\tpadding-bottom: 7rem;\n\n\t}\n}\n\n@media screen and (min-width: 64em) {\n\t#ms-container-1de3f37 {\n\t\tpadding-top: 7rem;\n\t\tpadding-bottom: 7rem;\n\n\t}\n}<\/style><\/div>\n<\/div><style>#ms-container-bbcfe11.has-background:before {\n\tbackground-color: transparent;\n}\n<\/style><\/div>","protected":false},"excerpt":{"rendered":"<p>Motorboot Ein Motorboot vermittelt Ihnen oft sofort ein entspanntes Gef\u00fchl, wenn Sie an Bord gehen. Die Freiheit, auf dem Wasser zu leben, dorthin zu gehen, wo man will. Entz\u00fcckend! Um Ihr Boot in gutem Zustand zu halten, ist es wichtig, regelm\u00e4\u00dfig die notwendigen Wartungsarbeiten durchzuf\u00fchren. Zelte und Abdeckplanen f\u00fcr Motorboote...<\/p>","protected":false},"author":1,"featured_media":1928,"parent":0,"menu_order":0,"comment_status":"closed","ping_status":"closed","template":"","meta":{"_acf_changed":false,"_joinchat":[],"footnotes":""},"smart_tag":[],"class_list":["post-13","page","type-page","status-publish","has-post-thumbnail","hentry","entry"],"acf":[],"yoast_head":"<!-- This site is optimized with the Yoast SEO plugin v27.1.1 - https:\/\/yoast.com\/product\/yoast-seo-wordpress\/ -->\n<title>Alles voor uw motorboot bij Zeilmakerij De Vries Maritiem<\/title>\n<meta name=\"description\" content=\"Op zoek naar een boottent of bootzeil voor uw motorboot? Wij helpen graag met alles voor uw kruiser, kajuitboot, sloep, speedboot, sportcruiser, of visboot.\" \/>\n<meta name=\"robots\" content=\"index, follow, max-snippet:-1, max-image-preview:large, max-video-preview:-1\" \/>\n<link rel=\"canonical\" href=\"https:\/\/zeilmakerijdevriesmaritiem.nl\/de\/motorboot\/\" \/>\n<meta property=\"og:locale\" content=\"de_DE\" \/>\n<meta property=\"og:type\" content=\"article\" \/>\n<meta property=\"og:title\" content=\"Alles voor uw motorboot bij Zeilmakerij De Vries Maritiem\" \/>\n<meta property=\"og:description\" content=\"Op zoek naar een boottent of bootzeil voor uw motorboot? Wij helpen graag met alles voor uw kruiser, kajuitboot, sloep, speedboot, sportcruiser, of visboot.\" \/>\n<meta property=\"og:url\" content=\"https:\/\/zeilmakerijdevriesmaritiem.nl\/de\/motorboot\/\" \/>\n<meta property=\"og:site_name\" content=\"De Vries Maritiem\" \/>\n<meta property=\"article:modified_time\" content=\"2021-07-27T14:33:12+00:00\" \/>\n<meta property=\"og:image\" content=\"https:\/\/zeilmakerijdevriesmaritiem.nl\/wp-content\/uploads\/2019\/06\/WhatsApp-Image-2019-06-03-at-23.03.33.jpeg\" \/>\n\t<meta property=\"og:image:width\" content=\"1024\" \/>\n\t<meta property=\"og:image:height\" content=\"768\" \/>\n\t<meta property=\"og:image:type\" content=\"image\/jpeg\" \/>\n<meta name=\"twitter:card\" content=\"summary_large_image\" \/>\n<meta name=\"twitter:label1\" content=\"Gesch\u00e4tzte Lesezeit\" \/>\n\t<meta name=\"twitter:data1\" content=\"2\u00a0Minuten\" \/>\n<script type=\"application\/ld+json\" class=\"yoast-schema-graph\">{\"@context\":\"https:\/\/schema.org\",\"@graph\":[{\"@type\":\"WebPage\",\"@id\":\"https:\/\/zeilmakerijdevriesmaritiem.nl\/motorboot\/\",\"url\":\"https:\/\/zeilmakerijdevriesmaritiem.nl\/motorboot\/\",\"name\":\"Alles voor uw motorboot bij Zeilmakerij De Vries Maritiem\",\"isPartOf\":{\"@id\":\"https:\/\/zeilmakerijdevriesmaritiem.nl\/#website\"},\"primaryImageOfPage\":{\"@id\":\"https:\/\/zeilmakerijdevriesmaritiem.nl\/motorboot\/#primaryimage\"},\"image\":{\"@id\":\"https:\/\/zeilmakerijdevriesmaritiem.nl\/motorboot\/#primaryimage\"},\"thumbnailUrl\":\"https:\/\/zeilmakerijdevriesmaritiem.nl\/wp-content\/uploads\/2019\/06\/WhatsApp-Image-2019-06-03-at-23.03.33.jpeg\",\"datePublished\":\"2019-04-03T13:01:54+00:00\",\"dateModified\":\"2021-07-27T14:33:12+00:00\",\"description\":\"Op zoek naar een boottent of bootzeil voor uw motorboot? Wij helpen graag met alles voor uw kruiser, kajuitboot, sloep, speedboot, sportcruiser, of visboot.\",\"breadcrumb\":{\"@id\":\"https:\/\/zeilmakerijdevriesmaritiem.nl\/motorboot\/#breadcrumb\"},\"inLanguage\":\"de\",\"potentialAction\":[{\"@type\":\"ReadAction\",\"target\":[\"https:\/\/zeilmakerijdevriesmaritiem.nl\/motorboot\/\"]}]},{\"@type\":\"ImageObject\",\"inLanguage\":\"de\",\"@id\":\"https:\/\/zeilmakerijdevriesmaritiem.nl\/motorboot\/#primaryimage\",\"url\":\"https:\/\/zeilmakerijdevriesmaritiem.nl\/wp-content\/uploads\/2019\/06\/WhatsApp-Image-2019-06-03-at-23.03.33.jpeg\",\"contentUrl\":\"https:\/\/zeilmakerijdevriesmaritiem.nl\/wp-content\/uploads\/2019\/06\/WhatsApp-Image-2019-06-03-at-23.03.33.jpeg\",\"width\":1024,\"height\":768},{\"@type\":\"BreadcrumbList\",\"@id\":\"https:\/\/zeilmakerijdevriesmaritiem.nl\/motorboot\/#breadcrumb\",\"itemListElement\":[{\"@type\":\"ListItem\",\"position\":1,\"name\":\"Home\",\"item\":\"https:\/\/zeilmakerijdevriesmaritiem.nl\/\"},{\"@type\":\"ListItem\",\"position\":2,\"name\":\"Motorboot\"}]},{\"@type\":\"WebSite\",\"@id\":\"https:\/\/zeilmakerijdevriesmaritiem.nl\/#website\",\"url\":\"https:\/\/zeilmakerijdevriesmaritiem.nl\/\",\"name\":\"De Vries Maritiem\",\"description\":\"\",\"potentialAction\":[{\"@type\":\"SearchAction\",\"target\":{\"@type\":\"EntryPoint\",\"urlTemplate\":\"https:\/\/zeilmakerijdevriesmaritiem.nl\/?s={search_term_string}\"},\"query-input\":{\"@type\":\"PropertyValueSpecification\",\"valueRequired\":true,\"valueName\":\"search_term_string\"}}],\"inLanguage\":\"de\"}]}<\/script>\n<!-- \/ Yoast SEO plugin. -->","yoast_head_json":{"title":"Alles f\u00fcr Ihr Motorboot bei Zeilmakerij De Vries Maritiem","description":"Sind Sie auf der Suche nach einem Bootszelt oder Segeltuch f\u00fcr Ihr Motorboot? Wir helfen Ihnen gerne bei allen Fragen rund um Ihr Kreuzfahrtschiff, Kaj\u00fctboot, Ihre Schaluppe, Ihr Schnellboot, Ihren Sportkreuzer oder Ihr Fischerboot.","robots":{"index":"index","follow":"follow","max-snippet":"max-snippet:-1","max-image-preview":"max-image-preview:large","max-video-preview":"max-video-preview:-1"},"canonical":"https:\/\/zeilmakerijdevriesmaritiem.nl\/de\/motorboot\/","og_locale":"de_DE","og_type":"article","og_title":"Alles voor uw motorboot bij Zeilmakerij De Vries Maritiem","og_description":"Op zoek naar een boottent of bootzeil voor uw motorboot? Wij helpen graag met alles voor uw kruiser, kajuitboot, sloep, speedboot, sportcruiser, of visboot.","og_url":"https:\/\/zeilmakerijdevriesmaritiem.nl\/de\/motorboot\/","og_site_name":"De Vries Maritiem","article_modified_time":"2021-07-27T14:33:12+00:00","og_image":[{"width":1024,"height":768,"url":"https:\/\/zeilmakerijdevriesmaritiem.nl\/wp-content\/uploads\/2019\/06\/WhatsApp-Image-2019-06-03-at-23.03.33.jpeg","type":"image\/jpeg"}],"twitter_card":"summary_large_image","twitter_misc":{"Gesch\u00e4tzte Lesezeit":"2\u00a0Minuten"},"schema":{"@context":"https:\/\/schema.org","@graph":[{"@type":"WebPage","@id":"https:\/\/zeilmakerijdevriesmaritiem.nl\/motorboot\/","url":"https:\/\/zeilmakerijdevriesmaritiem.nl\/motorboot\/","name":"Alles f\u00fcr Ihr Motorboot bei Zeilmakerij De Vries Maritiem","isPartOf":{"@id":"https:\/\/zeilmakerijdevriesmaritiem.nl\/#website"},"primaryImageOfPage":{"@id":"https:\/\/zeilmakerijdevriesmaritiem.nl\/motorboot\/#primaryimage"},"image":{"@id":"https:\/\/zeilmakerijdevriesmaritiem.nl\/motorboot\/#primaryimage"},"thumbnailUrl":"https:\/\/zeilmakerijdevriesmaritiem.nl\/wp-content\/uploads\/2019\/06\/WhatsApp-Image-2019-06-03-at-23.03.33.jpeg","datePublished":"2019-04-03T13:01:54+00:00","dateModified":"2021-07-27T14:33:12+00:00","description":"Sind Sie auf der Suche nach einem Bootszelt oder Segeltuch f\u00fcr Ihr Motorboot? Wir helfen Ihnen gerne bei allen Fragen rund um Ihr Kreuzfahrtschiff, Kaj\u00fctboot, Ihre Schaluppe, Ihr Schnellboot, Ihren Sportkreuzer oder Ihr Fischerboot.","breadcrumb":{"@id":"https:\/\/zeilmakerijdevriesmaritiem.nl\/motorboot\/#breadcrumb"},"inLanguage":"de","potentialAction":[{"@type":"ReadAction","target":["https:\/\/zeilmakerijdevriesmaritiem.nl\/motorboot\/"]}]},{"@type":"ImageObject","inLanguage":"de","@id":"https:\/\/zeilmakerijdevriesmaritiem.nl\/motorboot\/#primaryimage","url":"https:\/\/zeilmakerijdevriesmaritiem.nl\/wp-content\/uploads\/2019\/06\/WhatsApp-Image-2019-06-03-at-23.03.33.jpeg","contentUrl":"https:\/\/zeilmakerijdevriesmaritiem.nl\/wp-content\/uploads\/2019\/06\/WhatsApp-Image-2019-06-03-at-23.03.33.jpeg","width":1024,"height":768},{"@type":"BreadcrumbList","@id":"https:\/\/zeilmakerijdevriesmaritiem.nl\/motorboot\/#breadcrumb","itemListElement":[{"@type":"ListItem","position":1,"name":"Home","item":"https:\/\/zeilmakerijdevriesmaritiem.nl\/"},{"@type":"ListItem","position":2,"name":"Motorboot"}]},{"@type":"WebSite","@id":"https:\/\/zeilmakerijdevriesmaritiem.nl\/#website","url":"https:\/\/zeilmakerijdevriesmaritiem.nl\/","name":"De Vries Maritiem","description":"","potentialAction":[{"@type":"SearchAction","target":{"@type":"EntryPoint","urlTemplate":"https:\/\/zeilmakerijdevriesmaritiem.nl\/?s={search_term_string}"},"query-input":{"@type":"PropertyValueSpecification","valueRequired":true,"valueName":"search_term_string"}}],"inLanguage":"de"}]}},"_links":{"self":[{"href":"https:\/\/zeilmakerijdevriesmaritiem.nl\/de\/wp-json\/wp\/v2\/pages\/13","targetHints":{"allow":["GET"]}}],"collection":[{"href":"https:\/\/zeilmakerijdevriesmaritiem.nl\/de\/wp-json\/wp\/v2\/pages"}],"about":[{"href":"https:\/\/zeilmakerijdevriesmaritiem.nl\/de\/wp-json\/wp\/v2\/types\/page"}],"author":[{"embeddable":true,"href":"https:\/\/zeilmakerijdevriesmaritiem.nl\/de\/wp-json\/wp\/v2\/users\/1"}],"replies":[{"embeddable":true,"href":"https:\/\/zeilmakerijdevriesmaritiem.nl\/de\/wp-json\/wp\/v2\/comments?post=13"}],"version-history":[{"count":19,"href":"https:\/\/zeilmakerijdevriesmaritiem.nl\/de\/wp-json\/wp\/v2\/pages\/13\/revisions"}],"predecessor-version":[{"id":5230,"href":"https:\/\/zeilmakerijdevriesmaritiem.nl\/de\/wp-json\/wp\/v2\/pages\/13\/revisions\/5230"}],"wp:featuredmedia":[{"embeddable":true,"href":"https:\/\/zeilmakerijdevriesmaritiem.nl\/de\/wp-json\/wp\/v2\/media\/1928"}],"wp:attachment":[{"href":"https:\/\/zeilmakerijdevriesmaritiem.nl\/de\/wp-json\/wp\/v2\/media?parent=13"}],"wp:term":[{"taxonomy":"smart_tag","embeddable":true,"href":"https:\/\/zeilmakerijdevriesmaritiem.nl\/de\/wp-json\/wp\/v2\/smart_tag?post=13"}],"curies":[{"name":"wp","href":"https:\/\/api.w.org\/{rel}","templated":true}]}}